{"id":7933,"date":"2019-06-24T14:47:39","date_gmt":"2019-06-24T12:47:39","guid":{"rendered":"https:\/\/minesup.gov.cm\/?page_id=7933"},"modified":"2019-06-24T14:47:39","modified_gmt":"2019-06-24T12:47:39","slug":"institut-superieur-mingole-ism","status":"publish","type":"page","link":"https:\/\/www.minesup.gov.cm\/index.php\/region-du-littoral\/institut-superieur-mingole-ism\/","title":{"rendered":"Institut Sup\u00e9rieur MINGOLE (ISM)"},"content":{"rendered":"<p><strong>INFORMATIONS D\u2019IDENTIFICATION<\/strong><\/p>\n<p><strong>Nom de l\u2019institution\u00a0<\/strong>: <strong>Institut Sup\u00e9rieur MINGOLE (ISM)<\/strong><br \/>\n<strong>Nom du promoteur<\/strong>\u00a0: <strong>MINGOLE Manfred<\/strong><br \/>\n<strong>R\u00e9gion\u00a0<\/strong>: Littoral<br \/>\n<strong>D\u00e9partement\u00a0<\/strong>: Wouri<br \/>\n<strong>Arrondissement\u00a0<\/strong>: Douala 2<sup>\u00e8me<\/sup><br \/>\n<strong>Site de localisation\u00a0<\/strong>: Deido<br \/>\n<strong>Adresse postale<\/strong>\u00a0:\u00a0 8351 Douala<br \/>\n<strong>T\u00e9l\u00e9phone\u00a0<\/strong>: 33 40 35 35\u00a0 \/\u00a0 33 40 65 81 \/ 699 92 88 98<\/p>\n<p><strong>Email<\/strong>\u00a0:<br \/>\n<strong>Site web<\/strong>\u00a0:<br \/>\n<strong>Adresse dans les r\u00e9seaux sociaux\u00a0<\/strong>:<\/p>\n<p><strong>INFORMATIONS SUR LE STATUT D\u2019ACCR\u00c9DITATION<\/strong><\/p>\n<p><strong>Arr\u00eat\u00e9s portant cr\u00e9ation <\/strong>: N\u00b006\/0049\/MINESUP du 02 juin 2006<strong>.<\/strong><\/p>\n<p><strong>Autorisation d\u2019ouverture<\/strong>\u00a0: N\u00b007\/0018\/MINESUP du 26 f\u00e9vrier\u00a0 2007<\/p>\n<p><strong>FILI\u00c8RES, SP\u00c9CIALIT\u00c9S ET DIPL\u00d4MES AUTORIS\u00c9S<\/strong><\/p>\n<p><strong><u>ANCIEN REGIME<\/u><\/strong><\/p>\n<ul>\n<li><strong>BTS<\/strong><\/li>\n<\/ul>\n<p><strong><u>Fili\u00e8re\u00a01<\/u><\/strong><strong> : Commerciale et de Gestion<\/strong><\/p>\n<p><strong><u>Sp\u00e9cialit\u00e9s<\/u><\/strong>\u00a0: Comptabilit\u00e9 et Gestion des Entreprises\u00a0\u00a0&#8211; Informatique de Gestion\u00a0&#8211; Commerce International\u00a0&#8211;\u00a0 Action Commerciale- Secr\u00e9tariat et Bureautique (<em><u>Options<\/u><\/em><strong>\u00a0: <\/strong>Secr\u00e9tariat de Direction\u00a0; Secr\u00e9tariat Bureautique Bilingue) &#8211; Banque.<\/p>\n<p><u>Fili\u00e8re\u00a02<\/u> : Industrielle et Technologique<\/p>\n<p><strong><u>Sp\u00e9cialit\u00e9s<\/u><\/strong> : G\u00e9nie Electrique (<em><u>Options<\/u><\/em>\u00a0: Electronique, Electrotechnique) &#8211; Maintenance des Syst\u00e8mes Informatiques &#8211; Informatique Industrielle.<\/p>\n<p><u>Fili\u00e8re\u00a03<\/u> : Communication<\/p>\n<p><strong><u>Sp\u00e9cialit\u00e9<\/u><\/strong>\u00a0: Information-Communication<strong> (<\/strong><em><u>Option<\/u><\/em><strong>\u00a0<\/strong>: Communication d\u2019Entreprise\u00a0; Journalisme).<\/p>\n<p><strong>\u00a0<\/strong><strong>DSEP<\/strong><\/p>\n<p><strong><u>Fili\u00e8res<\/u><\/strong><strong>\u00a0:<\/strong><strong> Finances et Comptabilit\u00e9<\/strong> &#8211; <strong>Marketing, Commerce et Vente.<\/strong><\/p>\n","protected":false},"excerpt":{"rendered":"<p>&#46;&#46;&#46;<\/p>\n","protected":false},"author":2,"featured_media":0,"parent":1743,"menu_order":0,"comment_status":"closed","ping_status":"closed","template":"","meta":[],"_links":{"self":[{"href":"https:\/\/www.minesup.gov.cm\/index.php\/wp-json\/wp\/v2\/pages\/7933"}],"collection":[{"href":"https:\/\/www.minesup.gov.cm\/index.php\/wp-json\/wp\/v2\/pages"}],"about":[{"href":"https:\/\/www.minesup.gov.cm\/index.php\/wp-json\/wp\/v2\/types\/page"}],"author":[{"embeddable":true,"href":"https:\/\/www.minesup.gov.cm\/index.php\/wp-json\/wp\/v2\/users\/2"}],"replies":[{"embeddable":true,"href":"https:\/\/www.minesup.gov.cm\/index.php\/wp-json\/wp\/v2\/comments?post=7933"}],"version-history":[{"count":0,"href":"https:\/\/www.minesup.gov.cm\/index.php\/wp-json\/wp\/v2\/pages\/7933\/revisions"}],"up":[{"embeddable":true,"href":"https:\/\/www.minesup.gov.cm\/index.php\/wp-json\/wp\/v2\/pages\/1743"}],"wp:attachment":[{"href":"https:\/\/www.minesup.gov.cm\/index.php\/wp-json\/wp\/v2\/media?parent=7933"}],"curies":[{"name":"wp","href":"https:\/\/api.w.org\/{rel}","templated":true}]}}