{"id":7939,"date":"2019-06-24T14:57:09","date_gmt":"2019-06-24T12:57:09","guid":{"rendered":"https:\/\/minesup.gov.cm\/?page_id=7939"},"modified":"2019-06-24T14:57:09","modified_gmt":"2019-06-24T12:57:09","slug":"institut-universitaire-catholique-saint-jerome-de-douala-iucsjd-archidiocese-de-douala","status":"publish","type":"page","link":"https:\/\/www.minesup.gov.cm\/index.php\/region-du-littoral\/institut-universitaire-catholique-saint-jerome-de-douala-iucsjd-archidiocese-de-douala\/","title":{"rendered":"Institut Universitaire Catholique Saint J\u00e9r\u00f4me de Douala (IUCSJD) Archidioc\u00e8se de Douala"},"content":{"rendered":"<p><strong>INFORMATIONS D\u2019IDENTIFICATION<\/strong><\/p>\n<p><strong>Nom de l\u2019institution\u00a0<\/strong>: <strong>Institut Universitaire Catholique Saint J\u00e9r\u00f4me de Douala<\/strong> <strong>(IUCSJD)<\/strong> Archidioc\u00e8se de Douala<\/p>\n<p><strong>Nom du promoteur<\/strong>\u00a0: <strong>Mgr KLEDA Samuel<\/strong><br \/>\n<strong>R\u00e9gion\u00a0<\/strong>: Littoral<br \/>\n<strong>D\u00e9partement\u00a0<\/strong>: Wouri<br \/>\n<strong>Arrondissement\u00a0<\/strong>: Douala 1<sup>er<\/sup><br \/>\n<strong>Site de localisation\u00a0<\/strong>: Akwa<br \/>\n<strong>Adresse postale<\/strong>\u00a0: 179 Douala<br \/>\n<strong>T\u00e9l\u00e9phone\u00a0<\/strong>: 33 42 37 14 \/ 695 53 96 29<br \/>\n<strong>Fax<\/strong>\u00a0: 33 43 18 37<\/p>\n<p><strong>Email<\/strong>\u00a0:<br \/>\n<strong>Site web<\/strong>\u00a0:<br \/>\n<strong>Adresse dans les r\u00e9seaux sociaux\u00a0<\/strong>:<\/p>\n<p><strong>INFORMATIONS SUR LE STATUT D\u2019ACCR\u00c9DITATION<\/strong><\/p>\n<p><strong>Arr\u00eat\u00e9s portant cr\u00e9ation <\/strong>: N\u00b012\/0364\/MINESUP du 16 ao\u00fbt 2012<\/p>\n<p><strong>Autorisation d\u2019ouverture<\/strong>\u00a0: N\u00b014\/0389\/MINESUP\/SG\/DDES\/ du 04 juillet 2014<\/p>\n<p><strong>FILI\u00c8RES, SP\u00c9CIALIT\u00c9S ET DIPL\u00d4MES AUTORIS\u00c9S<\/strong><\/p>\n<p><strong><u>FORMATIONS SOUS TUTELLES<\/u><\/strong><\/p>\n<ul>\n<li><strong>Licence et Master Professionnels de l\u2019Universit\u00e9 de Douala<\/strong><\/li>\n<\/ul>\n<p><strong><u>Fili\u00e8re 1<\/u><\/strong><strong>\u00a0: <\/strong><strong>Sciences Religieuses<\/strong><\/p>\n<p><strong><u>Sp\u00e9cialit\u00e9<\/u><\/strong><strong>\u00a0<\/strong>: Th\u00e9ologie &#8211; Sciences Bibliques.<\/p>\n<p><strong><u>Fili\u00e8re 2<\/u><\/strong><strong>\u00a0: <\/strong><strong>Sciences Sociales<\/strong><\/p>\n<p><strong><u>Sp\u00e9cialit\u00e9<\/u><\/strong><strong>\u00a0<\/strong>: Sciences de l\u2019Education &#8211; Droits de l\u2019Homme et Action Humanitaire<\/p>\n<p><strong>\u00a0<\/strong><strong>Capacit\u00e9 sous la tutelle acad\u00e9mique de l\u2019Universit\u00e9 de Ngaound\u00e9r\u00e9<\/strong><\/p>\n<p><strong><u>Fili\u00e8re<\/u><\/strong><strong>\u00a0: <\/strong><strong>Droit et Economie<\/strong><\/p>\n<ul>\n<li><strong>Licence et Master Professionnels de <\/strong><strong>l\u2019Universit\u00e9 de Ngaound\u00e9r\u00e9<\/strong><\/li>\n<\/ul>\n<p><strong><u>Fili\u00e8re<\/u><\/strong><strong>\u00a0: Gouvernance en Gestion Publique<\/strong><\/p>\n<ul>\n<li><strong>Licence Professionnelle de l\u2019Universit\u00e9 de Douala et International ex\u00e9cutive MBA<\/strong><\/li>\n<\/ul>\n<p><strong><u>Fili\u00e8re<\/u><\/strong><strong>\u00a0: <\/strong><strong>Sciences de Gestion<\/strong><\/p>\n<p><strong><u>Sp\u00e9cialit\u00e9s<\/u><\/strong><strong>\u00a0: <\/strong>Gestion &#8211; Marketing et Communication &#8211; Comptabilit\u00e9, Contr\u00f4le et Audit &#8211; Banque et Institution Financi\u00e8re &#8211; Gestion des Ressources Humaines et Responsabilit\u00e9 Sociale de l\u2019Entreprise &#8211; Transaction et Gestion Immobili\u00e8re &#8211; Global Supply Chain Management.<\/p>\n<ul>\n<li><strong>Licence fondamentale sous la tutelle acad\u00e9mique de l\u2019Universit\u00e9 de Ngaound\u00e9r\u00e9<\/strong><\/li>\n<\/ul>\n<p><strong><u>Fili\u00e8re<\/u><\/strong><strong>\u00a0: <\/strong><strong>Sciences de Gestion<\/strong><\/p>\n<p><strong><u>Sp\u00e9cialit\u00e9s<\/u><\/strong><strong>\u00a0: <\/strong>Banque et Institution financi\u00e8re &#8211; Marketing et Communication &#8211; Comptabilit\u00e9, Contr\u00f4le et Audit &#8211; Gestion des Ressources Humaines et Responsabilit\u00e9 Sociale de l\u2019Entreprise &#8211; Transaction et Gestion Immobili\u00e8re &#8211; Global Supply Chain Management.<\/p>\n<ul>\n<li><strong>Master Professionnel de l\u2019Universit\u00e9 de Douala<\/strong><\/li>\n<\/ul>\n<p><strong><u>Fili\u00e8re 1<\/u><\/strong><strong>\u00a0: Sciences Economiques<\/strong><\/p>\n<p><strong><u>Fili\u00e8re 2<\/u><\/strong><strong>\u00a0: Sciences de Gestion<\/strong><\/p>\n<p><strong>\u00a0<\/strong><strong>Master Recherche sous la tutelle acad\u00e9mique de l\u2019Universit\u00e9 de Ngaound\u00e9r\u00e9<\/strong><\/p>\n<p><strong><u>Fili\u00e8re 1<\/u><\/strong><strong>\u00a0: <\/strong><strong>Sciences de Gestion<\/strong><\/p>\n<p><strong><u>Sp\u00e9cialit\u00e9s<\/u><\/strong><strong>\u00a0: <\/strong>Banque et Institution financi\u00e8re &#8211; Marketing et Communication &#8211; Comptabilit\u00e9, Contr\u00f4le et Audit &#8211; Gestion des Ressources Humaines et Responsabilit\u00e9 Sociale de l\u2019Entreprise &#8211; Transaction et Gestion Immobili\u00e8re &#8211; Global Supply Chain Management.<\/p>\n<p><strong><u>Fili\u00e8re 2<\/u><\/strong><strong>\u00a0: Sciences Economiques<\/strong><\/p>\n<p><strong>\u00a0<\/strong><strong>Licence et Master Professionnels\u00a0; Dipl\u00f4me d\u2019Ing\u00e9nieurs sous la tutelle de l\u2019Universit\u00e9 de Ngaound\u00e9r\u00e9<\/strong><\/p>\n<p><strong><u>Fili\u00e8re<\/u><\/strong><strong>\u00a0: <\/strong><strong>G\u00e9nie des Proc\u00e9d\u00e9s<\/strong><\/p>\n<p><strong><u>Sp\u00e9cialit\u00e9s<\/u><\/strong><strong>\u00a0<\/strong>: Agro-industrie &#8211; Chimie Industrielle<\/p>\n<p><strong>\u00a0<\/strong><strong>Licence et Master professionnels\u00a0; Dipl\u00f4me d\u2019Ing\u00e9nieur sous la tutelle de l\u2019Universit\u00e9 de Ngaound\u00e9r\u00e9<\/strong><\/p>\n<p><strong><u>Fili\u00e8re 1<\/u><\/strong><strong>\u00a0: <\/strong><strong>G\u00e9nie Industriel<\/strong><\/p>\n<p><strong><u>Sp\u00e9cialit\u00e9s<\/u><\/strong><strong>\u00a0<\/strong>: G\u00e9nie Logiciel et Syst\u00e8me d\u2019Information &#8211; Automatique M\u00e9catronique et Electronique &#8211; R\u00e9seaux et T\u00e9l\u00e9communication<\/p>\n<p><strong><u>Fili\u00e8re 2<\/u><\/strong><strong>\u00a0: <\/strong><strong>G\u00e9nie Civil<\/strong><\/p>\n<p><strong><u>Sp\u00e9cialit\u00e9s<\/u><\/strong><strong>\u00a0<\/strong>: Travaux Publics &#8211; B\u00e2timents &#8211; Urbanisme et Am\u00e9nagement<\/p>\n<ul>\n<li><strong>Licence et Master professionnels\u00a0sous la tutelle de l\u2019Universit\u00e9 de Douala<\/strong><\/li>\n<\/ul>\n<p><strong><u>Fili\u00e8re<\/u><\/strong><strong>\u00a0: <\/strong><strong>G\u00e9nie Civil<\/strong><\/p>\n<p><strong><u>Sp\u00e9cialit\u00e9s<\/u><\/strong><strong>\u00a0<\/strong>: Travaux Publics &#8211; B\u00e2timents &#8211; Urbanisme et Am\u00e9nagement<\/p>\n<p><strong>\u00a0<\/strong><strong>Licence et Master Professionnels sous la tutelle de l\u2019Universit\u00e9 de Ngaound\u00e9r\u00e9<\/strong><\/p>\n<p><strong>Fili\u00e8re\u00a0: Sciences Biom\u00e9dicales et M\u00e9dico-sanitaires<\/strong><\/p>\n<p><strong>Sp\u00e9cialit\u00e9s<\/strong>\u00a0: Sciences Biom\u00e9dicales &#8211; Radiologie et Imagerie M\u00e9dicale &#8211; Sciences Infirmi\u00e8res.<\/p>\n<ul>\n<li><strong>Licence et Master professionnels\u00a0; Dipl\u00f4me d\u2019Ing\u00e9nieur sous la tutelle de l\u2019Ecole des Mines, de l\u2019Industrie et de la G\u00e9ologie de Niamey (EMIG)<\/strong><\/li>\n<\/ul>\n<p><strong><u>Fili\u00e8re<\/u><\/strong><strong>\u00a0: <\/strong><strong>G\u00e9nie Minier<\/strong><\/p>\n<p><strong><u>Sp\u00e9cialit\u00e9s<\/u><\/strong><strong>\u00a0<\/strong>: Mines et P\u00e9trole &#8211; Energie et Environnement <strong><br \/>\n<\/strong><\/p>\n","protected":false},"excerpt":{"rendered":"<p>&#46;&#46;&#46;<\/p>\n","protected":false},"author":2,"featured_media":0,"parent":1743,"menu_order":0,"comment_status":"closed","ping_status":"closed","template":"","meta":[],"_links":{"self":[{"href":"https:\/\/www.minesup.gov.cm\/index.php\/wp-json\/wp\/v2\/pages\/7939"}],"collection":[{"href":"https:\/\/www.minesup.gov.cm\/index.php\/wp-json\/wp\/v2\/pages"}],"about":[{"href":"https:\/\/www.minesup.gov.cm\/index.php\/wp-json\/wp\/v2\/types\/page"}],"author":[{"embeddable":true,"href":"https:\/\/www.minesup.gov.cm\/index.php\/wp-json\/wp\/v2\/users\/2"}],"replies":[{"embeddable":true,"href":"https:\/\/www.minesup.gov.cm\/index.php\/wp-json\/wp\/v2\/comments?post=7939"}],"version-history":[{"count":0,"href":"https:\/\/www.minesup.gov.cm\/index.php\/wp-json\/wp\/v2\/pages\/7939\/revisions"}],"up":[{"embeddable":true,"href":"https:\/\/www.minesup.gov.cm\/index.php\/wp-json\/wp\/v2\/pages\/1743"}],"wp:attachment":[{"href":"https:\/\/www.minesup.gov.cm\/index.php\/wp-json\/wp\/v2\/media?parent=7939"}],"curies":[{"name":"wp","href":"https:\/\/api.w.org\/{rel}","templated":true}]}}