{"id":7941,"date":"2019-06-24T14:59:28","date_gmt":"2019-06-24T12:59:28","guid":{"rendered":"https:\/\/minesup.gov.cm\/?page_id=7941"},"modified":"2019-06-24T14:59:28","modified_gmt":"2019-06-24T12:59:28","slug":"institut-universitaire-de-la-cote-iuc","status":"publish","type":"page","link":"https:\/\/www.minesup.gov.cm\/index.php\/region-du-littoral\/institut-universitaire-de-la-cote-iuc\/","title":{"rendered":"Institut  Universitaire  de la C\u00f4te (IUC)"},"content":{"rendered":"<p><strong>INFORMATIONS D\u2019IDENTIFICATION<\/strong><\/p>\n<p><strong>Nom de l\u2019institution\u00a0<\/strong>:<strong> Institut\u00a0 Universitaire\u00a0 de la C\u00f4te (IUC)<\/strong><br \/>\n<strong>Nom du promoteur<\/strong>\u00a0: <strong>GUIMEZAP Paul<\/strong><br \/>\n<strong>R\u00e9gion\u00a0<\/strong>: Littoral<br \/>\n<strong>D\u00e9partement\u00a0<\/strong>:Wouri<br \/>\n<strong>Arrondissement\u00a0<\/strong>: Douala 5<sup>\u00e8me<\/sup><br \/>\n<strong>Site de localisation\u00a0<\/strong>: Log Bessou<br \/>\n<strong>Adresse postale<\/strong>\u00a0: 3001 Douala<br \/>\n<strong>T\u00e9l\u00e9phone\u00a0<\/strong>: 33 47 35 99 \/ 699 91 91 92 \/ 699 12 99 33 \/ 696 84 18 49<br \/>\n<strong>Fax<\/strong>\u00a0: 33 47 33 55<\/p>\n<p><strong>Email<\/strong>\u00a0:<br \/>\n<strong>Site web<\/strong>\u00a0:<br \/>\n<strong>Adresse dans les r\u00e9seaux sociaux\u00a0<\/strong>:<\/p>\n<p><strong>INFORMATIONS SUR LE STATUT D\u2019ACCR\u00c9DITATION<\/strong><\/p>\n<p><strong>Arr\u00eat\u00e9s portant cr\u00e9ation <\/strong>: N\u00b002\/0094\/MINESUP\/DDES du 13 septembre 2002.<\/p>\n<p><strong>Autorisation d\u2019ouverture<\/strong>\u00a0: N\u00b002\/0102\/MINESUP\/DDES du 18 septembre 2002<\/p>\n<p><strong>FILI\u00c8RES, SP\u00c9CIALIT\u00c9S ET DIPL\u00d4MES AUTORIS\u00c9S<\/strong><\/p>\n<p><strong><u>ANCIEN REGIME<\/u><\/strong><\/p>\n<ul>\n<li><strong>BTS<\/strong><\/li>\n<\/ul>\n<p><strong><u>Fili\u00e8re 1<\/u><\/strong><strong>\u00a0: Commerciale et de Gestion<\/strong><\/p>\n<p><strong><u>Sp\u00e9cialit\u00e9s<\/u><\/strong><strong>\u00a0<\/strong>: Comptabilit\u00e9 et Gestion des Entreprises\u00a0&#8211; Banque\u00a0&#8211; Informatique de Gestion\u00a0&#8211; Commerce International\u00a0&#8211; Assurances\u00a0&#8211; Action Commerciale &#8211; Transport et Logistique &#8211; Secr\u00e9tariat et Bureautique (<em><u>Options<\/u><\/em><strong>\u00a0<\/strong>: Secr\u00e9tariat de Direction\u00a0; Secr\u00e9tariat Bureautique Bilingue).<\/p>\n<p><strong><u>Fili\u00e8re\u00a02<\/u><\/strong><strong> : Communication<\/strong><\/p>\n<p><strong><u>Sp\u00e9cialit\u00e9<\/u><\/strong><strong>\u00a0<\/strong>: Information-Communication (<em><u>Option<\/u><\/em><strong>\u00a0<\/strong>: Communication d\u2019Entreprise).<\/p>\n<p><strong>\u00a0<\/strong><\/p>\n<ul>\n<li><strong>DSEP<\/strong><\/li>\n<\/ul>\n<p><strong><u>Fili\u00e8re 1<\/u><\/strong><strong>\u00a0: Finance et Comptabilit\u00e9<\/strong><\/p>\n<p><strong><u>Fili\u00e8re 2<\/u><\/strong><strong>\u00a0: Marketing, Commerce Vente<\/strong><\/p>\n<p><strong><u>Fili\u00e8re 3<\/u><\/strong><strong>\u00a0: Gestion des Entreprises et des Administrations<\/strong><\/p>\n<p><strong><u>Sp\u00e9cialit\u00e9<\/u><\/strong> : Ressources Humaines.<\/p>\n<p><strong>\u00a0<\/strong><\/p>\n<ul>\n<li><strong>HND<\/strong><\/li>\n<\/ul>\n<p><strong><u>Fili\u00e8re<\/u><\/strong><strong> : Business, Finance and Management<\/strong><\/p>\n<p><strong><u>Sp\u00e9cialit\u00e9s<\/u><\/strong> : Banking and Finance &#8211; Management &#8211; Marketing &#8211; Accountancy<\/p>\n<p><strong>\u00a0\u00a0\u00a0\u00a0\u00a0\u00a0\u00a0\u00a0\u00a0\u00a0\u00a0\u00a0\u00a0\u00a0\u00a0\u00a0\u00a0\u00a0\u00a0\u00a0\u00a0\u00a0\u00a0\u00a0\u00a0\u00a0\u00a0\u00a0 <\/strong><\/p>\n<p><strong>\u00a0\u00a0\u00a0\u00a0\u00a0\u00a0\u00a0\u00a0\u00a0\u00a0\u00a0\u00a0\u00a0\u00a0\u00a0\u00a0\u00a0\u00a0\u00a0\u00a0\u00a0\u00a0\u00a0\u00a0\u00a0\u00a0\u00a0\u00a0\u00a0\u00a0\u00a0\u00a0\u00a0\u00a0\u00a0\u00a0\u00a0\u00a0 <u>FORMATIONS SOUS TUTELLES<\/u><\/strong><\/p>\n<p><strong><u>\u00a0<\/u><\/strong><\/p>\n<ul>\n<li><strong>Licence Professionnelle de l\u2019Universit\u00e9 de Dschang<\/strong><\/li>\n<\/ul>\n<p><strong><u>Fili\u00e8re\u00a01<\/u> : Commerciale et de Gestion<\/strong><\/p>\n<p><strong><u>Sp\u00e9cialit\u00e9s<\/u><\/strong><strong>\u00a0: <\/strong>Comptabilit\u00e9 et Finance &#8211; Transport et Logistique &#8211; Banque &#8211; Gestion des Ressources Humaines &#8211; Contr\u00f4le et Audit &#8211; Gestion Qualit\u00e9 &#8211; Marketing.<\/p>\n<p>&nbsp;<\/p>\n<ul>\n<li><strong>Master Professionnel de l\u2019Universit\u00e9 de Dschang<\/strong><\/li>\n<\/ul>\n<p><strong><u>Fili\u00e8re\u00a01<\/u> : <\/strong><strong>Finance et Comptabilit\u00e9<\/strong><\/p>\n<p><strong><u>Sp\u00e9cialit\u00e9s<\/u><\/strong> : Fiscalit\u00e9 &#8211; Banque et Finance &#8211; Audit et Contr\u00f4le Financier<\/p>\n<p><strong><u>Fili\u00e8re\u00a02<\/u> : <\/strong><strong>Management des Organisations<\/strong><\/p>\n<p><strong><u>Sp\u00e9cialit\u00e9s<\/u> <\/strong>: Management Logistique et Strat\u00e9gie &#8211; Gestion des Ressources Humaines &#8211; Marketing Communicationnel Publicitaire<strong><u>Fili\u00e8re\u00a01<\/u> : <\/strong><strong>Finance et Comptabilit\u00e9<\/strong><\/p>\n<p><strong><u>Sp\u00e9cialit\u00e9s<\/u><\/strong> : Fiscalit\u00e9 &#8211; Banque et Finance &#8211; Audit et Contr\u00f4le Financier<\/p>\n<p><strong><u>Fili\u00e8re\u00a02<\/u> : <\/strong><strong>Management des Organisations<\/strong><\/p>\n<p><strong><u>Sp\u00e9cialit\u00e9s<\/u><\/strong> : Management Logistique et Strat\u00e9gie &#8211; Gestion des Ressources Humaines &#8211; Marketing Communicationnel Publicitaire<\/p>\n<p><strong>\u00a0\u00a0\u00a0\u00a0\u00a0\u00a0\u00a0\u00a0\u00a0\u00a0\u00a0\u00a0\u00a0\u00a0\u00a0\u00a0\u00a0\u00a0\u00a0\u00a0\u00a0\u00a0\u00a0\u00a0\u00a0\u00a0\u00a0\u00a0\u00a0\u00a0\u00a0\u00a0\u00a0\u00a0\u00a0\u00a0\u00a0\u00a0\u00a0\u00a0\u00a0\u00a0\u00a0\u00a0\u00a0\u00a0\u00a0\u00a0\u00a0\u00a0\u00a0\u00a0\u00a0\u00a0\u00a0\u00a0\u00a0\u00a0\u00a0\u00a0 <u>ANCIEN REGIME<\/u><\/strong><\/p>\n<ul>\n<li><strong>BTS<\/strong><\/li>\n<\/ul>\n<p><u>Fili\u00e8re<\/u>\u00a0: Industrielle et Technologique<\/p>\n<p><strong><u>Sp\u00e9cialit\u00e9s<\/u><\/strong> : G\u00e9nie Electrique (<em><u>Options<\/u><\/em><strong>\u00a0<\/strong>: Electronique, Electrotechnique ; Froid et Climatisation) &#8211; Maintenance des Syst\u00e8mes Informatiques &#8211; Informatique Industrielle &#8211; G\u00e9nie M\u00e9canique (<em><u>Options<\/u><\/em>\u00a0: Fabrication M\u00e9canique\u00a0; Construction M\u00e9canique\u00a0; Maintenance et Apr\u00e8s-Vente Automobile) &#8211; G\u00e9nie Civil (<em><u>Options<\/u><\/em>\u00a0: B\u00e2timent\u00a0; Travaux Publics\u00a0; Am\u00e9nagement Urbain\u00a0; G\u00e9om\u00e8tre Topographe) &#8211; Chaudronnerie &#8211; G\u00e9nie du Bois (<em><u>Option<\/u><\/em><strong>\u00a0<\/strong>: Menuiserie et Eb\u00e9nisterie, Productique\u00a0 et Commercialisation du Bois).<\/p>\n<p>&nbsp;<\/p>\n<ul>\n<li><strong>DSEP<\/strong><\/li>\n<\/ul>\n<p><strong><u>Fili\u00e8re<\/u><\/strong><strong>\u00a0: G\u00e9nie Electrique et T\u00e9l\u00e9communications<\/strong><\/p>\n<p><strong><u>Sp\u00e9cialit\u00e9<\/u><\/strong><strong>\u00a0: <\/strong>T\u00e9l\u00e9communications et R\u00e9seaux<\/p>\n<p><strong><u>Fili\u00e8re 4<\/u><\/strong><strong> : Professions\u00a0 M\u00e9dico-sanitaires<\/strong><\/p>\n<p><strong><u>Sp\u00e9cialit\u00e9s<\/u><\/strong> : Soins Infirmiers &#8211; Techniques de Laboratoire M\u00e9dical &#8211; Kin\u00e9sith\u00e9rapie.<\/p>\n<p>&nbsp;<\/p>\n<ul>\n<li><strong>HND<\/strong><\/li>\n<\/ul>\n<p><strong><u>Fili\u00e8re<\/u><\/strong><strong> : Engineering and Technology<\/strong><\/p>\n<p><u>Sp\u00e9cialit\u00e9s<\/u> : Electrical and Electronics Engineering &#8211; Telecommunication &#8211; Civil Engineering.<\/p>\n<p>&nbsp;<\/p>\n<p><strong><u>FORMATIONS SOUS TUTELLES<\/u><\/strong><\/p>\n<p>&nbsp;<\/p>\n<ul>\n<li><strong>Licence Professionnelle de l\u2019Universit\u00e9 de Dschang<\/strong><\/li>\n<\/ul>\n<p><u>Fili\u00e8re<\/u>\u00a0: Industrielle et Technologique<\/p>\n<p><strong><u>Sp\u00e9cialit\u00e9s<\/u> <\/strong>: Maintenance des Syst\u00e8mes Informatiques &#8211; Informatique Industrielle &#8211; Maintenance et Apr\u00e8s-Vente Automobile &#8211; G\u00e9nie Civil &#8211; G\u00e9nie du Bois (<em><u>Options<\/u><\/em><strong>\u00a0<\/strong>: Productique et Commercialisation du Bois\u00a0; Ameublement et Construction du Bois).<\/p>\n<p><strong><u>Fili\u00e8re 3<\/u>\u00a0: Automatique et Informatique Industrielle<\/strong><\/p>\n<p><strong><u>Fili\u00e8re 4<\/u>\u00a0: Electronique<\/strong><\/p>\n<p><strong><u>Fili\u00e8re 5<\/u>\u00a0: Electrotechnique<\/strong><\/p>\n<p><strong><u>Fili\u00e8re 6<\/u>\u00a0: Management des Services de l\u2019Automobile<\/strong><\/p>\n<p><strong><u>Fili\u00e8re 7<\/u>\u00a0: Maintenance et Expertise des Automobiles<\/strong><\/p>\n<p><strong><u>Fili\u00e8re 8<\/u>\u00a0: Maintenance des Syst\u00e8mes Industriels<\/strong><\/p>\n<p><strong>\u00a0<\/strong><\/p>\n<ul>\n<li><strong>Master Professionnel de l\u2019Universit\u00e9 de Dschang<\/strong><\/li>\n<\/ul>\n<p><u>Fili\u00e8re 1<\/u>\u00a0: G\u00e9nie Energ\u00e9tique et Environnement<\/p>\n<p><u>Fili\u00e8re 2<\/u>\u00a0: G\u00e9nie Industriel et Maintenance<\/p>\n<p><u>Fili\u00e8re 3<\/u>\u00a0: G\u00e9nie Civil<\/p>\n<p><u>Fili\u00e8re 4<\/u>\u00a0: G\u00e9nie des R\u00e9seaux et T\u00e9l\u00e9communications<\/p>\n<p><u>Fili\u00e8re 5<\/u>\u00a0: G\u00e9nie Electrique et Informatique Industrielle.<\/p>\n<p><strong>\u00a0<\/strong><\/p>\n<ul>\n<li><strong>Dipl\u00f4me d\u2019Ing\u00e9nieur de l\u2019Universit\u00e9 de Camerino en Italie<\/strong><\/li>\n<\/ul>\n<p><strong><u>Fili\u00e8re<\/u>\u00a0: Architecture<\/strong><\/p>\n<p><strong>\u00a0<\/strong><\/p>\n<ul>\n<li><strong>Dipl\u00f4me d\u2019Ing\u00e9nieur de l\u2019Universit\u00e9 de Rome Tor Vergata en Italie<\/strong><\/li>\n<\/ul>\n<p><strong><u>Fili\u00e8re<\/u><\/strong><strong>\u00a0: Ing\u00e9nierie Biom\u00e9dicale<\/strong><\/p>\n<p><strong>\u00a0<\/strong><\/p>\n<ul>\n<li><strong>Classes pr\u00e9paratoires\u00a0<\/strong>(<em><u>Option<\/u><\/em>: Chimie, Physique et Maths Appliqu\u00e9es)<\/li>\n<\/ul>\n<p>&nbsp;<\/p>\n<ul>\n<li><strong>Licence Professionnelle de l\u2019Universit\u00e9 de Dschang<\/strong><\/li>\n<\/ul>\n<p><u>Fili\u00e8re<\/u>\u00a0: Industrielle et Technologique<\/p>\n<p><strong><u>Sp\u00e9cialit\u00e9s<\/u><\/strong> : Gestion des T\u00e9l\u00e9communications et R\u00e9seaux (Option\u00a0: Administration et S\u00e9curit\u00e9 des R\u00e9seaux) &#8211; G\u00e9nie Informatique et R\u00e9seaux (Option\u00a0: G\u00e9nie Logiciel)<\/p>\n<p>&nbsp;<\/p>\n<ul>\n<li><strong>Licence de l\u2019Universit\u00e9 de Maine (France)<\/strong><\/li>\n<\/ul>\n<p><strong><u>Fili\u00e8re<\/u><\/strong><strong>\u00a0: Sciences et Technologies <\/strong><\/p>\n<p><strong><u>Sp\u00e9cialit\u00e9s<\/u><\/strong><strong>\u00a0: <\/strong>Physique et Chimie &#8211; Math\u00e9matiques<strong> Appliqu\u00e9es aux Finances, Assurance, Sant\u00e9.<\/strong><\/p>\n<p><strong>\u00a0<\/strong><\/p>\n<ul>\n<li><strong>Dipl\u00f4me d\u2019Ing\u00e9nieur G\u00e9n\u00e9raliste d\u2019ESSTIN<\/strong><\/li>\n<\/ul>\n<p><strong><u>Fili\u00e8re<\/u>\u00a0: Management des Syst\u00e8mes d\u2019Informations Informatis\u00e9es<\/strong><\/p>\n<p><strong><u>Sp\u00e9cialit\u00e9s<\/u><\/strong>\u00a0: Management des Syst\u00e8mes et Infrastructures &#8211; Management des Syst\u00e8mes d\u2019Information &#8211; Administration des Syst\u00e8mes Web<\/p>\n<p><strong>\u00a0<\/strong><\/p>\n<ul>\n<li><strong>Dipl\u00f4me d\u2019Ing\u00e9nieur de l\u2019Institut d\u2019Ing\u00e9nierie Informatique de Limoges (3iL)<\/strong><\/li>\n<\/ul>\n<p><strong><u>Fili\u00e8re<\/u>\u00a0: Sciences de l\u2019Informatique<\/strong><\/p>\n<p><strong><u>Sp\u00e9cialit\u00e9s<\/u><\/strong><strong>\u00a0<\/strong>: Informatique &#8211; R\u00e9seaux et T\u00e9l\u00e9coms &#8211; Bases des Donn\u00e9es<\/p>\n<p><strong>\u00a0<\/strong><\/p>\n<ul>\n<li><strong>Dipl\u00f4me d\u2019Ing\u00e9nieur du Coll\u00e8ge Communautaire Nouveau Brunswick de Dieppe<\/strong><\/li>\n<\/ul>\n<p><strong><u>Fili\u00e8re<\/u>\u00a0: Technologies de l\u2019Information et de la Communication<\/strong><\/p>\n<p><strong><u>Sp\u00e9cialit\u00e9s<\/u><\/strong><strong>\u00a0<\/strong>: R\u00e9seautique et S\u00e9curit\u00e9 &#8211; D\u00e9veloppement Web &#8211; Programmation appliqu\u00e9e pour Internet et Analyse &#8211; Webmestre et production Multim\u00e9dia.<\/p>\n","protected":false},"excerpt":{"rendered":"<p>&#46;&#46;&#46;<\/p>\n","protected":false},"author":2,"featured_media":0,"parent":1743,"menu_order":0,"comment_status":"closed","ping_status":"closed","template":"","meta":[],"_links":{"self":[{"href":"https:\/\/www.minesup.gov.cm\/index.php\/wp-json\/wp\/v2\/pages\/7941"}],"collection":[{"href":"https:\/\/www.minesup.gov.cm\/index.php\/wp-json\/wp\/v2\/pages"}],"about":[{"href":"https:\/\/www.minesup.gov.cm\/index.php\/wp-json\/wp\/v2\/types\/page"}],"author":[{"embeddable":true,"href":"https:\/\/www.minesup.gov.cm\/index.php\/wp-json\/wp\/v2\/users\/2"}],"replies":[{"embeddable":true,"href":"https:\/\/www.minesup.gov.cm\/index.php\/wp-json\/wp\/v2\/comments?post=7941"}],"version-history":[{"count":0,"href":"https:\/\/www.minesup.gov.cm\/index.php\/wp-json\/wp\/v2\/pages\/7941\/revisions"}],"up":[{"embeddable":true,"href":"https:\/\/www.minesup.gov.cm\/index.php\/wp-json\/wp\/v2\/pages\/1743"}],"wp:attachment":[{"href":"https:\/\/www.minesup.gov.cm\/index.php\/wp-json\/wp\/v2\/media?parent=7941"}],"curies":[{"name":"wp","href":"https:\/\/api.w.org\/{rel}","templated":true}]}}