{"id":7943,"date":"2019-06-24T15:03:16","date_gmt":"2019-06-24T13:03:16","guid":{"rendered":"https:\/\/minesup.gov.cm\/?page_id=7943"},"modified":"2019-06-24T15:03:16","modified_gmt":"2019-06-24T13:03:16","slug":"institut-universitaire-du-golfe-de-guinee-iug","status":"publish","type":"page","link":"https:\/\/www.minesup.gov.cm\/index.php\/region-du-littoral\/institut-universitaire-du-golfe-de-guinee-iug\/","title":{"rendered":"Institut Universitaire du Golfe de Guin\u00e9e (IUG)"},"content":{"rendered":"<p><strong>INFORMATIONS D\u2019IDENTIFICATION<\/strong><\/p>\n<p><strong>Nom de l\u2019institution\u00a0<\/strong>: <strong>Institut Universitaire du Golfe de Guin\u00e9e (IUG)<\/strong><\/p>\n<p><strong>Nom du promoteur<\/strong>\u00a0: <strong>Louis &#8211; Marie DJAMBOU<\/strong><\/p>\n<p><strong>R\u00e9gion\u00a0<\/strong>: Littoral<br \/>\n<strong>D\u00e9partement\u00a0<\/strong>: Wouri<br \/>\n<strong>Arrondissement\u00a0<\/strong>: Douala 3<sup>\u00e8me<\/sup><br \/>\n<strong>Site de localisation\u00a0<\/strong>: Pk8<br \/>\n<strong>Adresse postale<\/strong>\u00a0: 12489 \u2013 2489 Douala<br \/>\n<strong>T\u00e9l\u00e9phone\u00a0<\/strong>: 33 37 50 59 \/ 33 37 50 60 \/ 699 53 24 33 \/ 696 70 60 29 \/ 677 60 42 36<br \/>\n<strong>Fax<\/strong>\u00a0: 33 42 89 02<\/p>\n<p><strong>Email<\/strong>\u00a0:<br \/>\n<strong>Site web<\/strong>\u00a0:<br \/>\n<strong>Adresse dans les r\u00e9seaux sociaux\u00a0<\/strong>:<\/p>\n<p><strong>INFORMATIONS SUR LE STATUT D\u2019ACCR\u00c9DITATION<\/strong><\/p>\n<p><strong>Arr\u00eat\u00e9s portant cr\u00e9ation <\/strong>: N\u00b0 02\/0047\/ MINESUP du <strong>12 juin 2002<\/strong>\u00a0 <strong>compl\u00e9t\u00e9 par l\u2019arr\u00eat\u00e9 <\/strong>N\u00b005\/0022\/MINESUP du 12 janvier 2005.<br \/>\n<strong>Autorisation d\u2019ouverture<\/strong>\u00a0: N\u00b002\/065\/MINESUP du 10 juillet 2002<\/p>\n<p><strong>compl\u00e9t\u00e9e par l\u2019arr\u00eat\u00e9\u00a0: <\/strong>N\u00b005\/0038\/MINESUP du 12 janvier 2005.<strong>\u00a0\u00a0 <\/strong>Et<strong>\u00a0 <u>Autorisation d\u2019ouverture<\/u><\/strong>\u00a0: N\u00b012\/0409\/MINESUP du 17 ao\u00fbt 2012<\/p>\n<p><strong>\u00a0FILI\u00c8RES, SP\u00c9CIALIT\u00c9S ET DIPL\u00d4MES AUTORIS\u00c9S<\/strong><\/p>\n<p><strong>\u00a0<u>ANCIEN REGIME<\/u><\/strong><\/p>\n<p><strong>\u00a0<\/strong><strong>BTS <\/strong><\/p>\n<p><strong><u>Fili\u00e8re 1<\/u><\/strong><strong> : Commerciale et de Gestion<\/strong><\/p>\n<p><strong><u>Sp\u00e9cialit\u00e9s<\/u><\/strong>\u00a0: Comptabilit\u00e9 et Gestion des Entreprises\u00a0&#8211; Banque\u00a0&#8211; Informatique de Gestion\u00a0&#8211; Commerce International\u00a0&#8211; Assurances\u00a0&#8211; Action Commerciale &#8211; Secr\u00e9tariat et Bureautique (<em><u>Options<\/u><\/em><strong>\u00a0<\/strong>: Secr\u00e9tariat de Direction\u00a0; Secr\u00e9tariat Bureautique et Bilingue) &#8211; Transport et Logistique.<\/p>\n<p><strong><u>Fili\u00e8re 2<\/u><\/strong><strong>\u00a0:<\/strong><strong> Communication<\/strong><\/p>\n<p><strong><u>Sp\u00e9cialit\u00e9<\/u><\/strong><strong>\u00a0<\/strong>: Information-Communication (<em><u>Options<\/u><\/em>\u00a0: Communication d\u2019Entreprise<strong>\u00a0<\/strong>; Journalisme).<\/p>\n<p><strong><u>Fili\u00e8re 3<\/u><\/strong><strong>\u00a0: Touristique et Sociale<\/strong><\/p>\n<p><strong><u>Sp\u00e9cialit\u00e9s<\/u><\/strong><strong>\u00a0<\/strong>: Economie Sociale\u00a0 et Familiale &#8211; Tourisme.<\/p>\n<p><strong>\u00a0<\/strong><strong>HND<\/strong><\/p>\n<p><strong><u>Fili\u00e8re 1<\/u><\/strong><strong> :<\/strong><strong> Business, Finance and Management<\/strong><\/p>\n<p><strong><u>Sp\u00e9cialit\u00e9<\/u><\/strong><strong>s <\/strong>: Banking and Finance &#8211; Accountancy &#8211;\u00a0Management &#8211; \u00a0Marketing &#8211; Executive Secretarial Studies and Public Service and Administration (<em><u>Options<\/u><\/em><strong>\u00a0<\/strong>: Executive Secretarial Studies ; Public Service and Administration).<\/p>\n<p><strong><u>Fili\u00e8re 2<\/u><\/strong><strong>\u00a0: Journalism and Media<\/strong><\/p>\n<p><strong><u>Sp\u00e9cialit\u00e9<\/u><\/strong><strong>\u00a0<\/strong>: Journalism (<em><u>Option<\/u><\/em><strong>\u00a0<\/strong>: <u>Print Journalism)<\/u><\/p>\n<p><strong><u>Fili\u00e8re 3<\/u><\/strong><strong>\u00a0: Teaching, Education and Professional Development<\/strong><\/p>\n<p><strong><u>Sp\u00e9cialit\u00e9<\/u><\/strong> : Education (<em><u>Option<\/u><\/em> : Distance and Continuing Education ; Professional Studies in Education).<\/p>\n<p><strong><u>Fili\u00e8re 4<\/u><\/strong><strong> : Home Economics, Tourism and Hospitality Management<\/strong><\/p>\n<p><strong><u>Sp\u00e9cialit\u00e9<\/u><\/strong> : Transport and Logistics Management.<\/p>\n<ul>\n<li><strong>DSEP<\/strong><\/li>\n<\/ul>\n<p><strong><u>Fili\u00e8re 1<\/u><\/strong><strong>\u00a0: Finance et Comptabilit\u00e9<\/strong><\/p>\n<p><strong><u>Fili\u00e8re 2<\/u><\/strong><strong> : Gestion des Entreprises et des Administrations<\/strong><\/p>\n<p><strong><u>Sp\u00e9cialit\u00e9s<\/u><\/strong> : Ressources Humaines\u00a0&#8211; Petites et Moyennes Organisations.<\/p>\n<p><strong><u>Fili\u00e8re\u00a03<\/u><\/strong><strong> : Marketing, Commerce et Vente<\/strong><\/p>\n<p><strong><u>Fili\u00e8re 4<\/u><\/strong><strong>\u00a0: Droit<\/strong><\/p>\n<p><strong><u>Sp\u00e9cialit\u00e9<\/u><\/strong>\u00a0: Droit des Affaires.<\/p>\n<p><strong>Dipl\u00f4me\u00a0:<\/strong> Professional Bachelor Degree de l\u2019Universit\u00e9 de Buea<\/p>\n<p><strong><u>Fili\u00e8re<\/u><\/strong><strong> : Business, Finance and Management<\/strong><\/p>\n<p><strong><u>Sp\u00e9cialit\u00e9s<\/u><\/strong><strong>\u00a0<\/strong>: Accountancy &#8211; Banking and Finance &#8211; Management &#8211; Marketing.<\/p>\n<p><strong>\u00a0<\/strong><\/p>\n<p><strong>\u00a0\u00a0\u00a0\u00a0\u00a0\u00a0\u00a0\u00a0\u00a0\u00a0\u00a0\u00a0\u00a0\u00a0\u00a0\u00a0\u00a0\u00a0\u00a0\u00a0\u00a0\u00a0\u00a0\u00a0\u00a0\u00a0\u00a0\u00a0\u00a0\u00a0\u00a0\u00a0\u00a0\u00a0\u00a0\u00a0\u00a0\u00a0\u00a0\u00a0\u00a0\u00a0\u00a0\u00a0\u00a0\u00a0\u00a0\u00a0\u00a0\u00a0\u00a0 <u>FORMATIONS SOUS TUTELLES<\/u><\/strong><\/p>\n<p><strong>\u00a0<\/strong><\/p>\n<ul>\n<li><strong>Licence et le Professional Bachelor\u2019s Degree de l\u2019Universit\u00e9 <\/strong><strong>de Dschang<\/strong><\/li>\n<\/ul>\n<p><strong><u>Fili\u00e8re<\/u><\/strong><strong>\u00a0: Commerciale et de Gestion<\/strong><\/p>\n<p><strong><u>Sp\u00e9cialit\u00e9s<\/u><\/strong><strong>\u00a0<\/strong>: Communication Marketing &#8211; Marketing Manager Op\u00e9rationnel &#8211; Management des Op\u00e9rations du Commerce International &#8211; Logistique et Transport &#8211; Communication d\u2019Entreprise &#8211; Comptabilit\u00e9 Contr\u00f4le Audit &#8211;\u00a0 Comptabilit\u00e9 et Finance &#8211; Gestion des Ressources Humaines &#8211; Commerce Vente &#8211; Banque Assurance &#8211; Assistance en Gestion &#8211; Assistance en Gestion Administrative Bilingue.<\/p>\n<ul>\n<li><strong>Licence Professionnelle de l\u2019Universit\u00e9 de \u2026..<\/strong><\/li>\n<\/ul>\n<p><strong><u>Fili\u00e8re 1<\/u><\/strong><strong>\u00a0:<\/strong><strong> Communication<\/strong><\/p>\n<p><strong><u>Sp\u00e9cialit\u00e9<\/u><\/strong><strong>\u00a0<\/strong>: Information-Communication (<em><u>Option<\/u><\/em>\u00a0: Publicit\u00e9).<\/p>\n<p><strong><u>Fili\u00e8re 2<\/u><\/strong><strong>\u00a0: Activit\u00e9 Juridique<\/strong><\/p>\n<p><strong><u>Sp\u00e9cialit\u00e9s<\/u><\/strong><strong>\u00a0<\/strong>: Assurance &#8211; Droit du Travail (<em><u>Option<\/u><\/em>\u00a0: Ergonomie et Relations Sociales dans l\u2019Entreprise).<\/p>\n<p><strong>\u00a0<\/strong><strong>Master Professionnel de l\u2019Universit\u00e9 de<\/strong> \u2026<\/p>\n<p><strong><u>Fili\u00e8re<\/u><\/strong><strong> : Sciences de Gestion<\/strong><\/p>\n<p><strong><u>Sp\u00e9cialit\u00e9s<\/u><\/strong>\u00a0: Supply Chain Management (Gestion de la Cha\u00eene Logistique).<\/p>\n<p><strong>\u00a0<\/strong><strong>Master Professionnel sous la tutelle acad\u00e9mique de l\u2019Universit\u00e9 de Dschang<\/strong><\/p>\n<p><strong><u>Fili\u00e8re<\/u><\/strong><strong>\u00a0: Commerciale et de Gestion<\/strong><\/p>\n<p><strong><u>Sp\u00e9cialit\u00e9s<\/u><\/strong>\u00a0: Ing\u00e9nierie Financi\u00e8re et Comptable (<em><u>Options<\/u><\/em>\u00a0: Ing\u00e9nierie Fiscale\u00a0; Banque et Finance\u00a0; Comptabilit\u00e9, Contr\u00f4le et Audit\u00a0; Assurance et Gestion du Risque) &#8211; Management Strat\u00e9gique et Commerce (<em><u>Options<\/u><\/em>\u00a0: Management des Ressources Humaines\u00a0; Management de la Logistique et des Achats\u00a0; Marketing et Communication des Organisations\u00a0; Vente et Pilotage des Equipes Commerciales).<\/p>\n<p><strong>\u00a0<\/strong><\/p>\n<ul>\n<li><strong>Licence Professionnelle des Universit\u00e9s <\/strong><strong>de Haute Alsace (IUT de Colmar) et de Montpellier I<\/strong><\/li>\n<\/ul>\n<p><em>Dipl\u00f4me \u00e9tranger<\/em><\/p>\n<p><strong><u>Fili\u00e8re 1<\/u><\/strong><strong>\u00a0: Banque\/Assurances<\/strong><\/p>\n<p><strong><u>Sp\u00e9cialit\u00e9s<\/u><\/strong><strong>\u00a0<\/strong>: Conseils en Assurance et Services Financiers<\/p>\n<p><strong><u>Fili\u00e8re 2<\/u><\/strong><strong>\u00a0: Commerce Vente<\/strong><\/p>\n<p><strong>\u00a0<\/strong><\/p>\n<ul>\n<li><strong>Master Professionnel des Universit\u00e9s\u00a0: <\/strong><strong>Montpellier I et la Rochelle <\/strong><\/li>\n<\/ul>\n<p><em>Dipl\u00f4me \u00e9tranger<\/em><\/p>\n<p><strong><u>Fili\u00e8re 1<\/u><\/strong><strong>\u00a0: Marketing Commerce<\/strong><\/p>\n<p><strong><u>Sp\u00e9cialit\u00e9s<\/u><\/strong><strong>\u00a0<\/strong>: Management G\u00e9n\u00e9ral<\/p>\n<p><strong><u>Fili\u00e8re\u00a0 2<\/u><\/strong><strong>\u00a0: Administration des Entreprises<\/strong> Fili\u00e8re 4\u00a0:<\/p>\n<p><strong>\u00a0\u00a0\u00a0\u00a0\u00a0\u00a0\u00a0\u00a0\u00a0\u00a0\u00a0\u00a0\u00a0\u00a0\u00a0\u00a0\u00a0\u00a0\u00a0\u00a0\u00a0\u00a0\u00a0\u00a0 <\/strong><\/p>\n<p><strong>\u00a0\u00a0\u00a0\u00a0\u00a0\u00a0\u00a0\u00a0\u00a0\u00a0\u00a0\u00a0\u00a0\u00a0\u00a0\u00a0\u00a0\u00a0\u00a0\u00a0\u00a0\u00a0\u00a0\u00a0\u00a0\u00a0\u00a0\u00a0\u00a0\u00a0\u00a0\u00a0\u00a0\u00a0\u00a0\u00a0\u00a0\u00a0\u00a0\u00a0\u00a0\u00a0\u00a0\u00a0\u00a0\u00a0\u00a0 <u>ANCIEN REGIME<\/u><\/strong><\/p>\n<ul>\n<li><strong>BTS<\/strong><\/li>\n<\/ul>\n<p><strong><u>Fili\u00e8re<\/u><\/strong><strong>\u00a0: Industrielle et Technologique<\/strong><\/p>\n<p><strong><u>Sp\u00e9cialit\u00e9s<\/u><\/strong> : G\u00e9nie Electrique (<em><u>Options<\/u><\/em><strong>\u00a0<\/strong>: Electronique, Electrotechnique ; Froid et Climatisation) &#8211; Maintenance des Syst\u00e8mes Informatiques &#8211; Informatique Industrielle &#8211; G\u00e9nie M\u00e9canique (<em><u>Options<\/u><\/em><strong>\u00a0<\/strong>: Fabrication M\u00e9canique\u00a0; Construction M\u00e9canique Maintenance et Apr\u00e8s-Vente Automobile) &#8211; G\u00e9nie Civil (<em><u>Options<\/u><\/em><strong>\u00a0<\/strong>: B\u00e2timent\u00a0; Travaux Publics\u00a0; Am\u00e9nagement Urbain).<\/p>\n<p><strong><u>Fili\u00e8re<\/u><\/strong><strong>\u00a0: Agriculture<\/strong><\/p>\n<p><strong><u>Sp\u00e9cialit\u00e9<\/u><\/strong> : Production V\u00e9g\u00e9tale<\/p>\n<p><strong><u>Fili\u00e8re<\/u><\/strong><strong>\u00a0: G\u00e9nie Biologique et Environnement<\/strong><\/p>\n<p><strong><u>Sp\u00e9cialit\u00e9s<\/u><\/strong> : Industrie Alimentaire &#8211; Di\u00e9t\u00e9tique Alimentaire &#8211; Analyses Biologiques et Biochimique &#8211; Chimie.<\/p>\n<p><strong>\u00a0<\/strong><\/p>\n<ul>\n<li><strong>HND<\/strong><\/li>\n<\/ul>\n<p><strong><u>Fili\u00e8re<\/u><\/strong><strong> : Engineering and Technology<\/strong><\/p>\n<p><strong><u>Sp\u00e9cialit\u00e9<\/u><\/strong>\u00a0: Electrical and Electronic &#8211; Engineering &#8211; Telecommunication &#8211; Mechanical Fabrication &#8211; Computer Engineering (Options : Hardware Maintenance ; Software Engineering and Computing).<\/p>\n<p><strong>\u00a0<\/strong><\/p>\n<ul>\n<li><strong>DSEP<\/strong><\/li>\n<\/ul>\n<p><strong><u>Fili\u00e8re 1<\/u><\/strong><strong>\u00a0: G\u00e9nie M\u00e9canique<\/strong><\/p>\n<p><strong><u>Sp\u00e9cialit\u00e9<\/u><\/strong>\u00a0: Fabrication M\u00e9canique.<\/p>\n<p><strong><u>Fili\u00e8re\u00a02<\/u><\/strong><strong> : G\u00e9nie Electrique et T\u00e9l\u00e9communication<\/strong><\/p>\n<p><strong><u>Sp\u00e9cialit\u00e9<\/u><\/strong><strong>\u00a0<\/strong>: T\u00e9l\u00e9communications et R\u00e9seaux.<\/p>\n<p><strong><u>Fili\u00e8re\u00a03<\/u><\/strong><strong> : Informatique<\/strong><\/p>\n<p><strong><u>Sp\u00e9cialit\u00e9<\/u><\/strong><strong>\u00a0<\/strong>: Maintenance Informatique &#8211; G\u00e9nie Informatique.<\/p>\n<p><strong><u>Fili\u00e8re 4<\/u><\/strong><strong>\u00a0: G\u00e9nie Civil<\/strong><\/p>\n<p><strong><u>Sp\u00e9cialit\u00e9<\/u><\/strong><strong>\u00a0: <\/strong>B\u00e2timent.<\/p>\n<p>&nbsp;<\/p>\n<p><strong><u>FORMATIONS SOUS TUTELLES<\/u><\/strong><\/p>\n<p>&nbsp;<\/p>\n<ul>\n<li><strong>Licence Professionnelle de l\u2019Universit\u00e9 de Dschang<\/strong><\/li>\n<\/ul>\n<p><strong><u>Fili\u00e8re<\/u>\u00a0: Industrielle et Technologique<\/strong><\/p>\n<p><strong><u>Sp\u00e9cialit\u00e9s<\/u><\/strong>\u00a0: Syst\u00e8mes d\u2019Information et de D\u00e9cision &#8211; Automatique et Informatique Industrielle &#8211; Energie et G\u00e9nie Climatique &#8211; G\u00e9nie M\u00e9canique (<em><u>Options<\/u><\/em>\u00a0: Fabrication et Construction M\u00e9canique &#8211; Maintenance Apr\u00e8s-Vente Automobile) &#8211; R\u00e9seaux et T\u00e9l\u00e9communications &#8211; Informatique Industrielle &#8211; Maintenance des Syst\u00e8mes Informatiques &#8211; Ing\u00e9nierie Electrique &#8211; G\u00e9nie Electrique (<em><u>Options<\/u><\/em>\u00a0: Electronique &#8211; Electrotechnique &#8211; Froid et Climatisation).<\/p>\n<p><strong>\u00a0<\/strong><\/p>\n<ul>\n<li><strong>Master Professionnel sous la tutelle de l\u2019Universit\u00e9 de Dschang<\/strong><\/li>\n<\/ul>\n<p><strong><u>Fili\u00e8re<\/u><\/strong><strong>\u00a0: Industrielle et Technologique<\/strong><\/p>\n<p><strong><u>Sp\u00e9cialit\u00e9<\/u><\/strong>\u00a0: R\u00e9seaux et T\u00e9l\u00e9communication (<em><u>Options<\/u><\/em>\u00a0: Administration des R\u00e9seaux et des Syst\u00e8mes de T\u00e9l\u00e9communication\u00a0; S\u00e9curit\u00e9 de l\u2019Information et des Syst\u00e8mes de T\u00e9l\u00e9communication\u00a0; Syst\u00e8mes d\u2019Information).<\/p>\n<p><strong>\u00a0<\/strong><\/p>\n<ul>\n<li><strong>Master Professionnel sous la tutelle de l\u2019Universit\u00e9 de Ngaound\u00e9r\u00e9<\/strong><\/li>\n<\/ul>\n<p><strong><u>Fili\u00e8re<\/u><\/strong><strong>\u00a0: Industrielle et Technologique<\/strong><\/p>\n<p><strong><u>Sp\u00e9cialit\u00e9s<\/u><\/strong>\u00a0: G\u00e9nie Electrique et Informatique Industrielle (<em><u>Options<\/u><\/em>\u00a0: Ing\u00e9nierie Electrique\u00a0; Electronique et Informatique Industrielle) &#8211; G\u00e9nie Thermique, Energie et Management de l\u2019Environnement &#8211; Ing\u00e9nierie de Construction (<em><u>Option<\/u>\u00a0<\/em>: Ing\u00e9nierie de Construction Electrom\u00e9canique) &#8211; Qualit\u00e9, Hygi\u00e8ne S\u00e9curit\u00e9 Environnement.<\/p>\n<p>&nbsp;<\/p>\n<ul>\n<li><strong>Licence Professionnelle des Universit\u00e9s\u00a0:<\/strong><strong> Haute Alsace et Montpellier I<\/strong><\/li>\n<\/ul>\n<p><em>Dipl\u00f4me \u00e9tranger<\/em><\/p>\n<p><strong><u>Fili\u00e8re<\/u><\/strong><strong>\u00a0: R\u00e9seaux et T\u00e9l\u00e9communications<\/strong><\/p>\n<p><strong>\u00a0<\/strong><\/p>\n<p><strong>\u00a0\u00a0\u00a0\u00a0\u00a0\u00a0\u00a0\u00a0\u00a0\u00a0\u00a0\u00a0\u00a0\u00a0\u00a0\u00a0\u00a0\u00a0\u00a0\u00a0\u00a0\u00a0\u00a0\u00a0\u00a0\u00a0\u00a0\u00a0\u00a0\u00a0\u00a0\u00a0\u00a0\u00a0\u00a0\u00a0\u00a0\u00a0\u00a0\u00a0\u00a0\u00a0\u00a0\u00a0\u00a0\u00a0\u00a0\u00a0\u00a0\u00a0\u00a0\u00a0\u00a0\u00a0\u00a0\u00a0\u00a0\u00a0\u00a0\u00a0\u00a0 <u>ANCIEN REGIME<\/u><\/strong><\/p>\n<ul>\n<li><strong>HND<\/strong><\/li>\n<\/ul>\n<p><strong><u>Fili\u00e8re<\/u><\/strong><strong> : Medical and Biomedical Sciences<\/strong><\/p>\n<p><strong><u>Sp\u00e9cialit\u00e9s<\/u><\/strong> : Nursing &#8211; Medical Laboratory Studies.<\/p>\n<p><strong>\u00a0<\/strong><\/p>\n<ul>\n<li><strong>DSEP<\/strong><\/li>\n<\/ul>\n<p><strong><u>Fili\u00e8re<\/u><\/strong><strong> : Professions\u00a0 M\u00e9dico-Sanitaires<\/strong><\/p>\n<p><strong><u>Sp\u00e9cialit\u00e9s<\/u><\/strong> : Technique de Laboratoire M\u00e9dical &#8211; Soins Infirmiers\u00a0&#8211; kin\u00e9sith\u00e9rapie &#8211; Techniques de Sant\u00e9 Publique &#8211; Sage-Femme (Sant\u00e9 de Reproduction) &#8211; Imagerie M\u00e9dicale.<\/p>\n<p>&nbsp;<\/p>\n<ul>\n<li><strong>HPD<\/strong><\/li>\n<\/ul>\n<p><strong><u>Fili\u00e8re<\/u><\/strong><strong> : Medical and Biomedical Sciences<\/strong><\/p>\n<p><strong><u>Sp\u00e9cialit\u00e9s<\/u><\/strong> : Nursing &#8211; Medical Laboratory Sciences &#8211; Dental Therapy &#8211; Physiotherapy &#8211; Pharmacy Technology &#8211; Medical Diagnostic Imaging and Radiation Therapy.<\/p>\n<p>&nbsp;<\/p>\n<ul>\n<li><strong>Licence Profesionnelle de l\u2019Universit\u00e9 de<\/strong><\/li>\n<\/ul>\n<p><strong><u>Fili\u00e8re<\/u><\/strong><strong> : Sciences Biom\u00e9dicales et M\u00e9dico-Sanitaires<\/strong><\/p>\n<p><strong><u>Sp\u00e9cialit\u00e9s<\/u><\/strong> : Sciences Infirmi\u00e8res &#8211; Sciences Biom\u00e9dicales\u00a0&#8211; Radiologie et Imagerie M\u00e9dicale.<\/p>\n<p><strong>\u00a0<\/strong><\/p>\n","protected":false},"excerpt":{"rendered":"<p>&#46;&#46;&#46;<\/p>\n","protected":false},"author":2,"featured_media":0,"parent":1743,"menu_order":0,"comment_status":"closed","ping_status":"closed","template":"","meta":[],"_links":{"self":[{"href":"https:\/\/www.minesup.gov.cm\/index.php\/wp-json\/wp\/v2\/pages\/7943"}],"collection":[{"href":"https:\/\/www.minesup.gov.cm\/index.php\/wp-json\/wp\/v2\/pages"}],"about":[{"href":"https:\/\/www.minesup.gov.cm\/index.php\/wp-json\/wp\/v2\/types\/page"}],"author":[{"embeddable":true,"href":"https:\/\/www.minesup.gov.cm\/index.php\/wp-json\/wp\/v2\/users\/2"}],"replies":[{"embeddable":true,"href":"https:\/\/www.minesup.gov.cm\/index.php\/wp-json\/wp\/v2\/comments?post=7943"}],"version-history":[{"count":0,"href":"https:\/\/www.minesup.gov.cm\/index.php\/wp-json\/wp\/v2\/pages\/7943\/revisions"}],"up":[{"embeddable":true,"href":"https:\/\/www.minesup.gov.cm\/index.php\/wp-json\/wp\/v2\/pages\/1743"}],"wp:attachment":[{"href":"https:\/\/www.minesup.gov.cm\/index.php\/wp-json\/wp\/v2\/media?parent=7943"}],"curies":[{"name":"wp","href":"https:\/\/api.w.org\/{rel}","templated":true}]}}