{"id":7945,"date":"2019-06-24T15:08:10","date_gmt":"2019-06-24T13:08:10","guid":{"rendered":"https:\/\/minesup.gov.cm\/?page_id=7945"},"modified":"2019-06-24T15:08:10","modified_gmt":"2019-06-24T13:08:10","slug":"institut-universitaire-et-strategique-de-lestuaire-iues","status":"publish","type":"page","link":"https:\/\/www.minesup.gov.cm\/index.php\/region-du-littoral\/institut-universitaire-et-strategique-de-lestuaire-iues\/","title":{"rendered":"Institut Universitaire et Strat\u00e9gique de l\u2019Estuaire (IUEs)"},"content":{"rendered":"<p><strong>INFORMATIONS D\u2019IDENTIFICATION<\/strong><\/p>\n<p><strong>Nom de l\u2019institution\u00a0<\/strong>:<strong> Institut Universitaire et Strat\u00e9gique de l\u2019Estuaire (IUEs)<\/strong><\/p>\n<p><strong>Nom du promoteur<\/strong>\u00a0: <strong>FOYET Ignace<\/strong><br \/>\n<strong>R\u00e9gion\u00a0<\/strong>: Littoral<br \/>\n<strong>D\u00e9partement\u00a0<\/strong>: Wouri<br \/>\n<strong>Arrondissement\u00a0<\/strong>: Douala 3<sup>\u00e8me<\/sup><br \/>\n<strong>Site de localisation\u00a0<\/strong>: \u00a0Sonel Ndokotti<br \/>\n<strong>Adresse postale<\/strong>\u00a0: 4100 Douala<br \/>\n<strong>T\u00e9l\u00e9phone\u00a0<\/strong>: 699 50 32 55 \/ 33 40 68 03 \/ 677 65 21 64<br \/>\n<strong>Fax<\/strong>\u00a0: 33 40 68 03<\/p>\n<p><strong>Email<\/strong>\u00a0:<br \/>\n<strong>Site web<\/strong>\u00a0:<br \/>\n<strong>Adresse dans les r\u00e9seaux sociaux\u00a0<\/strong>:<\/p>\n<p><strong>INFORMATIONS SUR LE STATUT D\u2019ACCR\u00c9DITATION<\/strong><\/p>\n<p><strong>Arr\u00eat\u00e9s portant cr\u00e9ation <\/strong>: N\u00b005\/0009\/MINESUP du <strong>12 janvier 2005.<\/strong><br \/>\n<strong>Autorisation d\u2019ouverture<\/strong>\u00a0: N\u00b005\/0028\/MINESUP du 12 janvier 2005<\/p>\n<p><strong>Compl\u00e9t\u00e9e par l\u2019arr\u00eat\u00e9\u00a0: <\/strong>N\u00b006\/0061\/MINESUP du 02 juin 2006.<\/p>\n<p>&nbsp;<\/p>\n<p><strong>FILI\u00c8RES, SP\u00c9CIALIT\u00c9S ET DIPL\u00d4MES AUTORIS\u00c9S<\/strong><\/p>\n<p><strong>\u00a0<\/strong><\/p>\n<p><strong><u>NOUVEAU REGIME<\/u><\/strong><\/p>\n<p>&nbsp;<\/p>\n<ul>\n<li><strong>BTS<\/strong><\/li>\n<\/ul>\n<p><strong><u>Fili\u00e8re 1<\/u><\/strong><strong> : Commerce-Vente<\/strong><\/p>\n<p><strong><u>Sp\u00e9cialit\u00e9<\/u><\/strong><strong>\u00a0<\/strong>: Commerce International.<\/p>\n<p><strong><u>Fili\u00e8re 2<\/u><\/strong><strong> : Gestion <\/strong><\/p>\n<p><strong><u>Sp\u00e9cialit\u00e9s<\/u><\/strong> : Assurance, Management \u00e9v\u00e8nementiel, Gestion de la Qualit\u00e9, Microfinance, Gestion des Collectivit\u00e9s territoriales (<em><u>Options<\/u><\/em> : Comptabilit\u00e9 et finances publiques, Fiscalit\u00e9 des collectivit\u00e9s territoriales, Administration des collectivit\u00e9s territoriales) &#8211; Gestion des Syst\u00e8mes d\u2019Information &#8211; Assistant Manager &#8211;\u00a0 Gestion Logistique et Transport &#8211; Banque et Finance &#8211; Ressources Humaines &#8211; Comptabilit\u00e9 et Gestion des Entreprises.<\/p>\n<p><strong><u>Fili\u00e8re 3<\/u><\/strong><strong> : Carri\u00e8res juridiques\u00a0 <\/strong><\/p>\n<p><strong><u>Sp\u00e9cialit\u00e9s<\/u><\/strong> : Droit des affaires et de l\u2019entreprise, Droit foncier et domanial, Assistant judiciaire.<\/p>\n<p><strong><u>Fili\u00e8re 4<\/u><\/strong><strong>\u00a0: Information-Communication<\/strong><\/p>\n<p><strong><u>Sp\u00e9cialit\u00e9s<\/u><\/strong>\u00a0: Communication des Organisations &#8211; Journalisme.<\/p>\n<p><strong><u>Fili\u00e8re 5<\/u><\/strong><strong>\u00a0: Tourisme, H\u00f4tellerie et Restauration<\/strong><\/p>\n<p><strong><u>Sp\u00e9cialit\u00e9s<\/u><\/strong>\u00a0: H\u00f4tellerie &#8211; Restauration &#8211; Tourisme et Loisir.<\/p>\n<p><strong><u>Fili\u00e8re 6<\/u><\/strong><strong>\u00a0: Economie sociale et familiale<\/strong><\/p>\n<p><strong><u>Sp\u00e9cialit\u00e9<\/u><\/strong>\u00a0: Pu\u00e9riculture et G\u00e9rontologie.<\/p>\n<p><strong>\u00a0<\/strong><\/p>\n<ul>\n<li>HND<\/li>\n<\/ul>\n<p><strong><u>Fili\u00e8re<\/u><\/strong><strong> :<\/strong><strong> Business, Finance and Management<\/strong><\/p>\n<p><strong><u>Sp\u00e9cialit\u00e9s<\/u><\/strong> : Banking and Finance &#8211; Management &#8211; Marketing &#8211; Accountancy &#8211; Executive Secretarial Studies.<\/p>\n<p>&nbsp;<\/p>\n<p><strong><u>FORMATIONS SOUS TUTELLES<\/u><\/strong><\/p>\n<p><strong>\u00a0<\/strong><\/p>\n<ul>\n<li><strong>Licence Professionnelle de l\u2019Universit\u00e9 de Dschang<\/strong>.<\/li>\n<\/ul>\n<p><strong><u>Fili\u00e8res 1<\/u><\/strong><strong> :<\/strong><strong> Commerciale et de Gestion<\/strong><\/p>\n<p><strong><u>Sp\u00e9cialit\u00e9s<\/u><\/strong> : Commerce\u00a0(<em><u>Option<\/u><\/em>\u00a0: Management et Gestion de la Client\u00e8le) &#8211;\u00a0 Commerce International &#8211; Banque\u00a0(<em><u>Option<\/u><\/em><strong>\u00a0<\/strong>: Conseiller Gestionnaire de la Client\u00e8le) &#8211; Comptabilit\u00e9 et Finances (<em><u>Options<\/u><\/em>\u00a0: Audit et Contr\u00f4le de Gestion) &#8211; Gestion des Ressources Humaines &#8211; Informatique de gestion &#8211; M\u00e9thodes et Management de la Qualit\u00e9.<\/p>\n<p><strong><u>Fili\u00e8res 2<\/u><\/strong><strong> :<\/strong><strong> Communication<\/strong><\/p>\n<p><strong><u>Sp\u00e9cialit\u00e9s<\/u><\/strong> : Activit\u00e9s et Techniques de Communication\u00a0(<em><u>Option<\/u><\/em>\u00a0: Publicit\u00e9) &#8211; Conception et Cr\u00e9ation Multim\u00e9dia.<\/p>\n<p><strong>\u00a0<\/strong><\/p>\n<ul>\n<li><strong>Master professionnel de l\u2019Universit\u00e9 de Dschang<\/strong><\/li>\n<\/ul>\n<p><strong><u>Fili\u00e8re<\/u><\/strong><strong>\u00a0: Finances et Comptabilit\u00e9<\/strong><\/p>\n<p><strong>\u00a0<\/strong><\/p>\n<ul>\n<li><strong>Bachelor of Business Administration sous la tutelle acad\u00e9mique de \u201cAmerican University of Leadership\u201c<\/strong><\/li>\n<\/ul>\n<p><strong><u>Sp\u00e9cialit\u00e9s<\/u><\/strong> : Business Management &#8211; Human resource Management &#8211; International Management &#8211; Marketing &#8211; Supply Chain Management &#8211; Accounting and Finance &#8211; Banking and Microfinance Management &#8211; Logistics and Transportation Management.<\/p>\n<p><strong>\u00a0<\/strong><\/p>\n<ul>\n<li><strong>Master of Business Administration sous la tutelle acad\u00e9mique de \u201cAmerican University of Leadership\u201c<\/strong><\/li>\n<\/ul>\n<p><strong><u>Sp\u00e9cialit\u00e9s<\/u><\/strong> : Business Administration &#8211; Human resources &#8211; Marketing and Communication &#8211; Project Management &#8211; Supply Chain Management &#8211; Accounting and Finance &#8211; Banking and Microfinance Management.<\/p>\n<p><strong>\u00a0<\/strong><\/p>\n<p><strong>\u00a0\u00a0\u00a0\u00a0\u00a0\u00a0\u00a0\u00a0\u00a0\u00a0\u00a0\u00a0\u00a0\u00a0\u00a0\u00a0\u00a0\u00a0\u00a0\u00a0\u00a0\u00a0\u00a0\u00a0\u00a0\u00a0\u00a0\u00a0\u00a0\u00a0\u00a0\u00a0\u00a0\u00a0\u00a0\u00a0\u00a0\u00a0\u00a0\u00a0\u00a0\u00a0\u00a0\u00a0\u00a0\u00a0\u00a0\u00a0\u00a0\u00a0\u00a0\u00a0\u00a0\u00a0\u00a0 <\/strong><strong><u>NOUVEAU REGIME<\/u><\/strong><\/p>\n<ul>\n<li><strong>BTS<\/strong><\/li>\n<\/ul>\n<p><strong><u>Fili\u00e8re 1<\/u><\/strong><strong>\u00a0: G\u00e9nie Electrique\u00a0: <\/strong><\/p>\n<p><strong><u>Sp\u00e9cialit\u00e9s<\/u><\/strong>\u00a0: Contr\u00f4le, Instrumentation et R\u00e9gulation\u00a0&#8211; Maintenance des \u00e9quipements industriels &#8211; Maintenance des Equipements Electroniques &#8211; Electrotechnique.<\/p>\n<p><strong><u>Fili\u00e8re 2<\/u><\/strong><strong>\u00a0: G\u00e9nie m\u00e9canique et productique <\/strong><\/p>\n<p><strong><u>Sp\u00e9cialit\u00e9s<\/u><\/strong><strong>\u00a0<\/strong>: Technologies de la marine marchande (<em><u>Option<\/u><\/em>\u00a0: Hygi\u00e8ne, S\u00e9curit\u00e9 et Environnement).<\/p>\n<p><strong><u>Fili\u00e8re 3<\/u><\/strong><strong>\u00a0: G\u00e9nie Civil <\/strong><\/p>\n<p><strong><u>Sp\u00e9cialit\u00e9s<\/u><\/strong><strong>\u00a0<\/strong>: B\u00e2timent\u00a0&#8211; Travaux Publics.<\/p>\n<p><strong><u>Fili\u00e8re 4<\/u><\/strong><strong>\u00a0: G\u00e9nie M\u00e9canique et Productique <\/strong><\/p>\n<p><strong><u>Sp\u00e9cialit\u00e9<\/u><\/strong><strong>\u00a0<\/strong>: M\u00e9canique et Electronique Automobiles (<em><u>Option<\/u><\/em>\u00a0: Maintenance Apr\u00e8s-Vente Automobile)<\/p>\n<p><strong><u>Fili\u00e8re 5<\/u><\/strong><strong>\u00a0: Arts et M\u00e9tier de la Culture <\/strong><\/p>\n<p><strong><u>Sp\u00e9cialit\u00e9<\/u><\/strong><strong>\u00a0<\/strong>: Industrie du Textile et de l\u2019Habillement (<em><u>Option<\/u><\/em>\u00a0: Industrie de l\u2019Habillement).<\/p>\n<p><strong><u>Fili\u00e8re 6<\/u><\/strong><strong>\u00a0: G\u00e9nie Informatique <\/strong><\/p>\n<p><strong><u>Sp\u00e9cialit\u00e9s<\/u><\/strong><strong>\u00a0<\/strong>: Maintenance des Syst\u00e8mes Informatiques &#8211; Informatique Industrielle et Automatisme &#8211; G\u00e9nie logiciel &#8211; Infographie et Web-design.<\/p>\n<p><strong><u>Fili\u00e8re 7<\/u><\/strong><strong>\u00a0: R\u00e9seaux et T\u00e9l\u00e9communications<\/strong><\/p>\n<p><strong>\u00a0<\/strong><\/p>\n<ul>\n<li><strong>HND<\/strong><\/li>\n<\/ul>\n<p><strong><u>Fili\u00e8re<\/u><\/strong><strong> : Engineering and Technology<\/strong><\/p>\n<p><strong><u>Sp\u00e9cialit\u00e9s<\/u><\/strong> : Telecommunication &#8211; Electrical Power System &#8211; Computer Engineering &#8211; Hardware Maintenance &#8211; Software Engineering and Computer.<\/p>\n<p>&nbsp;<\/p>\n<ul>\n<li><strong>Licence professionnelle sous la tutelle acad\u00e9mique de l\u2019Universit\u00e9 de Dschang<\/strong><\/li>\n<\/ul>\n<p><strong><u>Fili\u00e8res<\/u><\/strong><strong> : Industrielle et Technologique<\/strong><\/p>\n<p><strong><u>Sp\u00e9cialit\u00e9s<\/u><\/strong> : G\u00e9nie Industriel et Technologique &#8211; Syst\u00e8mes d\u2019Information et Logiciel (<u>Options<\/u>\u00a0: Syst\u00e8me Informatique\u00a0; G\u00e9nie Logiciel) &#8211;\u00a0 Maintenance Informatique &#8211; Informatique Industrielle &#8211; R\u00e9seaux et T\u00e9l\u00e9communications (<u>Option<\/u>\u00a0: Gestion et S\u00e9curit\u00e9 des R\u00e9seaux).<\/p>\n<p><strong>\u00a0<\/strong><\/p>\n<ul>\n<li><strong>Master professionnel sous la tutelle acad\u00e9mique de l\u2019Universit\u00e9 de Dschang<\/strong><\/li>\n<\/ul>\n<p><strong><u>Fili\u00e8re<\/u><\/strong><strong>\u00a0: Industrielle et Technologique<\/strong><\/p>\n<p><strong><u>Sp\u00e9cialit\u00e9s<\/u><\/strong>\u00a0: Maintenance des Syst\u00e8mes Informatiques &#8211; Informatique Industrielle<\/p>\n<p>&nbsp;<\/p>\n<p><strong><u>NOUVEAU REGIME<\/u><\/strong><\/p>\n<ul>\n<li><strong>BTS<\/strong><\/li>\n<\/ul>\n<p><strong><u>Fili\u00e8re 1<\/u><\/strong><strong>\u00a0: Etudes m\u00e9dico-sanitaires. <\/strong><\/p>\n<p><strong><u>Sp\u00e9cialit\u00e9s<\/u><\/strong>\u00a0: Odontostomatologie &#8211; Sage-femme &#8211; Soins Infirmiers &#8211; Kin\u00e9sith\u00e9rapie.<\/p>\n<p><strong><u>Fili\u00e8re 2<\/u><\/strong><strong>\u00a0: Sciences et Techniques biom\u00e9dicales<\/strong>.<\/p>\n<p><strong><u>Sp\u00e9cialit\u00e9s<\/u><\/strong>\u00a0: Techniques pharmaceutiques &#8211; Radiologie et Imagerie &#8211; Technique de Laboratoire et d\u2019Analyse M\u00e9dical.<\/p>\n<p>&nbsp;<\/p>\n<ul>\n<li><strong>HPD<\/strong><\/li>\n<\/ul>\n<p><strong><u>Fili\u00e8re<\/u><\/strong><strong>\u00a0: Biomedical Science<\/strong><\/p>\n<p><strong><u>Sp\u00e9cialit\u00e9<\/u><\/strong>\u00a0: Nursing<\/p>\n<p><strong>\u00a0<\/strong><\/p>\n<ul>\n<li><strong>HND<\/strong><\/li>\n<\/ul>\n<p><strong><u>Fili\u00e8re<\/u><\/strong><strong> : Teaching, Education and Professional Development<\/strong><\/p>\n<p><strong><u>Sp\u00e9cialit\u00e9s<\/u><\/strong> : Education (<u>Options<\/u> : Distance and Continuing Education; Professional Studies in Education) &#8211; Didactics, Educational Planning and Curriculum Development.<\/p>\n<p>&nbsp;<\/p>\n<ul>\n<li><strong>Licence Professionnelle des Universit\u00e9s de Buea et de Dschang<\/strong><\/li>\n<\/ul>\n<p><strong><u>Fili\u00e8re<\/u><\/strong><strong>\u00a0: <\/strong><strong>Professions M\u00e9dicales, M\u00e9dico \u2013Sanitaires<\/strong> <strong>et Pharmaceutiques<\/strong><\/p>\n<p><strong><u>Sp\u00e9cialit\u00e9s<\/u><\/strong> : Technique de Laboratoire M\u00e9dical &#8211; Soins Infirmiers\u00a0&#8211; kin\u00e9sith\u00e9rapie &#8211; Etudes M\u00e9dicales (<em><u>Options<\/u><\/em>\u00a0: Imagerie M\u00e9dicale\u00a0; Sant\u00e9 de Reproduction\u00a0; Electrosonographie)\u00a0&#8211; Etudes Pharmaceutiques &#8211; Techniques de Sant\u00e9 Publique.<\/p>\n<p><strong>\u00a0<\/strong><\/p>\n<ul>\n<li><strong>Master Professionnel de l\u2019Universit\u00e9 de Buea<\/strong><\/li>\n<\/ul>\n<p><strong><u>Fili\u00e8re<\/u><\/strong><strong>\u00a0: <\/strong><strong>Professions M\u00e9dicales, M\u00e9dico-Sanitaires<\/strong> <strong>et Pharmaceutiques<\/strong><\/p>\n<p><strong><u>Sp\u00e9cialit\u00e9s<\/u><\/strong>\u00a0: Contr\u00f4le des Maladies Infectieuses &#8211; Biochimie M\u00e9dicale &#8211; Management des services de Sant\u00e9.<\/p>\n<p>&nbsp;<\/p>\n<p><strong><u>NOUVEAU REGIME <\/u><\/strong><\/p>\n<ul>\n<li><strong>HND<\/strong><\/li>\n<\/ul>\n<p><strong><u>Fili\u00e8re<\/u><\/strong><strong> : Management <\/strong><\/p>\n<p><strong><u>Sp\u00e9cialit\u00e9s<\/u><\/strong> : Human Resources Management \u2013 Logistics and Transport Management \u2013 Informations Systems Management<\/p>\n<p><strong><u>Fili\u00e8tre<\/u><\/strong> : Business and Finance<\/p>\n<p><strong><u>Sp\u00e9cialit\u00e9s<\/u><\/strong> : Insurance \u2013 International Trade &#8211; Microfinance<\/p>\n<p><strong>\u00a0<\/strong><\/p>\n","protected":false},"excerpt":{"rendered":"<p>&#46;&#46;&#46;<\/p>\n","protected":false},"author":2,"featured_media":0,"parent":1743,"menu_order":0,"comment_status":"closed","ping_status":"closed","template":"","meta":[],"_links":{"self":[{"href":"https:\/\/www.minesup.gov.cm\/index.php\/wp-json\/wp\/v2\/pages\/7945"}],"collection":[{"href":"https:\/\/www.minesup.gov.cm\/index.php\/wp-json\/wp\/v2\/pages"}],"about":[{"href":"https:\/\/www.minesup.gov.cm\/index.php\/wp-json\/wp\/v2\/types\/page"}],"author":[{"embeddable":true,"href":"https:\/\/www.minesup.gov.cm\/index.php\/wp-json\/wp\/v2\/users\/2"}],"replies":[{"embeddable":true,"href":"https:\/\/www.minesup.gov.cm\/index.php\/wp-json\/wp\/v2\/comments?post=7945"}],"version-history":[{"count":0,"href":"https:\/\/www.minesup.gov.cm\/index.php\/wp-json\/wp\/v2\/pages\/7945\/revisions"}],"up":[{"embeddable":true,"href":"https:\/\/www.minesup.gov.cm\/index.php\/wp-json\/wp\/v2\/pages\/1743"}],"wp:attachment":[{"href":"https:\/\/www.minesup.gov.cm\/index.php\/wp-json\/wp\/v2\/media?parent=7945"}],"curies":[{"name":"wp","href":"https:\/\/api.w.org\/{rel}","templated":true}]}}