{"id":7947,"date":"2019-06-24T15:10:12","date_gmt":"2019-06-24T13:10:12","guid":{"rendered":"https:\/\/minesup.gov.cm\/?page_id=7947"},"modified":"2019-06-24T15:10:12","modified_gmt":"2019-06-24T13:10:12","slug":"institut-universitaire-louis-yinda-iuly","status":"publish","type":"page","link":"https:\/\/www.minesup.gov.cm\/index.php\/region-du-littoral\/institut-universitaire-louis-yinda-iuly\/","title":{"rendered":"Institut Universitaire Louis Yinda (IULY)"},"content":{"rendered":"<p><strong>INFORMATIONS D\u2019IDENTIFICATION<\/strong><\/p>\n<p><strong>Nom de l\u2019institution\u00a0<\/strong>: Institut Universitaire Louis Yinda (IULY)<br \/>\n<strong>Nom du promoteur<\/strong>\u00a0: Louis YINDA<br \/>\n<strong>R\u00e9gion\u00a0<\/strong>: Littoral<br \/>\n<strong>D\u00e9partement\u00a0<\/strong>: <a href=\"https:\/\/www.google.com\/search?q=Sanaga-Maritime&amp;stick=H4sIAAAAAAAAAONgVuLSz9U3MK3KTiqrWMTKH5yYl5ieqOubWJRZkpmbCgBH4t-RIAAAAA&amp;sa=X&amp;ved=2ahUKEwjIstjHttngAhWAw8QBHQP8Bb4QmxMoATAOegQIBRAH&amp;biw=1600&amp;bih=1086\">Sanaga-Maritime<\/a><br \/>\n<strong>Arrondissement\u00a0<\/strong>:<br \/>\n<strong>Site de localisation\u00a0<\/strong>: Pouma<br \/>\n<strong>Adresse postale<\/strong>\u00a0:12558<br \/>\n<strong>T\u00e9l\u00e9phone\u00a0<\/strong>: 699 80 19 93<br \/>\n<strong>Email<\/strong>\u00a0:<br \/>\n<strong>Site web<\/strong>\u00a0:<br \/>\n<strong>Adresse dans les r\u00e9seaux sociaux\u00a0<\/strong>:<\/p>\n<p><strong>\u00a0INFORMATIONS SUR LE STATUT D\u2019ACCR\u00c9DITATION<\/strong><\/p>\n<p><strong>Arr\u00eat\u00e9s portant cr\u00e9ation <\/strong>: N\u00b014\/0035\/MINESUP\/SG\/DDES du 11 mars 2014<\/p>\n<p><strong>Autorisation d\u2019ouverture<\/strong>\u00a0: Provisoire N\u00b013\/07485\/MINESUP\/SG\/DDES\/ESUP\/OAGS\/ebm du 24 octobre 2013<\/p>\n<p><strong>FILI\u00c8RES, SP\u00c9CIALIT\u00c9S ET DIPL\u00d4MES AUTORIS\u00c9S<\/strong><\/p>\n<p><strong>\u00a0\u00a0\u00a0\u00a0\u00a0\u00a0\u00a0 <u>ANCIEN REGIME<\/u><\/strong><\/p>\n<ul>\n<li><strong>BTS<\/strong><\/li>\n<\/ul>\n<p><strong>Fili\u00e8re\u00a0: G\u00e9nie de l\u2019Environnement<\/strong><\/p>\n<p><strong>\u00a0\u00a0\u00a0\u00a0\u00a0\u00a0\u00a0\u00a0\u00a0\u00a0\u00a0\u00a0\u00a0\u00a0\u00a0\u00a0\u00a0\u00a0\u00a0\u00a0\u00a0\u00a0\u00a0\u00a0\u00a0\u00a0\u00a0\u00a0\u00a0\u00a0\u00a0\u00a0\u00a0\u00a0\u00a0\u00a0\u00a0\u00a0\u00a0\u00a0\u00a0\u00a0\u00a0\u00a0\u00a0\u00a0\u00a0\u00a0\u00a0\u00a0\u00a0\u00a0\u00a0\u00a0\u00a0\u00a0 <u>FORMATIONS SOUS TUTELLES<\/u><\/strong><\/p>\n<ul>\n<li><strong>Licence et Master Professionnels<\/strong><\/li>\n<\/ul>\n<p><strong><u>Fili\u00e8re 1<\/u><\/strong><strong> : G\u00e9nie de l\u2019Environnement<\/strong><\/p>\n<p><strong><u>Fili\u00e8re 2<\/u><\/strong><strong> : G\u00e9nie des Energies Renouvelables<\/strong><\/p>\n<p><strong><u>Fili\u00e8re 3<\/u><\/strong><strong> : Hydraulique et Ma\u00eetrise des Eaux<\/strong><\/p>\n<p><strong>\u00a0<\/strong><\/p>\n<ul>\n<li><strong>BTS<\/strong><\/li>\n<\/ul>\n<p><strong><u>Fili\u00e8re<\/u><\/strong><strong>\u00a0: Agronomie<\/strong><\/p>\n<p><strong>\u00a0\u00a0\u00a0\u00a0\u00a0\u00a0\u00a0\u00a0\u00a0\u00a0\u00a0\u00a0\u00a0\u00a0\u00a0\u00a0\u00a0\u00a0\u00a0\u00a0\u00a0\u00a0\u00a0\u00a0\u00a0\u00a0\u00a0\u00a0\u00a0\u00a0\u00a0\u00a0\u00a0\u00a0\u00a0\u00a0\u00a0\u00a0\u00a0\u00a0\u00a0\u00a0\u00a0\u00a0\u00a0\u00a0\u00a0\u00a0\u00a0\u00a0\u00a0\u00a0\u00a0\u00a0\u00a0 <u>FORMATIONS SOUS TUTELLES<\/u><\/strong><\/p>\n<ul>\n<li><strong>Licence et Master Professionnels<\/strong><\/li>\n<\/ul>\n<p><strong><u>Fili\u00e8re 1<\/u><\/strong><strong>\u00a0: Agronomie<\/strong><\/p>\n<p><strong><u>Fili\u00e8re 2<\/u><\/strong><strong> : Biotechnologie<\/strong><\/p>\n<p><strong><u>Fili\u00e8re 3<\/u><\/strong><strong> : Agro-alimentaire<\/strong><\/p>\n<p><strong>\u00a0<\/strong><\/p>\n<p><strong>\u00a0<\/strong><\/p>\n<ul>\n<li><strong>BTS<\/strong><\/li>\n<\/ul>\n<p><strong><u>Fili\u00e8re<\/u><\/strong><strong> : Commerciale\u00a0 et de\u00a0 Gestion<\/strong><\/p>\n<p><strong><u>Sp\u00e9cialit\u00e9s<\/u><\/strong>\u00a0: Comptabilit\u00e9 et Gestion des Entreprises\u00a0&#8211; Banque\u00a0&#8211; Informatique de Gestion\u00a0&#8211; Commerce International\u00a0&#8211; Assurances\u00a0&#8211; Action Commerciale.<\/p>\n<p><strong>\u00a0<\/strong><\/p>\n<ul>\n<li><strong>DSEP<\/strong><\/li>\n<\/ul>\n<p><strong><u>Fili\u00e8re 1<\/u><\/strong><strong> : Droit<\/strong><\/p>\n<p><strong><u>Sp\u00e9cialit\u00e9s<\/u><\/strong> : Carri\u00e8re Juridique &#8211; Droit des Affaires<\/p>\n<p><u>Fili\u00e8re 2<\/u>\u00a0: Marketing Commerce Vente<\/p>\n<p><u>Fili\u00e8re 3<\/u>\u00a0: Finance et Comptabilit\u00e9<\/p>\n<p><u>Fili\u00e8re 4<\/u>\u00a0: Banque<\/p>\n<p><strong><u>Fili\u00e8re\u00a05<\/u><\/strong><strong>\u00a0: Expertise Comptable<\/strong><\/p>\n<p><strong>Dipl\u00f4me\u00a0: <\/strong>Licence et Master Professionnels<\/p>\n<p><strong><u>Fili\u00e8re 1<\/u><\/strong><strong> : Gestion<\/strong><\/p>\n<p><strong><u>Fili\u00e8re 2<\/u><\/strong><strong> : Economie de l\u2019Environnement<\/strong><\/p>\n<p><strong><u>Fili\u00e8re 3<\/u><\/strong><strong> : D\u00e9veloppement Rural et Local<\/strong><\/p>\n<p><strong><u>Fili\u00e8re 4<\/u><\/strong><strong> : Economie Rurale et Agroalimentaire<\/strong><\/p>\n<p><strong><u>Fili\u00e8re 5<\/u><\/strong><strong> : Economie de l\u2019Environnement, D\u00e9veloppement Durable et\u00a0 Changement Climatique<\/strong><\/p>\n<p><strong>\u00a0<\/strong><\/p>\n<ul>\n<li><strong>DSEP<\/strong><\/li>\n<\/ul>\n<p><strong><u>Fili\u00e8re<\/u><\/strong><strong> : Professions Biom\u00e9dicales et M\u00e9dico-Sanitaires<\/strong><\/p>\n<p><strong><u>Sp\u00e9cialit\u00e9s<\/u><\/strong><strong>\u00a0<\/strong>: Kin\u00e9sith\u00e9rapie &#8211; Imagerie M\u00e9dicale &#8211; Soins Infirmiers &#8211; Techniques de Laboratoire M\u00e9dical &#8211; Technique de Sant\u00e9 Publique.<\/p>\n<p><strong>\u00a0\u00a0\u00a0\u00a0\u00a0\u00a0\u00a0\u00a0\u00a0\u00a0\u00a0\u00a0\u00a0\u00a0\u00a0\u00a0\u00a0\u00a0\u00a0\u00a0\u00a0\u00a0\u00a0\u00a0\u00a0\u00a0\u00a0\u00a0\u00a0\u00a0\u00a0\u00a0\u00a0\u00a0\u00a0\u00a0\u00a0\u00a0\u00a0\u00a0\u00a0\u00a0\u00a0\u00a0 <u>FORMATIONS SOUS TUTELLES<\/u><\/strong><\/p>\n<p><strong>\u00a0<\/strong><\/p>\n<ul>\n<li><strong>Licence et Master Professionnels<\/strong><\/li>\n<\/ul>\n<p><strong><u>Fili\u00e8re<\/u><\/strong><strong> : Professions Biom\u00e9dicales et M\u00e9dico-Sanitaires<\/strong><\/p>\n<p><strong><u>Sp\u00e9cialit\u00e9s<\/u><\/strong>\u00a0: &#8211; Kin\u00e9sith\u00e9rapie &#8211; Imagerie M\u00e9dicale &#8211; Soins Infirmiers &#8211; Technique de Laboratoire M\u00e9dical &#8211; Techniques de Sant\u00e9 Publique &#8211; Contr\u00f4le des Maladies Infectieuses &#8211; Biochimie M\u00e9dicale &#8211; Management des services de Sant\u00e9.<\/p>\n<p>&nbsp;<\/p>\n<p>&nbsp;<\/p>\n","protected":false},"excerpt":{"rendered":"<p>&#46;&#46;&#46;<\/p>\n","protected":false},"author":2,"featured_media":0,"parent":1743,"menu_order":0,"comment_status":"closed","ping_status":"closed","template":"","meta":[],"_links":{"self":[{"href":"https:\/\/www.minesup.gov.cm\/index.php\/wp-json\/wp\/v2\/pages\/7947"}],"collection":[{"href":"https:\/\/www.minesup.gov.cm\/index.php\/wp-json\/wp\/v2\/pages"}],"about":[{"href":"https:\/\/www.minesup.gov.cm\/index.php\/wp-json\/wp\/v2\/types\/page"}],"author":[{"embeddable":true,"href":"https:\/\/www.minesup.gov.cm\/index.php\/wp-json\/wp\/v2\/users\/2"}],"replies":[{"embeddable":true,"href":"https:\/\/www.minesup.gov.cm\/index.php\/wp-json\/wp\/v2\/comments?post=7947"}],"version-history":[{"count":0,"href":"https:\/\/www.minesup.gov.cm\/index.php\/wp-json\/wp\/v2\/pages\/7947\/revisions"}],"up":[{"embeddable":true,"href":"https:\/\/www.minesup.gov.cm\/index.php\/wp-json\/wp\/v2\/pages\/1743"}],"wp:attachment":[{"href":"https:\/\/www.minesup.gov.cm\/index.php\/wp-json\/wp\/v2\/media?parent=7947"}],"curies":[{"name":"wp","href":"https:\/\/api.w.org\/{rel}","templated":true}]}}