{"id":7959,"date":"2019-06-24T15:23:05","date_gmt":"2019-06-24T13:23:05","guid":{"rendered":"https:\/\/minesup.gov.cm\/?page_id=7959"},"modified":"2019-06-24T15:23:05","modified_gmt":"2019-06-24T13:23:05","slug":"higher-institute-of-sciences-and-technology-hist","status":"publish","type":"page","link":"https:\/\/www.minesup.gov.cm\/index.php\/region-du-littoral\/higher-institute-of-sciences-and-technology-hist\/","title":{"rendered":"Higher Institute of Sciences and Technology (HIST)"},"content":{"rendered":"<p><strong>INFORMATIONS D\u2019IDENTIFICATION<\/strong><\/p>\n<p><strong>Nom de l\u2019institution\u00a0<\/strong>: Higher Institute of Sciences and Technology (HIST)<br \/>\n<strong>Nom du promoteur<\/strong>\u00a0: BONA BONA Th\u00e9ophile Marcel<br \/>\n<strong>R\u00e9gion\u00a0<\/strong>: Littoral<br \/>\n<strong>D\u00e9partement\u00a0<\/strong>: Wouri<br \/>\n<strong>Arrondissement\u00a0<\/strong>: Douala<br \/>\n<strong>Site de localisation\u00a0<\/strong>:<br \/>\n<strong>Adresse postale<\/strong>\u00a0: 15712 Douala<br \/>\n<strong>T\u00e9l\u00e9phone\u00a0<\/strong>: 699 96 86 83<br \/>\n<strong>Email<\/strong>\u00a0:<br \/>\n<strong>Site web<\/strong>\u00a0:<br \/>\n<strong>Adresse dans les r\u00e9seaux sociaux\u00a0<\/strong>:<\/p>\n<p><strong>INFORMATIONS SUR LE STATUT D\u2019ACCR\u00c9DITATION<\/strong><\/p>\n<p><strong>Arr\u00eat\u00e9s portant cr\u00e9ation <\/strong>: L\/MINESUP\/SG\/DDES\/SDA\/LMN du 16 octobre 2018<br \/>\n<strong>Autorisation d\u2019ouverture<\/strong>\u00a0: L\/MINESUP\/SG\/DDES\/SDA\/LMN du 16 octobre 2018<\/p>\n<p><strong>FILI\u00c8RES, SP\u00c9CIALIT\u00c9S ET DIPL\u00d4MES AUTORIS\u00c9S<\/strong><\/p>\n<p><strong><u>NOUVEAU REGIME<\/u><\/strong><\/p>\n<ul>\n<li><strong>HND<\/strong><\/li>\n<\/ul>\n<p><strong><u>Fili\u00e8re<\/u><\/strong><strong>: Agriculture, <\/strong><\/p>\n<p><strong><u>Specialties<\/u><\/strong><em>:<\/em> Animal production Technology \u2013 Crop production Technology \u2013 Agro pastoral Advice \u2013 Agropastotal entrepreneuship.<\/p>\n<p><strong><u>Fili\u00e8re<\/u>: Thermal and Energy Engineering, <\/strong><\/p>\n<p><strong><u>Specialties<\/u><\/strong><strong>:<\/strong> Air conditioning and refrigeration \u2013 Renewable energy.<\/p>\n<p><strong><u>Fili\u00e8re<\/u><\/strong><strong>: Information and Communication,<\/strong><\/p>\n<p><strong><u>Specialties<\/u><\/strong><strong>: <\/strong>Journalism &#8211; advertising and public relations \u2013 corporate communication \u2013 editing printing and publishing.<\/p>\n<p><strong><u>Fili\u00e8re<\/u><\/strong><strong>:\u00a0 Electrical Engineering,<\/strong><\/p>\n<p><strong><u>Specialties<\/u><\/strong>: Electronics \u2013 Electrotechnics \u2013 electrical power system \u2013 maintenance of biomedical equipment \u2013 maintenance of industrial system control, instrumentation and regulation.<\/p>\n<p><strong><u>Fili\u00e8re<\/u><\/strong><strong>:\u00a0 Network and telecommunication,<\/strong><\/p>\n<p><strong><u>Specialties<\/u><\/strong><strong>: <\/strong>Telecommunication &#8211; network and security.<\/p>\n<p><strong><u>Fili\u00e8re<\/u><\/strong><strong>: Computer Engineering, <\/strong><\/p>\n<p><strong><u>Specialties<\/u><\/strong> <strong>: <\/strong>Computer Engineering \u2013 computer Maintenance \u2013 industrial computing and Automatism \u2013 Computer Graphics and Web Design \u2013 E Commerce and Digital Marketing.<\/p>\n<p><strong><u>Fili\u00e8re<\/u><\/strong><strong>: Legal careers <\/strong><\/p>\n<p><strong><u>Specialties<\/u><\/strong>: legal assistant \u2013 Business and Company law \u2013 private and public land law \u2013 stock exchange &#8211; customs and Transit.<\/p>\n<p><strong><u>Fili\u00e8re<\/u><\/strong><strong>: Medical and biomedical Sciences,<\/strong><\/p>\n<p><strong><u>Specialties<\/u><\/strong><strong>: <\/strong>Nursing \u2013 medical laboratory Studies \u2013 Pharmacy Technology \u2013 Midwifery \u2013 physiotherapy \u2013 Nutrition and dietetics<strong> \u2013 <\/strong>health care management.<\/p>\n<p><strong><u>Fili\u00e8re<\/u><\/strong><strong>: Business, Finance and Management <\/strong><\/p>\n<p><strong><u>Specialties<\/u><\/strong><em>\u00a0<\/em><strong>: <\/strong>Accountancy \u2013 banking and finance \u2013 insurance \u2013 management \u2013 marketing \u2013 secretarial studies \u2013 public service and administration \u2013 logistics and transport \u2013 business and information Technology \u2013 international trade\u00a0 and sales &#8211;\u00a0 microfinance .<\/p>\n<p><strong><u>Fili\u00e8re<\/u><\/strong><strong>: Mechanical Engineering<\/strong><\/p>\n<p><strong><u>Specialties<\/u><\/strong><strong>: <\/strong>Metal construction \u2013 Automobile mechanics<strong>&#8211; <\/strong>mechanical manufacturing \u2013 Mechanics and automobile electronics \u2013 Technology of Merchant navy \u2013 mechanical construction.<\/p>\n<p><strong><u>Fili\u00e8re<\/u><\/strong><strong>:\u00a0 Civil Engineering, <\/strong><\/p>\n<p><strong><u>Specialties<\/u><\/strong><strong>: <\/strong>Civil Engineering technology<strong> \u2013 <\/strong>Roads and civil Engineering structure \u2013 Topography \u2013 Urban planning \u2013 sanitary installation and plumbing \u2013 building science and technology.<\/p>\n<p><strong><u>Fili\u00e8re<\/u><\/strong><strong> : Management, <\/strong><\/p>\n<p><strong><u>Specialties<\/u><\/strong><strong>: <\/strong>Assistant manager \u2013 business management \u2013 air transport management \u2013 Nongovernmental Organization Management \u2013 Project Management \u2013 Human resources management \u2013 Logistics and Transport Management &#8211; Information System management &#8211; Management of territorial communities &#8211; statistics \u2013 fiscal management \u2013 Shipping Management \u2013 Insurance and Risk management.<\/p>\n","protected":false},"excerpt":{"rendered":"<p>&#46;&#46;&#46;<\/p>\n","protected":false},"author":2,"featured_media":0,"parent":1743,"menu_order":0,"comment_status":"closed","ping_status":"closed","template":"","meta":[],"_links":{"self":[{"href":"https:\/\/www.minesup.gov.cm\/index.php\/wp-json\/wp\/v2\/pages\/7959"}],"collection":[{"href":"https:\/\/www.minesup.gov.cm\/index.php\/wp-json\/wp\/v2\/pages"}],"about":[{"href":"https:\/\/www.minesup.gov.cm\/index.php\/wp-json\/wp\/v2\/types\/page"}],"author":[{"embeddable":true,"href":"https:\/\/www.minesup.gov.cm\/index.php\/wp-json\/wp\/v2\/users\/2"}],"replies":[{"embeddable":true,"href":"https:\/\/www.minesup.gov.cm\/index.php\/wp-json\/wp\/v2\/comments?post=7959"}],"version-history":[{"count":0,"href":"https:\/\/www.minesup.gov.cm\/index.php\/wp-json\/wp\/v2\/pages\/7959\/revisions"}],"up":[{"embeddable":true,"href":"https:\/\/www.minesup.gov.cm\/index.php\/wp-json\/wp\/v2\/pages\/1743"}],"wp:attachment":[{"href":"https:\/\/www.minesup.gov.cm\/index.php\/wp-json\/wp\/v2\/media?parent=7959"}],"curies":[{"name":"wp","href":"https:\/\/api.w.org\/{rel}","templated":true}]}}