{"id":7961,"date":"2019-06-24T15:24:55","date_gmt":"2019-06-24T13:24:55","guid":{"rendered":"https:\/\/minesup.gov.cm\/?page_id=7961"},"modified":"2019-06-24T15:24:55","modified_gmt":"2019-06-24T13:24:55","slug":"st-louis-higher-institute-of-medical-studies-douala-slhims","status":"publish","type":"page","link":"https:\/\/www.minesup.gov.cm\/index.php\/region-du-littoral\/st-louis-higher-institute-of-medical-studies-douala-slhims\/","title":{"rendered":"St Louis Higher Institute of Medical Studies \u2013 Douala (SLHIMS)"},"content":{"rendered":"<p><strong>INFORMATIONS D\u2019IDENTIFICATION<\/strong><\/p>\n<p><strong>Nom de l\u2019institution\u00a0<\/strong>: St Louis Higher Institute of Medical Studies \u2013 Douala (SLHIMS)<br \/>\n<strong>Nom du promoteur<\/strong>\u00a0: Nick NGWANYAM<br \/>\n<strong>R\u00e9gion\u00a0<\/strong>: Littoral<br \/>\n<strong>D\u00e9partement\u00a0<\/strong>: Wouri<br \/>\n<strong>Arrondissement\u00a0<\/strong>: Douala 5<sup>\u00e8me<\/sup><br \/>\n<strong>Site de localisation\u00a0<\/strong>: Bonamoussadi (Denver)<br \/>\n<strong>Adresse postale<\/strong>\u00a0: 161 Bamenda<br \/>\n<strong>T\u00e9l\u00e9phone\u00a0<\/strong>: 677 76 46 74<br \/>\n<strong>Email<\/strong>\u00a0:<br \/>\n<strong>Site web<\/strong>\u00a0:<br \/>\n<strong>Adresse dans les r\u00e9seaux sociaux\u00a0<\/strong>:<\/p>\n<p><strong>INFORMATIONS SUR LE STATUT D\u2019ACCR\u00c9DITATION<\/strong><\/p>\n<p><strong>Arr\u00eat\u00e9s portant cr\u00e9ation <\/strong>: L\/MINESUP\/SG\/DDES\/SDA\/OAGS du 26 octobre 2018<br \/>\n<strong>Autorisation d\u2019ouverture<\/strong>\u00a0: L\/MINESUP\/SG\/DDES\/SDA\/OAGS du 26 octobre 2018<\/p>\n<p><strong>FILI\u00c8RES, SP\u00c9CIALIT\u00c9S ET DIPL\u00d4MES AUTORIS\u00c9S<\/strong><\/p>\n<ul>\n<li><strong>Pour le BTS<\/strong><\/li>\n<\/ul>\n<p><strong><u>Fili\u00e8re 1<\/u><\/strong><strong> : Etudes M\u00e9dico-sanitaires<\/strong><\/p>\n<p><strong><u>Sp\u00e9cialit\u00e9s<\/u><\/strong> : Sage-femme &#8211; Sciences Infirmi\u00e8res &#8211; Kin\u00e9sith\u00e9rapie &#8211; Opticien lunetier &#8211; Odontostomatologie.<\/p>\n<p><strong><u>Fili\u00e8re 2<\/u><\/strong><strong> : Sciences et Techniques Biom\u00e9dicales<\/strong><\/p>\n<p><strong><u>Sp\u00e9cialit\u00e9s<\/u><\/strong> : Techniques de laboratoire et d\u2019analyse m\u00e9dicale &#8211; Radiologie et Imagerie &#8211; Techniques Pharmaceutiques.<\/p>\n<ul>\n<li><strong>Pour le HND<\/strong><\/li>\n<\/ul>\n<p><strong><u>Fili\u00e8re<\/u><\/strong><strong> : Biomedical and Medico-sanitary Sciences<\/strong><\/p>\n<p><strong><u>Sp\u00e9cialit\u00e9s<\/u><\/strong> : Nursing &#8211; Medical Laboratory Sciences &#8211; Medical Imaging Technology &#8211; Pharmacy Technology &#8211; Dental Therapy &#8211; Dental Prosthesis &#8211; Midwifery &#8211; Optician &#8211; Physiotherapy &#8211; Nutrition And Dietetics &#8211; Health Care Management &#8211; Health Sanitary Inspector &#8211; Clinical Optometry And Ophthalmic Assistance &#8211; Prosthetics And Orthotics.<\/p>\n","protected":false},"excerpt":{"rendered":"<p>&#46;&#46;&#46;<\/p>\n","protected":false},"author":2,"featured_media":0,"parent":1743,"menu_order":0,"comment_status":"closed","ping_status":"closed","template":"","meta":[],"_links":{"self":[{"href":"https:\/\/www.minesup.gov.cm\/index.php\/wp-json\/wp\/v2\/pages\/7961"}],"collection":[{"href":"https:\/\/www.minesup.gov.cm\/index.php\/wp-json\/wp\/v2\/pages"}],"about":[{"href":"https:\/\/www.minesup.gov.cm\/index.php\/wp-json\/wp\/v2\/types\/page"}],"author":[{"embeddable":true,"href":"https:\/\/www.minesup.gov.cm\/index.php\/wp-json\/wp\/v2\/users\/2"}],"replies":[{"embeddable":true,"href":"https:\/\/www.minesup.gov.cm\/index.php\/wp-json\/wp\/v2\/comments?post=7961"}],"version-history":[{"count":0,"href":"https:\/\/www.minesup.gov.cm\/index.php\/wp-json\/wp\/v2\/pages\/7961\/revisions"}],"up":[{"embeddable":true,"href":"https:\/\/www.minesup.gov.cm\/index.php\/wp-json\/wp\/v2\/pages\/1743"}],"wp:attachment":[{"href":"https:\/\/www.minesup.gov.cm\/index.php\/wp-json\/wp\/v2\/media?parent=7961"}],"curies":[{"name":"wp","href":"https:\/\/api.w.org\/{rel}","templated":true}]}}