{"id":7963,"date":"2019-06-24T15:26:29","date_gmt":"2019-06-24T13:26:29","guid":{"rendered":"https:\/\/minesup.gov.cm\/?page_id=7963"},"modified":"2019-06-24T15:26:29","modified_gmt":"2019-06-24T13:26:29","slug":"saint-louis-higher-institute-of-engineering-and-technology-slhiet","status":"publish","type":"page","link":"https:\/\/www.minesup.gov.cm\/index.php\/region-du-littoral\/saint-louis-higher-institute-of-engineering-and-technology-slhiet\/","title":{"rendered":"Saint Louis Higher Institute of Engineering and Technology (SLHIET)"},"content":{"rendered":"<p><strong>INFORMATIONS D\u2019IDENTIFICATION<\/strong><\/p>\n<p><strong>Nom de l\u2019institution\u00a0<\/strong>: <strong>Saint Louis Higher Institute of Engineering and Technology (SLHIET)<\/strong><br \/>\n<strong>Nom du promoteur<\/strong>\u00a0: NNick NGWANYAM<br \/>\n<strong>R\u00e9gion\u00a0<\/strong>: Littoral<br \/>\n<strong>D\u00e9partement\u00a0<\/strong>: Wouri<br \/>\n<strong>Arrondissement\u00a0<\/strong>: Douala 5<sup>\u00e8me<\/sup><br \/>\n<strong>Site de localisation\u00a0<\/strong>: Bonamoussadi (Denver)<br \/>\n<strong>Adresse postale<\/strong>\u00a0: 161 Bamenda<br \/>\n<strong>T\u00e9l\u00e9phone\u00a0<\/strong>: 677 76 46 74<br \/>\n<strong>Email<\/strong>\u00a0:<br \/>\n<strong>Site web<\/strong>\u00a0:<br \/>\n<strong>Adresse dans les r\u00e9seaux sociaux\u00a0<\/strong>:<\/p>\n<p><strong>INFORMATIONS SUR LE STATUT D\u2019ACCR\u00c9DITATION<\/strong><\/p>\n<p><strong>Arr\u00eat\u00e9s portant cr\u00e9ation <\/strong>: L\/MINESUP\/SG\/DDES\/SDA\/OAGS du 25 avril 2019<br \/>\n<strong>Autorisation d\u2019ouverture<\/strong>\u00a0: L\/MINESUP\/SG\/DDES\/SDA\/OAGS du 25 avril 2019<\/p>\n<p><strong>FILI\u00c8RES, SP\u00c9CIALIT\u00c9S ET DIPL\u00d4MES AUTORIS\u00c9S<\/strong><\/p>\n<ul>\n<li><strong>Pour le HND<\/strong><\/li>\n<\/ul>\n<p><u>Fili\u00e8re 1<\/u>\u00a0: <strong>Agriculture and Food Sciences<\/strong>. <u>Sp\u00e9cialit\u00e9s<\/u>\u00a0: Agricultural Engineering &#8211; Food Technology &#8211; Animal Production Technology &#8211; Crop Production Technology &#8211; Fisheries Management &#8211; Agro-pastoral Adviser &#8211; Agro-pastoral Entrepreneurship &#8211; Agricultural Business Technics &#8211; Aquaculture &#8211; Agricultural Production Technology.<\/p>\n<p><u>Fili\u00e8re 2<\/u> : <strong>Environmental Sciences<\/strong>. <u>Sp\u00e9cialit\u00e9s<\/u> : Agro-forestry and Forest Management &#8211; Nature Management and Protection &#8211; Risk Management &#8211; Pollution Prevention and Remediation &#8211; Meteorology &#8211; Solid Waste Management &#8211; Wildlife Management &#8211; Environmental Impact Assessment &#8211; Forest Engineering.<\/p>\n<p><u>Fili\u00e8re 3<\/u> : <strong>Civil Engineering<\/strong>. <u>Sp\u00e9cialit\u00e9s<\/u> : Civil Engineering Technology &#8211; Topography &#8211; Urban Planning &#8211; Geotechnics &#8211; Sanitary Installation and Plumbing &#8211; Building Science and Technology &#8211; Wood Works (Options : Carpentry ; Cabinetmaking) &#8211; Real Estate Maintenance &#8211; Roads and Civil Engineering.<\/p>\n<p><u>Fili\u00e8re 4<\/u> : <strong>Mechanical Engineering<\/strong>. <u>Sp\u00e9cialit\u00e9s<\/u> : Metal Construction \u2013 Mechanical Manufacturing \u2013 Mechanical Construction \u2013 Boiler Makin and Welding.<\/p>\n<p><u>Fili\u00e8re 5<\/u> : <strong>Chemical Engineering<\/strong>. <u>Sp\u00e9cialit\u00e9s<\/u> : Chemical Manufacturing &#8211; Chemical Process Technology &#8211; Chemical Laboratory Technology.<\/p>\n<p><u>Fili\u00e8re 6<\/u> : <strong>Biological Engineering<\/strong>. <u>Sp\u00e9cialit\u00e9<\/u> : Agricutural Biotechnology.<\/p>\n<p><u>Fili\u00e8re 8<\/u> : <strong>Electrical Engineering<\/strong>. <u>Sp\u00e9cialit\u00e9s<\/u> : Electronics &#8211; Electrotechnics &#8211; Electrical Power System &#8211; Maintenance of Biomedical Equipment &#8211; Control, Instrumentation and Regulation.<\/p>\n<p><u>Fili\u00e8re 9<\/u> : <strong>Thermal and Energy Engineering<\/strong>. <u>Sp\u00e9cialit\u00e9s<\/u> : Air Conditioning and Refrigeration &#8211; Sustainability and Renewable Energy &#8211; Maintenance and Management of Fluid System.<\/p>\n<p><u>Fili\u00e8re 10<\/u> : <strong>Networks and Telecommunication<\/strong>. <u>Sp\u00e9cialit\u00e9s<\/u> : Telecommunication &#8211; Network and Security.<\/p>\n<p><u>Fili\u00e8re 11<\/u> : <strong>Computer Engineering<\/strong>. <u>Sp\u00e9cialit\u00e9s<\/u> : Computer Engineering (Options : Software Engineering ; Computer Science and Networks ; Date Base Management) &#8211; Computer Maintenance (Option : Hardware Maintenance) &#8211; Industrial Computing and Automation &#8211; Computer Graphics and Web Design &#8211; E-commerce and Digital Marketing.<\/p>\n<p><strong>\u00a0<\/strong><\/p>\n<ul>\n<li><strong>Pour le BTS <\/strong><\/li>\n<\/ul>\n<p><u>Fili\u00e8re 1<\/u>\u00a0:<strong> G\u00e9nie Electrique<\/strong>. <u>Sp\u00e9cialit\u00e9s<\/u><strong>\u00a0<\/strong>: Electrotechnique &#8211; Maintenance des syst\u00e8mes \u00e9lectroniques &#8211; Energies renouvelables &#8211; Contr\u00f4le, Instrumentation et R\u00e9gulation &#8211; Maintenance des \u00e9quipements industriels &#8211; maintenance des appareils biom\u00e9dicaux.<\/p>\n<p><u>Fili\u00e8re 2<\/u><strong>\u00a0<\/strong>: <strong>Chimie, G\u00e9nie Chimique et des Proc\u00e9d\u00e9s<\/strong>. <u>Sp\u00e9cialit\u00e9s<\/u>\u00a0: Chimie g\u00e9n\u00e9rale &#8211; G\u00e9nie chimique et des proc\u00e9d\u00e9s.<\/p>\n<p><u>Fili\u00e8re 3<\/u>\u00a0:<strong> G\u00e9nie Civil<\/strong>. <u>Sp\u00e9cialit\u00e9s<\/u>\u00a0: B\u00e2timent &#8211; Travaux publics &#8211; G\u00e9otechnique et G\u00e9ologie appliqu\u00e9e &#8211; G\u00e9om\u00e8tre Topographe &#8211; Installation sanitaire &#8211; Urbanisme &#8211; Menuiserie et Eb\u00e9nisterie.<\/p>\n<p><u>Fili\u00e8re 4<\/u>\u00a0:<strong> G\u00e9nie m\u00e9canique et Productique<\/strong>. <u>Sp\u00e9cialit\u00e9s<\/u>\u00a0: Construction et fabrication m\u00e9caniques &#8211;\u00a0 Construction m\u00e9tallique &#8211; Chaudronnerie et Soudure &#8211; M\u00e9canique et \u00e9lectronique automobiles &#8211; Maintenance des syst\u00e8mes industriels &#8211;\u00a0 Technologies de la Marine marchande.<\/p>\n<p><u>Fili\u00e8re 5<\/u>\u00a0:<strong> G\u00e9nie thermique<\/strong>. <u>Sp\u00e9cialit\u00e9<\/u><strong>\u00a0<\/strong>: G\u00e9nie thermique et Energie (Options\u00a0: Froid et Climatisation\u00a0; Maintenance des syst\u00e8mes fluides).<\/p>\n<p><u>Fili\u00e8re 6<\/u>\u00a0:<strong> G\u00e9nie biologique<\/strong>. <u>Sp\u00e9cialit\u00e9s<\/u>\u00a0: Analyses biologiques et biochimiques &#8211; Industries alimentaires &#8211; Di\u00e9t\u00e9tique &#8211; Biotechnologie agricole &#8211; Phytoth\u00e9rapie et Aromath\u00e9rapie.<\/p>\n<p><u>Fili\u00e8re 7<\/u><strong>\u00a0<\/strong>: <strong>Agriculture et Elevage<\/strong>. <u>Sp\u00e9cialit\u00e9s<\/u><strong>\u00a0<\/strong>: Production animale &#8211; Production v\u00e9g\u00e9tale &#8211; Aquaculture &#8211; Entreprenariat agropastoral &#8211; Conseiller Agropastoral &#8211; Techniques Commerciales Agricoles &#8211; Agro\u00e9quipement.<\/p>\n<p><u>Fili\u00e8re 8<\/u><strong>\u00a0<\/strong>: <strong>Sciences de l\u2019Environnement<\/strong>. <u>Sp\u00e9cialit\u00e9s<\/u><strong>\u00a0<\/strong>: Gestion Foresti\u00e8re &#8211; Gestion Environnementale &#8211; M\u00e9t\u00e9orologie.<\/p>\n<p><u>Fili\u00e8re 9<\/u>\u00a0:<strong> G\u00e9nie Informatique<\/strong>. <u>Sp\u00e9cialit\u00e9s<\/u><strong>\u00a0<\/strong>: G\u00e9nie logiciel &#8211; Infographie et Web-design &#8211; Maintenance des syst\u00e8mes informatiques &#8211; Informatique industrielle et Automatisme &#8211; E-Commerce et Marketing num\u00e9rique.<\/p>\n<p><u>Fili\u00e8re 10<\/u>\u00a0:<strong> R\u00e9seaux et T\u00e9l\u00e9communications<\/strong>. <u>Sp\u00e9cialit\u00e9s<\/u><strong>\u00a0<\/strong>: T\u00e9l\u00e9communications &#8211; R\u00e9seaux et S\u00e9curit\u00e9s).<\/p>\n","protected":false},"excerpt":{"rendered":"<p>&#46;&#46;&#46;<\/p>\n","protected":false},"author":2,"featured_media":0,"parent":1743,"menu_order":0,"comment_status":"closed","ping_status":"closed","template":"","meta":[],"_links":{"self":[{"href":"https:\/\/www.minesup.gov.cm\/index.php\/wp-json\/wp\/v2\/pages\/7963"}],"collection":[{"href":"https:\/\/www.minesup.gov.cm\/index.php\/wp-json\/wp\/v2\/pages"}],"about":[{"href":"https:\/\/www.minesup.gov.cm\/index.php\/wp-json\/wp\/v2\/types\/page"}],"author":[{"embeddable":true,"href":"https:\/\/www.minesup.gov.cm\/index.php\/wp-json\/wp\/v2\/users\/2"}],"replies":[{"embeddable":true,"href":"https:\/\/www.minesup.gov.cm\/index.php\/wp-json\/wp\/v2\/comments?post=7963"}],"version-history":[{"count":0,"href":"https:\/\/www.minesup.gov.cm\/index.php\/wp-json\/wp\/v2\/pages\/7963\/revisions"}],"up":[{"embeddable":true,"href":"https:\/\/www.minesup.gov.cm\/index.php\/wp-json\/wp\/v2\/pages\/1743"}],"wp:attachment":[{"href":"https:\/\/www.minesup.gov.cm\/index.php\/wp-json\/wp\/v2\/media?parent=7963"}],"curies":[{"name":"wp","href":"https:\/\/api.w.org\/{rel}","templated":true}]}}