{"id":7967,"date":"2019-06-24T15:31:08","date_gmt":"2019-06-24T13:31:08","guid":{"rendered":"https:\/\/minesup.gov.cm\/?page_id=7967"},"modified":"2019-06-24T15:31:08","modified_gmt":"2019-06-24T13:31:08","slug":"british-higher-institute-of-science-and-technology-bhist","status":"publish","type":"page","link":"https:\/\/www.minesup.gov.cm\/index.php\/region-du-littoral\/british-higher-institute-of-science-and-technology-bhist\/","title":{"rendered":"British Higher Institute of Science and Technology (BHIST)"},"content":{"rendered":"<p><strong>INFORMATIONS D\u2019IDENTIFICATION<\/strong><\/p>\n<p><strong>Nom de l\u2019institution\u00a0<\/strong>: British Higher Institute of Science and Technology (BHIST)<br \/>\n<strong>Nom du promoteur<\/strong>\u00a0: NDAM Marcel<br \/>\n<strong>R\u00e9gion\u00a0<\/strong>: Littoral<br \/>\n<strong>D\u00e9partement\u00a0<\/strong>: Wouri<br \/>\n<strong>Arrondissement\u00a0<\/strong>: Douala 5<sup>\u00e8me<\/sup><br \/>\n<strong>Site de localisation\u00a0<\/strong>: Makepe vers le Parcours Vita.<br \/>\n<strong>Adresse postale<\/strong>\u00a0: \/<br \/>\n<strong>T\u00e9l\u00e9phone\u00a0<\/strong>: 694.37.49.94<br \/>\n<strong>Email<\/strong>\u00a0:\u00a0ndam38@yahoo.fr<br \/>\n<strong>Site web<\/strong>\u00a0: \/<br \/>\n<strong>Adresse dans les r\u00e9seaux sociaux\u00a0<\/strong>: \/<\/p>\n<p><strong>INFORMATIONS SUR LE STATUT D\u2019ACCR\u00c9DITATION<\/strong><\/p>\n<p><strong>Arr\u00eat\u00e9s portant cr\u00e9ation <\/strong>: 19-05013\/L\/MINESUP\/SG\/DDES\/ESUP\/SDA\/AOSB du 29 avril 2019<br \/>\n<strong>Autorisation d\u2019ouverture<\/strong>\u00a0: 19-05013\/L\/MINESUP\/SG\/DDES\/ESUP\/SDA\/AOSB du 29 avril 2019<\/p>\n<p><strong>FILI\u00c8RES, SP\u00c9CIALIT\u00c9S ET DIPL\u00d4MES AUTORIS\u00c9ES<\/strong><\/p>\n<p><strong><u>NOUVEAU REGIME<\/u><\/strong><\/p>\n<ul>\n<li><strong>HND<\/strong><\/li>\n<\/ul>\n<p><strong><u>Fili\u00e8re<\/u><\/strong>\u00a0: <strong>Management<\/strong><\/p>\n<p><strong><u>Sp\u00e9cialit\u00e9s<\/u><\/strong>\u00a0: Logistics and Transport Management\u00a0&#8211; Assistant Manager<\/p>\n<p><strong><u>Fili\u00e8re<\/u><\/strong>\u00a0: <strong>Business and Finance<\/strong><\/p>\n<p><strong><u>Sp\u00e9cialit\u00e9s<\/u><\/strong>\u00a0: Insurance\u00a0\u2013 Banking and Finance \u2013 Accountancy \u2013 Marketing Trade Sale<\/p>\n<p><strong><u>Fili\u00e8re<\/u><\/strong> : <strong>Electrical and Electronic Engineering<\/strong><\/p>\n<p><strong><u>Sp\u00e9cialit\u00e9s<\/u><\/strong>\u00a0: Electronics \u2013 Electrotechnics \u2013 Maintenance of Industrial System \u2013 Maintenance of Biomedical Equipment \u2013 Control Instrumentation and Regulation<\/p>\n<p><strong><u>Fili\u00e8re<\/u><\/strong> <strong>: Chemical Engineering<\/strong><\/p>\n<p><strong><u>Sp\u00e9cialit\u00e9s<\/u><\/strong>\u00a0: Chemical Manufacturing \u2013 Chemical Process Technology \u2013 Chemical Laboratory Technology<\/p>\n<p><strong><u>Fili\u00e8re<\/u><\/strong> : <strong>Civil Engineering<\/strong><\/p>\n<p><strong><u>Sp\u00e9cialit\u00e9<\/u><\/strong>\u00a0: Civil Engineering Technology \u2013 Urban Planning<\/p>\n<p><strong><u>Fili\u00e8re<\/u><\/strong> : <strong>Networks and Telecommunication<\/strong><\/p>\n<p><strong><u>Sp\u00e9cialit\u00e9<\/u><\/strong><strong>\u00a0: <\/strong>Telecommunication<\/p>\n<p><strong><u>Fili\u00e8re<\/u><\/strong> : <strong>Computer Enginnering<\/strong><\/p>\n<p><strong><u>Sp\u00e9cialit\u00e9s<\/u><\/strong>\u00a0: Computer Engineering (Options\u00a0: Software Engineering \u2013 Hardware Maintenance)<\/p>\n<p>&nbsp;<\/p>\n","protected":false},"excerpt":{"rendered":"<p>&#46;&#46;&#46;<\/p>\n","protected":false},"author":2,"featured_media":0,"parent":1743,"menu_order":0,"comment_status":"closed","ping_status":"closed","template":"","meta":[],"_links":{"self":[{"href":"https:\/\/www.minesup.gov.cm\/index.php\/wp-json\/wp\/v2\/pages\/7967"}],"collection":[{"href":"https:\/\/www.minesup.gov.cm\/index.php\/wp-json\/wp\/v2\/pages"}],"about":[{"href":"https:\/\/www.minesup.gov.cm\/index.php\/wp-json\/wp\/v2\/types\/page"}],"author":[{"embeddable":true,"href":"https:\/\/www.minesup.gov.cm\/index.php\/wp-json\/wp\/v2\/users\/2"}],"replies":[{"embeddable":true,"href":"https:\/\/www.minesup.gov.cm\/index.php\/wp-json\/wp\/v2\/comments?post=7967"}],"version-history":[{"count":0,"href":"https:\/\/www.minesup.gov.cm\/index.php\/wp-json\/wp\/v2\/pages\/7967\/revisions"}],"up":[{"embeddable":true,"href":"https:\/\/www.minesup.gov.cm\/index.php\/wp-json\/wp\/v2\/pages\/1743"}],"wp:attachment":[{"href":"https:\/\/www.minesup.gov.cm\/index.php\/wp-json\/wp\/v2\/media?parent=7967"}],"curies":[{"name":"wp","href":"https:\/\/api.w.org\/{rel}","templated":true}]}}