{"id":7969,"date":"2019-06-24T15:35:08","date_gmt":"2019-06-24T13:35:08","guid":{"rendered":"https:\/\/minesup.gov.cm\/?page_id=7969"},"modified":"2019-06-25T23:36:44","modified_gmt":"2019-06-25T21:36:44","slug":"bonneau-superieur","status":"publish","type":"page","link":"https:\/\/www.minesup.gov.cm\/index.php\/region-du-sud\/bonneau-superieur\/","title":{"rendered":"BONNEAU SUPERIEUR"},"content":{"rendered":"<p style=\"text-align: center;\"><strong>\u00a0<\/strong><strong>INFORMATIONS D\u2019IDENTIFICATION<\/strong><\/p>\n<p><strong>Nom de l\u2019institution\u00a0<\/strong>: BONNEAU SUPERIEUR<br \/>\n<strong>Nom du promoteur<\/strong>\u00a0: Monseigneur Jean MBARGA<br \/>\n<strong>R\u00e9gion\u00a0<\/strong>: Sud<br \/>\n<strong>D\u00e9partement\u00a0<\/strong>:Mvila<br \/>\n<strong>Arrondissement\u00a0<\/strong>:<br \/>\n<strong>Site de localisation\u00a0<\/strong>: vers le Lyc\u00e9e Technique<br \/>\n<strong>Adresse postale<\/strong>\u00a0: Ebolowa<br \/>\n<strong>B.P<\/strong>.\u00a0:910<br \/>\n<strong>T\u00e9l\u00e9phone\u00a0<\/strong>: +237\u00a0674\u00a0898 833<br \/>\n<strong>Email<\/strong>\u00a0:\u00a0\/<br \/>\n<strong>Site web<\/strong>:\/<br \/>\n<strong>Adresse dans les r\u00e9seaux sociaux<\/strong>:\/<\/p>\n<p style=\"text-align: center;\"><strong>INFORMATIONS SUR LE STATUT D\u2019ACCR\u00c9DITATION<\/strong><\/p>\n<p><strong>Arr\u00eat\u00e9s portant cr\u00e9ation <\/strong>: N\u00b0 08\/0257\/MINESUP du 03 Octobre 2008<br \/>\n<strong>Autorisation d\u2019ouverture<\/strong>\u00a0: N\u00b0 08\/0258\/MINESUP du 03 Octobre 2008<\/p>\n<p style=\"text-align: center;\"><strong>FILI\u00c8RES, SP\u00c9CIALIT\u00c9S ET DIPL\u00d4MES AUTORIS\u00c9ES<\/strong><\/p>\n<p style=\"text-align: justify;\"><strong>Dipl\u00f4me BTS<\/strong><br \/>\nFili\u00e8re 1\u00a0: Commerciale et de gestion <em><u>Sp\u00e9cialit\u00e9s\u00a0<\/u>: (Commerce international\u00a0; Action Commerciale\u00a0; Assurances\u00a0; Gestion logistique et transport\u00a0; Secr\u00e9tariat de direction)<\/em><br \/>\nFili\u00e8re 2\u00a0: Communication <em><u>Sp\u00e9cialit\u00e9s<\/u>\u00a0: Information-Communication<\/em><br \/>\nFili\u00e8re 3\u00a0: Industrielle et technologique <em><u>Sp\u00e9cialit\u00e9<\/u>\u00a0: Maintenance des Syst\u00e8mes Informatiques<\/em><br \/>\nFili\u00e8re 4\u00a0: Sciences de l\u2019Education<\/p>\n<p style=\"text-align: justify;\"><strong>Dipl\u00f4me Licence Professionnelle<\/strong><br \/>\nFili\u00e8re 1\u00a0: Commerciale et de gestion <em><u>Sp\u00e9cialit\u00e9s<\/u>\u00a0: Banque\u00a0; Audit et contr\u00f4le de gestion\u00a0; Commerciale International\u00a0; Informatique de Gestion\u00a0; Marketing <\/em><br \/>\nFili\u00e8re 2\u00a0: Ressources Humaines<br \/>\nFili\u00e8re 3\u00a0: Communication <em><u>Sp\u00e9cialit\u00e9<\/u>\u00a0: Information \u2013 Communication<\/em><\/p>\n","protected":false},"excerpt":{"rendered":"<p>&#46;&#46;&#46;<\/p>\n","protected":false},"author":2,"featured_media":0,"parent":1751,"menu_order":0,"comment_status":"closed","ping_status":"closed","template":"","meta":[],"_links":{"self":[{"href":"https:\/\/www.minesup.gov.cm\/index.php\/wp-json\/wp\/v2\/pages\/7969"}],"collection":[{"href":"https:\/\/www.minesup.gov.cm\/index.php\/wp-json\/wp\/v2\/pages"}],"about":[{"href":"https:\/\/www.minesup.gov.cm\/index.php\/wp-json\/wp\/v2\/types\/page"}],"author":[{"embeddable":true,"href":"https:\/\/www.minesup.gov.cm\/index.php\/wp-json\/wp\/v2\/users\/2"}],"replies":[{"embeddable":true,"href":"https:\/\/www.minesup.gov.cm\/index.php\/wp-json\/wp\/v2\/comments?post=7969"}],"version-history":[{"count":0,"href":"https:\/\/www.minesup.gov.cm\/index.php\/wp-json\/wp\/v2\/pages\/7969\/revisions"}],"up":[{"embeddable":true,"href":"https:\/\/www.minesup.gov.cm\/index.php\/wp-json\/wp\/v2\/pages\/1751"}],"wp:attachment":[{"href":"https:\/\/www.minesup.gov.cm\/index.php\/wp-json\/wp\/v2\/media?parent=7969"}],"curies":[{"name":"wp","href":"https:\/\/api.w.org\/{rel}","templated":true}]}}