{"id":7977,"date":"2019-06-24T15:38:09","date_gmt":"2019-06-24T13:38:09","guid":{"rendered":"https:\/\/minesup.gov.cm\/?page_id=7977"},"modified":"2019-06-24T15:38:09","modified_gmt":"2019-06-24T13:38:09","slug":"institut-superieur-des-technologies-de-linformation-et-de-la-communication","status":"publish","type":"page","link":"https:\/\/www.minesup.gov.cm\/index.php\/region-du-sud\/institut-superieur-des-technologies-de-linformation-et-de-la-communication\/","title":{"rendered":"Institut Sup\u00e9rieur des Technologies, de l\u2019Information et de la Communication"},"content":{"rendered":"<p><strong>INFORMATIONS D\u2019IDENTIFICATION<\/strong><\/p>\n<p><strong>Nom de l\u2019institution\u00a0<\/strong>: Institut Sup\u00e9rieur des Technologies, de l\u2019Information et de la Communication<br \/>\n<strong>Nom du promoteur<\/strong>\u00a0: David NKOTO EMANE<br \/>\n<strong>R\u00e9gion\u00a0<\/strong>: Sud<br \/>\n<strong>D\u00e9partement\u00a0<\/strong>:<br \/>\n<strong>Arrondissement\u00a0<\/strong>: Meyomessala<br \/>\n<strong>Site de localisation\u00a0<\/strong>: Meyomessala<br \/>\n<strong>Adresse postale<\/strong>\u00a0:<br \/>\n<strong>B.P<\/strong>.\u00a0:81<br \/>\n<strong>T\u00e9l\u00e9phone\u00a0<\/strong>: +237 22289325\/22733310<br \/>\n<strong>Email<\/strong>\u00a0:\u00a0\/<br \/>\n<strong>Site web<\/strong>:\/<br \/>\n<strong>Adresse dans les r\u00e9seaux sociaux<\/strong>:\/<\/p>\n<p><strong>INFORMATIONS SUR LE STATUT D\u2019ACCR\u00c9DITATION<\/strong><\/p>\n<p><strong>Arr\u00eat\u00e9s portant cr\u00e9ation <\/strong>: N\u00b011\/0530\/MINESUP\/SG\/DDES du 05 Octobre 2011<br \/>\n<strong>Autorisation d\u2019ouverture<\/strong>\u00a0: N\u00b012\/0394\/MINESUP\/SG\/DDES \u00a0du 17 ao\u00fbt 2012<\/p>\n<p><strong>FILI\u00c8RES, SP\u00c9CIALIT\u00c9S ET DIPL\u00d4MES AUTORIS\u00c9ES<\/strong><\/p>\n<p><strong>Dipl\u00f4me Bts<\/strong><\/p>\n<p>Fili\u00e8re 1\u00a0: Industrielle et technologique <em><u>Sp\u00e9cialit\u00e9s <\/u>(G\u00e9nie \u00e9lectrique\u00a0; Maintenance des syst\u00e8mes informatique\u00a0; T\u00e9l\u00e9communications et r\u00e9seaux)<\/em><\/p>\n<p>Fili\u00e8re 2\u00a0:<\/p>\n<p>Fili\u00e8re 3\u00a0:<\/p>\n<p>Fili\u00e8re 4\u00a0:<\/p>\n<p><strong>\u00a0<\/strong><\/p>\n<p><strong>Dipl\u00f4me Licence Professionnelle <\/strong><\/p>\n<p>Fili\u00e8re 1\u00a0: Industrielle et technologique <em><u>Sp\u00e9cialit\u00e9s<\/u> (G\u00e9nie \u00e9lectrique\u00a0; maintenance des syst\u00e8mes informatique\u00a0; T\u00e9l\u00e9communication et r\u00e9seaux)<\/em><\/p>\n<p>Fili\u00e8re 2\u00a0:<\/p>\n<p>Fili\u00e8re 3\u00a0:<\/p>\n<p>Fili\u00e8re 4\u00a0:<\/p>\n<p>&nbsp;<\/p>\n<p><strong>Dipl\u00f4me Master Professionnel <\/strong><\/p>\n<p>Fili\u00e8re 1\u00a0: Industrielle et technologique <em><u>Sp\u00e9cialit\u00e9s<\/u> (G\u00e9nie \u00e9lectrique\u00a0; Maintenance des syst\u00e8mes informatique\u00a0; T\u00e9l\u00e9communications et r\u00e9seaux)<\/em><\/p>\n<p>Fili\u00e8re 2\u00a0:<\/p>\n<p>Fili\u00e8re 3\u00a0:<\/p>\n<p>Fili\u00e8re 4\u00a0:<\/p>\n<p>&nbsp;<\/p>\n","protected":false},"excerpt":{"rendered":"<p>&#46;&#46;&#46;<\/p>\n","protected":false},"author":2,"featured_media":0,"parent":1751,"menu_order":0,"comment_status":"closed","ping_status":"closed","template":"","meta":[],"_links":{"self":[{"href":"https:\/\/www.minesup.gov.cm\/index.php\/wp-json\/wp\/v2\/pages\/7977"}],"collection":[{"href":"https:\/\/www.minesup.gov.cm\/index.php\/wp-json\/wp\/v2\/pages"}],"about":[{"href":"https:\/\/www.minesup.gov.cm\/index.php\/wp-json\/wp\/v2\/types\/page"}],"author":[{"embeddable":true,"href":"https:\/\/www.minesup.gov.cm\/index.php\/wp-json\/wp\/v2\/users\/2"}],"replies":[{"embeddable":true,"href":"https:\/\/www.minesup.gov.cm\/index.php\/wp-json\/wp\/v2\/comments?post=7977"}],"version-history":[{"count":0,"href":"https:\/\/www.minesup.gov.cm\/index.php\/wp-json\/wp\/v2\/pages\/7977\/revisions"}],"up":[{"embeddable":true,"href":"https:\/\/www.minesup.gov.cm\/index.php\/wp-json\/wp\/v2\/pages\/1751"}],"wp:attachment":[{"href":"https:\/\/www.minesup.gov.cm\/index.php\/wp-json\/wp\/v2\/media?parent=7977"}],"curies":[{"name":"wp","href":"https:\/\/api.w.org\/{rel}","templated":true}]}}