{"id":7981,"date":"2019-06-24T15:42:29","date_gmt":"2019-06-24T13:42:29","guid":{"rendered":"https:\/\/minesup.gov.cm\/?page_id=7981"},"modified":"2019-06-25T23:31:25","modified_gmt":"2019-06-25T21:31:25","slug":"institut-superieur-prive-des-sciences-de-la-sante-de-sangmelima-ipsssa","status":"publish","type":"page","link":"https:\/\/www.minesup.gov.cm\/index.php\/region-du-sud\/institut-superieur-prive-des-sciences-de-la-sante-de-sangmelima-ipsssa\/","title":{"rendered":"Institut Sup\u00e9rieur Priv\u00e9 des Sciences de la Sant\u00e9 de Sangm\u00e9lima (IPSSSA)"},"content":{"rendered":"<p style=\"text-align: center;\"><strong>INFORMATIONS D\u2019IDENTIFICATION<\/strong><\/p>\n<p style=\"text-align: justify;\"><strong>Nom de l\u2019institution\u00a0<\/strong>: Institut Sup\u00e9rieur Priv\u00e9 des Sciences de la Sant\u00e9 de Sangm\u00e9lima (IPSSSA)<br \/>\n<strong>Nom du promoteur<\/strong>\u00a0: Madame ENGOZO\u2019O ESSELEBO Anne<br \/>\n<strong>R\u00e9gion\u00a0<\/strong>:SUD<br \/>\n<strong>D\u00e9partement\u00a0<\/strong>:Dja et Lobo<br \/>\n<strong>Arrondissement\u00a0<\/strong>:<br \/>\n<strong>Site de localisation\u00a0<\/strong>: Sangm\u00e9lima<br \/>\n<strong>Adresse postale<\/strong>\u00a0: 900<br \/>\n<strong>B.P<\/strong>.\u00a0:Sangm\u00e9lima<br \/>\n<strong>T\u00e9l\u00e9phone\u00a0<\/strong>: +237\u00a0242733310\/243563965<br \/>\n<strong>Email<\/strong>\u00a0:<br \/>\n<strong>Site web<\/strong>\u00a0:<br \/>\n<strong>Adresse dans les r\u00e9seaux sociaux\u00a0<\/strong>:<\/p>\n<p style=\"text-align: center;\"><strong>INFORMATIONS SUR LE STATUT D\u2019ACCR\u00c9DITATION<\/strong><\/p>\n<p style=\"text-align: justify;\"><strong>Arr\u00eat\u00e9s portant cr\u00e9ation <\/strong>:<br \/>\n<strong>Autorisation d\u2019ouverture<\/strong>\u00a0:<\/p>\n<p style=\"text-align: center;\"><strong>FILI\u00c8RES, SP\u00c9CIALIT\u00c9S ET DIPL\u00d4MES AUTORIS\u00c9ES<\/strong><\/p>\n<p style=\"text-align: justify;\"><strong>Dipl\u00f4me BTS<\/strong><br \/>\nFili\u00e8re 1\u00a0: Etudes m\u00e9dico-sanitaires <em><u>Sp\u00e9cialit\u00e9s<\/u><\/em>\u00a0: <em>Sciences infirmi\u00e8res\u00a0; Kin\u00e9sith\u00e9rapie\u00a0; sages-femmes<\/em><br \/>\nFili\u00e8re 2\u00a0: Sciences et techniques biom\u00e9dicales <em><u>Sp\u00e9cialit\u00e9s<\/u><\/em>\u00a0: <em>Techniques de laboratoires<\/em><\/p>\n","protected":false},"excerpt":{"rendered":"<p>&#46;&#46;&#46;<\/p>\n","protected":false},"author":2,"featured_media":0,"parent":1751,"menu_order":0,"comment_status":"closed","ping_status":"closed","template":"","meta":[],"_links":{"self":[{"href":"https:\/\/www.minesup.gov.cm\/index.php\/wp-json\/wp\/v2\/pages\/7981"}],"collection":[{"href":"https:\/\/www.minesup.gov.cm\/index.php\/wp-json\/wp\/v2\/pages"}],"about":[{"href":"https:\/\/www.minesup.gov.cm\/index.php\/wp-json\/wp\/v2\/types\/page"}],"author":[{"embeddable":true,"href":"https:\/\/www.minesup.gov.cm\/index.php\/wp-json\/wp\/v2\/users\/2"}],"replies":[{"embeddable":true,"href":"https:\/\/www.minesup.gov.cm\/index.php\/wp-json\/wp\/v2\/comments?post=7981"}],"version-history":[{"count":0,"href":"https:\/\/www.minesup.gov.cm\/index.php\/wp-json\/wp\/v2\/pages\/7981\/revisions"}],"up":[{"embeddable":true,"href":"https:\/\/www.minesup.gov.cm\/index.php\/wp-json\/wp\/v2\/pages\/1751"}],"wp:attachment":[{"href":"https:\/\/www.minesup.gov.cm\/index.php\/wp-json\/wp\/v2\/media?parent=7981"}],"curies":[{"name":"wp","href":"https:\/\/api.w.org\/{rel}","templated":true}]}}