{"id":8037,"date":"2019-06-25T10:39:57","date_gmt":"2019-06-25T08:39:57","guid":{"rendered":"https:\/\/minesup.gov.cm\/?page_id=8037"},"modified":"2019-06-25T22:27:14","modified_gmt":"2019-06-25T20:27:14","slug":"institut-superieur-des-techniques-appliquees-et-de-management","status":"publish","type":"page","link":"https:\/\/www.minesup.gov.cm\/index.php\/region-de-lextreme-de-nord\/institut-superieur-des-techniques-appliquees-et-de-management\/","title":{"rendered":"Institut Sup\u00e9rieur des Techniques Appliqu\u00e9es et de Management"},"content":{"rendered":"<p style=\"text-align: center;\"><strong>\u00a0<\/strong><strong>INFORMATIONS D\u2019IDENTIFICATION<\/strong><\/p>\n<p style=\"text-align: justify;\"><strong>Nom de l\u2019institution\u00a0<\/strong>: Institut Sup\u00e9rieur des Techniques Appliqu\u00e9es et de Management<br \/>\n<strong>Nom du promoteur<\/strong>\u00a0: ISSA HAMAJODA<br \/>\n<strong>R\u00e9gion\u00a0<\/strong>: Extr\u00eame Nord<br \/>\n<strong>D\u00e9partement\u00a0<\/strong>: Diamar\u00e9<br \/>\n<strong>Arrondissement\u00a0<\/strong>: Maroua<br \/>\n<strong>Site de localisation\u00a0<\/strong>:<br \/>\n<strong>Adresse postale<\/strong>\u00a0:<br \/>\n<strong>B.P<\/strong>.\u00a0:610<br \/>\n<strong>T\u00e9l\u00e9phone\u00a0<\/strong>: +237\u00a0243\u00a0541 274<br \/>\n<strong>Email<\/strong>\u00a0:<br \/>\n<strong>Site web<\/strong>\u00a0:<br \/>\n<strong>Adresse dans les r\u00e9seaux sociaux\u00a0<\/strong>:<\/p>\n<p style=\"text-align: center;\"><strong>INFORMATIONS SUR LE STATUT D\u2019ACCR\u00c9DITATION<\/strong><\/p>\n<p style=\"text-align: justify;\"><strong>Arr\u00eat\u00e9s portant cr\u00e9ation <\/strong>: n\u00b0120361\/MINESUP\/SG\/DDES\/ESUP du 16 aout 2012<br \/>\n<strong>Autorisation d\u2019ouverture<\/strong>\u00a0: n\u00b0 11\/0056\/MINESUP\/SG\/DDES\/ESUP du 12 Janvier 2011<\/p>\n<p style=\"text-align: center;\"><strong>FILI\u00c8RES, SP\u00c9CIALIT\u00c9S ET DIPL\u00d4MES AUTORIS\u00c9ES<\/strong><\/p>\n<p style=\"text-align: justify;\"><strong>Dipl\u00f4me BTS<\/strong><br \/>\nFili\u00e8re 1\u00a0: Commerciale et de gestion <em>Sp\u00e9cialit\u00e9s (Informatique de gestion ; commerce international\u00a0; Action commerciale)<\/em><br \/>\nFili\u00e8re 2\u00a0: Gestion <em>Sp\u00e9cialit\u00e9s (Gestion des syst\u00e8mes d\u2019information\u00a0\ud83d\ude09<\/em><br \/>\nFili\u00e8re 3\u00a0: Touristique et social <em>Sp\u00e9cialit\u00e9 (Tourisme et loisirs<\/em>)<br \/>\nFili\u00e8re 4\u00a0: H\u00f4tellerie et restauration<\/p>\n","protected":false},"excerpt":{"rendered":"<p>&#46;&#46;&#46;<\/p>\n","protected":false},"author":2,"featured_media":0,"parent":1741,"menu_order":0,"comment_status":"closed","ping_status":"closed","template":"","meta":[],"_links":{"self":[{"href":"https:\/\/www.minesup.gov.cm\/index.php\/wp-json\/wp\/v2\/pages\/8037"}],"collection":[{"href":"https:\/\/www.minesup.gov.cm\/index.php\/wp-json\/wp\/v2\/pages"}],"about":[{"href":"https:\/\/www.minesup.gov.cm\/index.php\/wp-json\/wp\/v2\/types\/page"}],"author":[{"embeddable":true,"href":"https:\/\/www.minesup.gov.cm\/index.php\/wp-json\/wp\/v2\/users\/2"}],"replies":[{"embeddable":true,"href":"https:\/\/www.minesup.gov.cm\/index.php\/wp-json\/wp\/v2\/comments?post=8037"}],"version-history":[{"count":0,"href":"https:\/\/www.minesup.gov.cm\/index.php\/wp-json\/wp\/v2\/pages\/8037\/revisions"}],"up":[{"embeddable":true,"href":"https:\/\/www.minesup.gov.cm\/index.php\/wp-json\/wp\/v2\/pages\/1741"}],"wp:attachment":[{"href":"https:\/\/www.minesup.gov.cm\/index.php\/wp-json\/wp\/v2\/media?parent=8037"}],"curies":[{"name":"wp","href":"https:\/\/api.w.org\/{rel}","templated":true}]}}