{"id":8041,"date":"2019-06-25T10:43:50","date_gmt":"2019-06-25T08:43:50","guid":{"rendered":"https:\/\/minesup.gov.cm\/?page_id=8041"},"modified":"2019-06-25T23:09:41","modified_gmt":"2019-06-25T21:09:41","slug":"institut-superieur-yerima-dewa","status":"publish","type":"page","link":"https:\/\/www.minesup.gov.cm\/index.php\/region-du-nord\/institut-superieur-yerima-dewa\/","title":{"rendered":"Institut Sup\u00e9rieur Y\u00e9rima Dewa"},"content":{"rendered":"<p style=\"text-align: center;\"><strong>INFORMATIONS D\u2019IDENTIFICATION<\/strong><\/p>\n<p style=\"text-align: justify;\"><strong>Nom de l\u2019Institution<\/strong>\u00a0: Institut Sup\u00e9rieur Y\u00e9rima Dewa<br \/>\n<strong>Nom du promoteur<\/strong>\u00a0: Ousmanou AMAN SA\u2019ALY<br \/>\n<strong>R\u00e9gion\u00a0<\/strong>: Nord<br \/>\n<strong>D\u00e9partement\u00a0<\/strong>:<br \/>\n<strong>Arrondissement\u00a0<\/strong>:<br \/>\n<strong>Site de localisation\u00a0<\/strong>: Galbidjie<br \/>\n<strong>Adresse postale<\/strong>\u00a0:<br \/>\n<strong>B.P<\/strong>.\u00a0: 948<br \/>\n<strong>T\u00e9l\u00e9phone\u00a0<\/strong>: +237\u00a0697\u00a0968 300<br \/>\n<strong>Email<\/strong>\u00a0:<br \/>\n<strong>Site web<\/strong>\u00a0:<br \/>\n<strong>Adresse dans les r\u00e9seaux sociaux\u00a0<\/strong>:<\/p>\n<p style=\"text-align: center;\"><strong>INFORMATIONS SUR LE STATUT D\u2019ACCR\u00c9DITATION<\/strong><\/p>\n<p style=\"text-align: justify;\"><strong>Arr\u00eat\u00e9s portant cr\u00e9ation <\/strong>: N\u00b011\/0532\/MINESUP\/SG\/DDES du 05 Octobre 2011<br \/>\n<strong>Autorisation d\u2019ouverture<\/strong>\u00a0: N\u00b012\/0398\/MINESUP\/SG\/DDES du 17 Ao\u00fbt 2012<\/p>\n<p style=\"text-align: center;\"><strong>FILI\u00c8RES, SP\u00c9CIALIT\u00c9S ET DIPL\u00d4MES AUTORIS\u00c9ES<\/strong><\/p>\n<p style=\"text-align: justify;\"><strong>Dipl\u00f4me Bts <\/strong><\/p>\n<p style=\"text-align: justify;\">Fili\u00e8re 1\u00a0: Commerciale et de Gestion <em><u>Sp\u00e9cialit\u00e9s<\/u><\/em> (toutes les sp\u00e9cialit\u00e9s)<br \/>\nFili\u00e8re 2\u00a0: Industrielle et Technologique (<em><u>sp\u00e9cialit\u00e9s<\/u><\/em>\u00a0: <em>G\u00e9nie \u00e9lectrique\u00a0; options\u00a0: Electrotechnique<\/em>\u00a0; <em>Electronique\u00a0; froid et climatisation<\/em>)<br \/>\nFili\u00e8re 3\u00a0: Communication (<em><u>sp\u00e9cialit\u00e9s<\/u><\/em>\u00a0: <em>Information \u2013communication options\u00a0: Communication<\/em> <em>d\u2019entreprise\u00a0; journalisme<\/em>)<br \/>\nFili\u00e8re 4\u00a0: Touristique et sociale<br \/>\nFili\u00e8re 5\u00a0: Agriculture et \u00e9levage <em><u>Sp\u00e9cialit\u00e9s <\/u>(toutes les sp\u00e9cialit\u00e9s)<\/em><br \/>\nFili\u00e8re 6\u00a0: M\u00e9tiers de l\u2019eau (sp\u00e9cialit\u00e9s<em>\u00a0: Hydrog\u00e9ologie\u00a0; Hydraulique, traitement des eaux et assainissement)<\/em><\/p>\n<p style=\"text-align: justify;\"><strong>Dipl\u00f4me DSEP<\/strong><\/p>\n<p>Fili\u00e8re 1\u00a0: Gestion des entreprises<br \/>\nFili\u00e8re 2\u00a0: G\u00e9nie \u00e9lectrique et t\u00e9l\u00e9communication<br \/>\nFili\u00e8re 3\u00a0: Comptabilit\u00e9 et Finance<\/p>\n","protected":false},"excerpt":{"rendered":"<p>&#46;&#46;&#46;<\/p>\n","protected":false},"author":2,"featured_media":0,"parent":1745,"menu_order":0,"comment_status":"closed","ping_status":"closed","template":"","meta":[],"_links":{"self":[{"href":"https:\/\/www.minesup.gov.cm\/index.php\/wp-json\/wp\/v2\/pages\/8041"}],"collection":[{"href":"https:\/\/www.minesup.gov.cm\/index.php\/wp-json\/wp\/v2\/pages"}],"about":[{"href":"https:\/\/www.minesup.gov.cm\/index.php\/wp-json\/wp\/v2\/types\/page"}],"author":[{"embeddable":true,"href":"https:\/\/www.minesup.gov.cm\/index.php\/wp-json\/wp\/v2\/users\/2"}],"replies":[{"embeddable":true,"href":"https:\/\/www.minesup.gov.cm\/index.php\/wp-json\/wp\/v2\/comments?post=8041"}],"version-history":[{"count":0,"href":"https:\/\/www.minesup.gov.cm\/index.php\/wp-json\/wp\/v2\/pages\/8041\/revisions"}],"up":[{"embeddable":true,"href":"https:\/\/www.minesup.gov.cm\/index.php\/wp-json\/wp\/v2\/pages\/1745"}],"wp:attachment":[{"href":"https:\/\/www.minesup.gov.cm\/index.php\/wp-json\/wp\/v2\/media?parent=8041"}],"curies":[{"name":"wp","href":"https:\/\/api.w.org\/{rel}","templated":true}]}}