{"id":8044,"date":"2019-06-25T10:46:55","date_gmt":"2019-06-25T08:46:55","guid":{"rendered":"https:\/\/minesup.gov.cm\/?page_id=8044"},"modified":"2019-06-25T23:07:30","modified_gmt":"2019-06-25T21:07:30","slug":"institut-superieur-fondation-mamadou-bako","status":"publish","type":"page","link":"https:\/\/www.minesup.gov.cm\/index.php\/region-du-nord\/institut-superieur-fondation-mamadou-bako\/","title":{"rendered":"Institut Sup\u00e9rieur Fondation Mamadou Bako"},"content":{"rendered":"<p style=\"text-align: center;\"><strong>INFORMATIONS D\u2019IDENTIFICATION<\/strong><\/p>\n<p style=\"text-align: justify;\"><strong>Nom de l\u2019institution\u00a0<\/strong>: Institut Sup\u00e9rieur Fondation Mamadou Bako<br \/>\n<strong>Nom du promoteur<\/strong>\u00a0: MAMADOU Bako<br \/>\n<strong>R\u00e9gion\u00a0<\/strong>: Nord<br \/>\n<strong>D\u00e9partement\u00a0<\/strong>:<br \/>\n<strong>Arrondissement\u00a0<\/strong>:<br \/>\n<strong>Site de localisation\u00a0<\/strong>:<br \/>\n<strong>Adresse postale<\/strong>\u00a0:Garoua<br \/>\n<strong>B.P<\/strong>.\u00a0:265<br \/>\n<strong>T\u00e9l\u00e9phone\u00a0<\/strong>: +237<br \/>\n<strong>Email<\/strong>\u00a0:<br \/>\n<strong>Site web<\/strong>\u00a0:<br \/>\n<strong>Adresse dans les r\u00e9seaux sociaux\u00a0<\/strong>:<\/p>\n<p style=\"text-align: center;\"><strong>INFORMATIONS SUR LE STATUT D\u2019ACCR\u00c9DITATION<\/strong><\/p>\n<p style=\"text-align: justify;\"><strong>Arr\u00eat\u00e9s portant cr\u00e9ation <\/strong>: N\u00b013\/0412\/MINESUP\/SG\/DDES\/ESUP du 10 septembre 2013<br \/>\n<strong>Autorisation d\u2019ouverture<\/strong>\u00a0: N\u00b014\/0386\/MINESUP\/SG\/DDES\/ESUP du 04septembre 2014<\/p>\n<p style=\"text-align: center;\"><strong>FILI\u00c8RES, SP\u00c9CIALIT\u00c9S ET DIPL\u00d4MES AUTORIS\u00c9ES<\/strong><\/p>\n<p style=\"text-align: justify;\"><strong>Dipl\u00f4me BTS<\/strong><\/p>\n<p style=\"text-align: justify;\">Fili\u00e8re 1\u00a0: Commerciale et de gestion Sp\u00e9cialit\u00e9s (Comptabilit\u00e9 et gestion d\u2019entreprise\u00a0; Informatique de gestion\u00a0; Commerce international\u00a0; Action commerciale\u00a0; Secr\u00e9tariat bureautique\u00a0; Gestion \u2013logistique et transport)<br \/>\nFili\u00e8re 2 : G\u00e9nie \u00e9lectrique <em><u>sp\u00e9cialit\u00e9<\/u>\u00a0<\/em>: <em>(\u00e9lectrotechnique)<\/em><br \/>\nFili\u00e8re 3 : Tourisme, h\u00f4tellerie et restauration <em>sp\u00e9cialit\u00e9s\u00a0:<\/em> (<em>tourisme et loisirs\u00a0; h\u00f4tellerie\u00a0; restauration<\/em>)<\/p>\n<p style=\"text-align: justify;\"><strong>Dipl\u00f4me DSEP<\/strong><\/p>\n<p style=\"text-align: justify;\">Fili\u00e8re 1\u00a0: Expertise \u2013comptable<br \/>\nFili\u00e8re 2\u00a0: Gestion des entreprises \u00a0<em><u>sp\u00e9cialit\u00e9s<\/u><\/em> (<em>gestion des Ong\u00a0; ressources humaines\u00a0; comptabilit\u00e9 et gestion des entreprises)<\/em><br \/>\nFili\u00e8re 3\u00a0: R\u00e9seaux et t\u00e9l\u00e9communications <em><u>sp\u00e9cialit\u00e9s<\/u><\/em> <em>(t\u00e9l\u00e9communications\u00a0; r\u00e9seaux et s\u00e9curit\u00e9)<\/em><\/p>\n","protected":false},"excerpt":{"rendered":"<p>&#46;&#46;&#46;<\/p>\n","protected":false},"author":2,"featured_media":0,"parent":1745,"menu_order":0,"comment_status":"closed","ping_status":"closed","template":"","meta":[],"_links":{"self":[{"href":"https:\/\/www.minesup.gov.cm\/index.php\/wp-json\/wp\/v2\/pages\/8044"}],"collection":[{"href":"https:\/\/www.minesup.gov.cm\/index.php\/wp-json\/wp\/v2\/pages"}],"about":[{"href":"https:\/\/www.minesup.gov.cm\/index.php\/wp-json\/wp\/v2\/types\/page"}],"author":[{"embeddable":true,"href":"https:\/\/www.minesup.gov.cm\/index.php\/wp-json\/wp\/v2\/users\/2"}],"replies":[{"embeddable":true,"href":"https:\/\/www.minesup.gov.cm\/index.php\/wp-json\/wp\/v2\/comments?post=8044"}],"version-history":[{"count":0,"href":"https:\/\/www.minesup.gov.cm\/index.php\/wp-json\/wp\/v2\/pages\/8044\/revisions"}],"up":[{"embeddable":true,"href":"https:\/\/www.minesup.gov.cm\/index.php\/wp-json\/wp\/v2\/pages\/1745"}],"wp:attachment":[{"href":"https:\/\/www.minesup.gov.cm\/index.php\/wp-json\/wp\/v2\/media?parent=8044"}],"curies":[{"name":"wp","href":"https:\/\/api.w.org\/{rel}","templated":true}]}}