{"id":8046,"date":"2019-06-25T10:49:00","date_gmt":"2019-06-25T08:49:00","guid":{"rendered":"https:\/\/minesup.gov.cm\/?page_id=8046"},"modified":"2019-06-25T10:49:00","modified_gmt":"2019-06-25T08:49:00","slug":"institut-superieur-des-metiers-de-technologies-dafrique-centrale","status":"publish","type":"page","link":"https:\/\/www.minesup.gov.cm\/index.php\/region-de-lest\/institut-superieur-des-metiers-de-technologies-dafrique-centrale\/","title":{"rendered":"INSTITUT SUPERIEUR DES METIERS DE TECHNOLOGIES D\u2019AFRIQUE CENTRALE"},"content":{"rendered":"<p><strong>INFORMATIONS D\u2019IDENTIFICATION<\/strong><\/p>\n<p><strong>Nom de l\u2019institution\u00a0<\/strong>: INSTITUT SUPERIEUR DES METIERS DE TECHNOLOGIES D\u2019AFRIQUE CENTRALE<br \/>\n<strong>Nom du promoteur<\/strong>\u00a0: WOUNG DOB Daniel<br \/>\n<strong>R\u00e9gion\u00a0<\/strong>: EST<br \/>\n<strong>D\u00e9partement\u00a0<\/strong>:<br \/>\n<strong>Arrondissement\u00a0<\/strong>:<br \/>\n<strong>Site de localisation\u00a0<\/strong>: Bonis I<br \/>\n<strong>Adresse postale<\/strong>\u00a0:Bonis I<br \/>\n<strong>B.P<\/strong>.\u00a0:337<br \/>\n<strong>T\u00e9l\u00e9phone\u00a0<\/strong>: +237\u00a0696\u00a0874 205<br \/>\n<strong>Email<\/strong>\u00a0:<br \/>\n<strong>Site web<\/strong>\u00a0:<br \/>\n<strong>Adresse dans les r\u00e9seaux sociaux\u00a0<\/strong>:696 874 205<\/p>\n<p><strong>INFORMATIONS SUR LE STATUT D\u2019ACCR\u00c9DITATION<\/strong><\/p>\n<p><strong>Arr\u00eat\u00e9s portant cr\u00e9ation <\/strong>:<br \/>\n<strong>Autorisation d\u2019ouverture<\/strong>\u00a0:<\/p>\n<p><strong>FILI\u00c8RES, SP\u00c9CIALIT\u00c9S ET DIPL\u00d4MES AUTORIS\u00c9ES<\/strong><\/p>\n<p><strong>Dipl\u00f4me Bts<\/strong><\/p>\n<p>Fili\u00e8re 1\u00a0: Agriculture et \u00e9levage <em><u>Sp\u00e9cialit\u00e9s<\/u><\/em>\u00a0\ud83d\ude41 <em>Production animale et v\u00e9g\u00e9tale)<\/em><\/p>\n<p>Fili\u00e8re 2<em>\u00a0: <\/em>Gestion <em><u>Sp\u00e9cialit\u00e9s<\/u>\u00a0:(\u00b0 Comptabilit\u00e9 et gestion d\u2019entreprises\u00a0; Gestion des collectivit\u00e9s territoriales)<\/em><\/p>\n<p>Fili\u00e8re 3\u00a0: Carri\u00e8res juridiques <em><u>Sp\u00e9cialit\u00e9s<\/u> (Assistanat judiciaire\u00a0; Droit foncier et domanial\u00a0; Douane et transit\u00a0; Gestion fiscale)<\/em><\/p>\n<p>Fili\u00e8re 4\u00a0: Sciences environnementales <em><u>Sp\u00e9cialit\u00e9s<\/u>\u00a0\ud83d\ude41 Gestion environnementale\u00a0; Gestion foresti\u00e8re)<\/em><\/p>\n<p><strong>\u00a0<\/strong><\/p>\n<p><strong>Dipl\u00f4me<\/strong><\/p>\n<p>Fili\u00e8re 1\u00a0:<\/p>\n<p>Fili\u00e8re 2\u00a0:<\/p>\n<p>Fili\u00e8re 3\u00a0:<\/p>\n<p>Fili\u00e8re 4\u00a0:<\/p>\n<p>&nbsp;<\/p>\n","protected":false},"excerpt":{"rendered":"<p>&#46;&#46;&#46;<\/p>\n","protected":false},"author":2,"featured_media":0,"parent":1739,"menu_order":0,"comment_status":"closed","ping_status":"closed","template":"","meta":[],"_links":{"self":[{"href":"https:\/\/www.minesup.gov.cm\/index.php\/wp-json\/wp\/v2\/pages\/8046"}],"collection":[{"href":"https:\/\/www.minesup.gov.cm\/index.php\/wp-json\/wp\/v2\/pages"}],"about":[{"href":"https:\/\/www.minesup.gov.cm\/index.php\/wp-json\/wp\/v2\/types\/page"}],"author":[{"embeddable":true,"href":"https:\/\/www.minesup.gov.cm\/index.php\/wp-json\/wp\/v2\/users\/2"}],"replies":[{"embeddable":true,"href":"https:\/\/www.minesup.gov.cm\/index.php\/wp-json\/wp\/v2\/comments?post=8046"}],"version-history":[{"count":0,"href":"https:\/\/www.minesup.gov.cm\/index.php\/wp-json\/wp\/v2\/pages\/8046\/revisions"}],"up":[{"embeddable":true,"href":"https:\/\/www.minesup.gov.cm\/index.php\/wp-json\/wp\/v2\/pages\/1739"}],"wp:attachment":[{"href":"https:\/\/www.minesup.gov.cm\/index.php\/wp-json\/wp\/v2\/media?parent=8046"}],"curies":[{"name":"wp","href":"https:\/\/api.w.org\/{rel}","templated":true}]}}