{"id":8049,"date":"2019-06-25T10:51:01","date_gmt":"2019-06-25T08:51:01","guid":{"rendered":"https:\/\/minesup.gov.cm\/?page_id=8049"},"modified":"2019-06-25T10:51:01","modified_gmt":"2019-06-25T08:51:01","slug":"ecole-superieure-des-sciences-appliquees-de-bertoua","status":"publish","type":"page","link":"https:\/\/www.minesup.gov.cm\/index.php\/region-de-lest\/ecole-superieure-des-sciences-appliquees-de-bertoua\/","title":{"rendered":"ECOLE SUPERIEURE DES SCIENCES APPLIQUEES DE BERTOUA"},"content":{"rendered":"<p><strong>INFORMATIONS D\u2019IDENTIFICATION<\/strong><\/p>\n<p><strong>Nom de l\u2019institution\u00a0<\/strong>: ECOLE SUPERIEURE DES SCIENCES APPLIQUEES DE BERTOUA<br \/>\n<strong>Nom du promoteur<\/strong>\u00a0: ZAMBO Paul Hyacynthe<br \/>\n<strong>R\u00e9gion\u00a0<\/strong>: Est<br \/>\n<strong>D\u00e9partement\u00a0<\/strong>:<br \/>\n<strong>Arrondissement\u00a0<\/strong>:<br \/>\n<strong>Site de localisation\u00a0<\/strong>:<br \/>\n<strong>Adresse postale<\/strong>\u00a0:<br \/>\n<strong>B.P<\/strong>.\u00a0:<br \/>\n<strong>T\u00e9l\u00e9phone\u00a0<\/strong>: +237\u00a0699\u00a0517\u00a0734\/699 368 185<br \/>\n<strong>Email<\/strong>\u00a0:<br \/>\n<strong>Site web<\/strong>\u00a0:<br \/>\n<strong>Adresse dans les r\u00e9seaux sociaux\u00a0<\/strong>:<\/p>\n<p><strong>INFORMATIONS SUR LE STATUT D\u2019ACCR\u00c9DITATION<\/strong><\/p>\n<p><strong>Arr\u00eat\u00e9s portant cr\u00e9ation <\/strong>:<br \/>\n<strong>Autorisation d\u2019ouverture<\/strong>\u00a0:<\/p>\n<p><strong>FILI\u00c8RES, SP\u00c9CIALIT\u00c9S ET DIPL\u00d4MES AUTORIS\u00c9ES<\/strong><\/p>\n<p><strong>Dipl\u00f4me Bts<\/strong><\/p>\n<p>Fili\u00e8re 1\u00a0: Agriculture et \u00e9levage <em><u>sp\u00e9cialit\u00e9s\u00a0<\/u>:<\/em> <em>Production animale\u00a0; Production v\u00e9g\u00e9tale\u00a0;\u00a0\u00a0\u00a0\u00a0 Entreuprenariat agropastorale\u00a0; Conseiller pastoral\u00a0; Technique commerciale agricole.<\/em><\/p>\n<p>Fili\u00e8re 2\u00a0: Commerce \u2013 vente <em><u>Sp\u00e9cialit\u00e9s<\/u>\u00a0: Commerce international\u00a0; Marketing\u00a0; Commerce \u2013 vente <\/em><\/p>\n<p>Fili\u00e8re 3<em>\u00a0<\/em>: Gestion <em><u>Sp\u00e9cialit\u00e9s<\/u>\u00a0: gestion des collectivit\u00e9s\u00a0; gestion logistique et transport\u00a0; gestion de la qualit\u00e9\u00a0; gestion des projets\u00a0; gestion des Ong\u00a0; gestion des syst\u00e8mes d\u2019information\u00a0; assistant manager\u00a0; Banque et finance\u00a0; ressources humaines\u00a0; Comptabilit\u00e9 et gestion des entreprises\u00a0; Statistiques\u00a0; Management \u00e9v\u00e8nementiel ; Management du sport<\/em><\/p>\n<p>Fili\u00e8re 4\u00a0:<\/p>\n<p><strong>\u00a0<\/strong><\/p>\n<p><strong>Dipl\u00f4me<\/strong><\/p>\n<p>Fili\u00e8re 1\u00a0:<\/p>\n<p>Fili\u00e8re 2\u00a0:<\/p>\n<p>Fili\u00e8re 3\u00a0:<\/p>\n<p>Fili\u00e8re 4\u00a0:<\/p>\n","protected":false},"excerpt":{"rendered":"<p>&#46;&#46;&#46;<\/p>\n","protected":false},"author":2,"featured_media":0,"parent":1739,"menu_order":0,"comment_status":"closed","ping_status":"closed","template":"","meta":[],"_links":{"self":[{"href":"https:\/\/www.minesup.gov.cm\/index.php\/wp-json\/wp\/v2\/pages\/8049"}],"collection":[{"href":"https:\/\/www.minesup.gov.cm\/index.php\/wp-json\/wp\/v2\/pages"}],"about":[{"href":"https:\/\/www.minesup.gov.cm\/index.php\/wp-json\/wp\/v2\/types\/page"}],"author":[{"embeddable":true,"href":"https:\/\/www.minesup.gov.cm\/index.php\/wp-json\/wp\/v2\/users\/2"}],"replies":[{"embeddable":true,"href":"https:\/\/www.minesup.gov.cm\/index.php\/wp-json\/wp\/v2\/comments?post=8049"}],"version-history":[{"count":0,"href":"https:\/\/www.minesup.gov.cm\/index.php\/wp-json\/wp\/v2\/pages\/8049\/revisions"}],"up":[{"embeddable":true,"href":"https:\/\/www.minesup.gov.cm\/index.php\/wp-json\/wp\/v2\/pages\/1739"}],"wp:attachment":[{"href":"https:\/\/www.minesup.gov.cm\/index.php\/wp-json\/wp\/v2\/media?parent=8049"}],"curies":[{"name":"wp","href":"https:\/\/api.w.org\/{rel}","templated":true}]}}