{"id":8051,"date":"2019-06-25T10:52:26","date_gmt":"2019-06-25T08:52:26","guid":{"rendered":"https:\/\/minesup.gov.cm\/?page_id=8051"},"modified":"2019-06-25T10:52:26","modified_gmt":"2019-06-25T08:52:26","slug":"institut-universitaire-catholique-de-bertoua","status":"publish","type":"page","link":"https:\/\/www.minesup.gov.cm\/index.php\/region-de-lest\/institut-universitaire-catholique-de-bertoua\/","title":{"rendered":"INSTITUT UNIVERSITAIRE CATHOLIQUE DE BERTOUA"},"content":{"rendered":"<p><strong>INFORMATIONS D\u2019IDENTIFICATION<\/strong><\/p>\n<p><strong>Nom de l\u2019institution\u00a0<\/strong>: INSTITUT UNIVERSITAIRE CATHOLIQUE DE BERTOUA<br \/>\n<strong>Nom du promoteur<\/strong>\u00a0: Monseigneur Joseph ATANGA (Repr\u00e9sentant du promoteur)<br \/>\n<strong>R\u00e9gion\u00a0<\/strong>: EST<br \/>\n<strong>D\u00e9partement\u00a0<\/strong>:<br \/>\n<strong>Arrondissement\u00a0<\/strong>:<br \/>\n<strong>Site de localisation\u00a0<\/strong>:<br \/>\n<strong>Adresse postale<\/strong>\u00a0:<br \/>\n<strong>B.P<\/strong>.\u00a0:333<br \/>\n<strong>T\u00e9l\u00e9phone\u00a0<\/strong>: +237\u00a0696\u00a0874 205<br \/>\n<strong>Email<\/strong>\u00a0:<br \/>\n<strong>Site web<\/strong>\u00a0:<br \/>\n<strong>Adresse dans les r\u00e9seaux sociaux\u00a0<\/strong>:<\/p>\n<p><strong>INFORMATIONS SUR LE STATUT D\u2019ACCR\u00c9DITATION<\/strong><\/p>\n<p><strong>Arr\u00eat\u00e9s portant cr\u00e9ation <\/strong>: 07\/0140\/MINESUP du 21 Septembre 2007<br \/>\n<strong>Autorisation d\u2019ouverture<\/strong>\u00a0:<\/p>\n<p><strong>FILI\u00c8RES, SP\u00c9CIALIT\u00c9S ET DIPL\u00d4MES AUTORIS\u00c9ES<\/strong><\/p>\n<p><strong>Dipl\u00f4me Licence Professionnelle\u00a0\u00a0\u00a0 <\/strong><\/p>\n<p>Fili\u00e8re 1\u00a0: sciences de Gestion <em><u>Sp\u00e9cialit\u00e9 (<\/u>ressources humaines)<\/em><\/p>\n<p>Fili\u00e8re 2\u00a0: Sciences \u00e9conomiques <em><u>Sp\u00e9cialit\u00e9<\/u>\u00a0: (Ing\u00e9nierie \u00e9conomique)<\/em><\/p>\n<p>Fili\u00e8re 3\u00a0: Th\u00e9ologie<\/p>\n<p>Fili\u00e8re 4\u00a0: pastorale et cat\u00e9ch\u00e8se<\/p>\n<p>Fili\u00e8re 5\u00a0: Sciences de l\u2019Education et formation des adultes<\/p>\n<p>Fili\u00e8re\u00a06: Education scolaire<\/p>\n<p>Fili\u00e8re 7\u00a0: Education scolaire et humaine<\/p>\n<p>Fili\u00e8re\u00a08: Gestion et accompagnement personnel<\/p>\n<p>Fili\u00e8re 9\u00a0:\u00a0Business administration<\/p>\n<p>Fili\u00e8re 10\u00a0: Computer sciences<\/p>\n<p>Fili\u00e8re 11\u00a0: Management and development<\/p>\n<p><em>\u00a0<\/em><strong>Dipl\u00f4me Master Professionnel <\/strong><\/p>\n<p>Fili\u00e8re 1\u00a0: Sciences de gestion <em><u>sp\u00e9cialit\u00e9s <\/u>(Business administration, transport et logistique)<\/em><\/p>\n<p>Fili\u00e8re 2\u00a0: Sciences \u00e9conomiques <em><u>sp\u00e9cialit\u00e9s<\/u> (Economie math\u00e9matiques et \u00e9conom\u00e9trie)<\/em><\/p>\n<p>Fili\u00e8re 3\u00a0: Th\u00e9ologie<\/p>\n<p>Fili\u00e8re 4\u00a0: Pastorale et cat\u00e9ch\u00e8se<\/p>\n<p>Fili\u00e8re 5\u00a0: vie religieuse<\/p>\n<p>Fili\u00e8re 6\u00a0: vie familiale<\/p>\n<p>Fili\u00e8re\u00a0 7\u00a0: Philosophie<\/p>\n","protected":false},"excerpt":{"rendered":"<p>&#46;&#46;&#46;<\/p>\n","protected":false},"author":2,"featured_media":0,"parent":1739,"menu_order":0,"comment_status":"closed","ping_status":"closed","template":"","meta":[],"_links":{"self":[{"href":"https:\/\/www.minesup.gov.cm\/index.php\/wp-json\/wp\/v2\/pages\/8051"}],"collection":[{"href":"https:\/\/www.minesup.gov.cm\/index.php\/wp-json\/wp\/v2\/pages"}],"about":[{"href":"https:\/\/www.minesup.gov.cm\/index.php\/wp-json\/wp\/v2\/types\/page"}],"author":[{"embeddable":true,"href":"https:\/\/www.minesup.gov.cm\/index.php\/wp-json\/wp\/v2\/users\/2"}],"replies":[{"embeddable":true,"href":"https:\/\/www.minesup.gov.cm\/index.php\/wp-json\/wp\/v2\/comments?post=8051"}],"version-history":[{"count":0,"href":"https:\/\/www.minesup.gov.cm\/index.php\/wp-json\/wp\/v2\/pages\/8051\/revisions"}],"up":[{"embeddable":true,"href":"https:\/\/www.minesup.gov.cm\/index.php\/wp-json\/wp\/v2\/pages\/1739"}],"wp:attachment":[{"href":"https:\/\/www.minesup.gov.cm\/index.php\/wp-json\/wp\/v2\/media?parent=8051"}],"curies":[{"name":"wp","href":"https:\/\/api.w.org\/{rel}","templated":true}]}}