{"id":8055,"date":"2019-06-25T10:57:07","date_gmt":"2019-06-25T08:57:07","guid":{"rendered":"https:\/\/minesup.gov.cm\/?page_id=8055"},"modified":"2019-06-25T23:05:02","modified_gmt":"2019-06-25T21:05:02","slug":"institut-superieur-du-septentrion-informatique","status":"publish","type":"page","link":"https:\/\/www.minesup.gov.cm\/index.php\/region-du-nord\/institut-superieur-du-septentrion-informatique\/","title":{"rendered":"Institut Sup\u00e9rieur du Septentrion Informatique"},"content":{"rendered":"<p style=\"text-align: center;\"><strong>INFORMATIONS D\u2019IDENTIFICATION<\/strong><\/p>\n<p style=\"text-align: justify;\"><strong>Nom de l\u2019institution\u00a0<\/strong>: Institut Sup\u00e9rieur du Septentrion Informatique<br \/>\n<strong>Nom du promoteur<\/strong>\u00a0: HELE Pierre (Repr\u00e9sentant du promoteur)<br \/>\n<strong>R\u00e9gion\u00a0<\/strong>: Nord<br \/>\n<strong>D\u00e9partement\u00a0<\/strong>:<br \/>\n<strong>Arrondissement\u00a0<\/strong>:<br \/>\n<strong>Site de localisation\u00a0<\/strong>:<br \/>\n<strong>Adresse postale<\/strong>\u00a0:<br \/>\n<strong>B.P<\/strong>.\u00a0:<br \/>\n<strong>T\u00e9l\u00e9phone\u00a0<\/strong>: +237\u00a0699 90 44 18\/242 27 13 33<br \/>\n<strong>Email<\/strong>\u00a0:<br \/>\n<strong>Site web<\/strong>\u00a0:<br \/>\n<strong>Adresse dans les r\u00e9seaux sociaux\u00a0<\/strong>:<\/p>\n<p style=\"text-align: center;\"><strong>INFORMATIONS SUR LE STATUT D\u2019ACCR\u00c9DITATION<\/strong><\/p>\n<p style=\"text-align: justify;\"><strong>Arr\u00eat\u00e9s portant cr\u00e9ation <\/strong>: n\u00b0 08\/0266\/MINESUP\/SG\/DDES\/ESUP<br \/>\n<strong>Autorisation d\u2019ouverture<\/strong>\u00a0: n\u00b012\/0374\/MINESUP\/SG\/DDES\/ESUP du 17 AOUT 2012<\/p>\n<p style=\"text-align: center;\"><strong>FILI\u00c8RES, SP\u00c9CIALIT\u00c9S ET DIPL\u00d4MES AUTORIS\u00c9ES<\/strong><\/p>\n<p><strong>Dipl\u00f4me Licence Professionnelle<\/strong><br \/>\nFili\u00e8re 1\u00a0: Maintenance informatique et r\u00e9seaux<br \/>\nFili\u00e8re 2\u00a0: Gestion\u00a0 informatique<\/p>\n","protected":false},"excerpt":{"rendered":"<p>&#46;&#46;&#46;<\/p>\n","protected":false},"author":2,"featured_media":0,"parent":1745,"menu_order":0,"comment_status":"closed","ping_status":"closed","template":"","meta":[],"_links":{"self":[{"href":"https:\/\/www.minesup.gov.cm\/index.php\/wp-json\/wp\/v2\/pages\/8055"}],"collection":[{"href":"https:\/\/www.minesup.gov.cm\/index.php\/wp-json\/wp\/v2\/pages"}],"about":[{"href":"https:\/\/www.minesup.gov.cm\/index.php\/wp-json\/wp\/v2\/types\/page"}],"author":[{"embeddable":true,"href":"https:\/\/www.minesup.gov.cm\/index.php\/wp-json\/wp\/v2\/users\/2"}],"replies":[{"embeddable":true,"href":"https:\/\/www.minesup.gov.cm\/index.php\/wp-json\/wp\/v2\/comments?post=8055"}],"version-history":[{"count":0,"href":"https:\/\/www.minesup.gov.cm\/index.php\/wp-json\/wp\/v2\/pages\/8055\/revisions"}],"up":[{"embeddable":true,"href":"https:\/\/www.minesup.gov.cm\/index.php\/wp-json\/wp\/v2\/pages\/1745"}],"wp:attachment":[{"href":"https:\/\/www.minesup.gov.cm\/index.php\/wp-json\/wp\/v2\/media?parent=8055"}],"curies":[{"name":"wp","href":"https:\/\/api.w.org\/{rel}","templated":true}]}}