{"id":8058,"date":"2019-06-25T10:59:03","date_gmt":"2019-06-25T08:59:03","guid":{"rendered":"https:\/\/minesup.gov.cm\/?page_id=8058"},"modified":"2024-08-27T16:17:17","modified_gmt":"2024-08-27T15:17:17","slug":"institut-superieur-industriel-et-commercial-de-garoua","status":"publish","type":"page","link":"https:\/\/www.minesup.gov.cm\/index.php\/region-du-nord\/institut-superieur-industriel-et-commercial-de-garoua\/","title":{"rendered":"Institut Sup\u00e9rieur Industriel et Commercial de Garoua"},"content":{"rendered":"<p style=\"text-align: center;\"><strong>INFORMATIONS D\u2019IDENTIFICATION<\/strong><\/p>\n<p><strong>Nom de l\u2019institution\u00a0<\/strong>: Institut Sup\u00e9rieur Industriel et Commercial de Garoua<br \/>\n<strong>Nom du promoteur<\/strong>\u00a0: DANWE Raidandi<br \/>\n<strong>R\u00e9gion\u00a0<\/strong>: nord<br \/>\n<strong>D\u00e9partement\u00a0<\/strong>:<br \/>\n<strong>Arrondissement\u00a0<\/strong>:<br \/>\n<strong>Site de localisation\u00a0<\/strong>:<br \/>\n<strong>Adresse postale<\/strong>\u00a0:<br \/>\n<strong>B.P<\/strong>.\u00a0:<br \/>\n<strong>T\u00e9l\u00e9phone\u00a0<\/strong>: +237<br \/>\n<strong>Email<\/strong>\u00a0:<br \/>\n<strong>Site web<\/strong>\u00a0:<br \/>\n<strong>Adresse dans les r\u00e9seaux sociaux\u00a0<\/strong>:<\/p>\n<p style=\"text-align: center;\"><strong>INFORMATIONS SUR LE STATUT D\u2019ACCR\u00c9DITATION<\/strong><\/p>\n<p><strong>Arr\u00eat\u00e9s portant cr\u00e9ation <\/strong>: N\u00b0 05\/0003\/MINESUP\/SG\/DDES\/ESUP<br \/>\n<strong>Autorisation d\u2019ouverture<\/strong>\u00a0: N\u00b0 05\/0037\/MINESUP\/SG\/DDES\/ESUP<\/p>\n<p style=\"text-align: center;\"><strong>FILI\u00c8RES, SP\u00c9CIALIT\u00c9S ET DIPL\u00d4MES AUTORIS\u00c9S<\/strong><\/p>\n<p><strong>Dipl\u00f4me BTS<\/strong><\/p>\n<p style=\"text-align: justify;\">Fili\u00e8re 1\u00a0: Commerciale et de gestion <em><u>Sp\u00e9cialit\u00e9s (<\/u>Comptabilit\u00e9 et gestion d\u2019entreprise ; Informatique de gestion\u00a0; Commerce international\u00a0; Action commerciale\u00a0; Banque\u00a0; Assurances\u00a0; Secr\u00e9tariat et bureautique)<\/em><\/p>\n<p style=\"text-align: justify;\">Fili\u00e8re 2\u00a0: Industrielle et technologique \u00a0<em><u>Sp\u00e9cialit\u00e9s <\/u>(G\u00e9nie \u00e9lectrique\u00a0; Maintenance des syst\u00e8mes informatique\u00a0; g\u00e9nie civil)<\/em><\/p>\n","protected":false},"excerpt":{"rendered":"<p>&#46;&#46;&#46;<\/p>\n","protected":false},"author":2,"featured_media":0,"parent":1745,"menu_order":0,"comment_status":"closed","ping_status":"closed","template":"","meta":[],"_links":{"self":[{"href":"https:\/\/www.minesup.gov.cm\/index.php\/wp-json\/wp\/v2\/pages\/8058"}],"collection":[{"href":"https:\/\/www.minesup.gov.cm\/index.php\/wp-json\/wp\/v2\/pages"}],"about":[{"href":"https:\/\/www.minesup.gov.cm\/index.php\/wp-json\/wp\/v2\/types\/page"}],"author":[{"embeddable":true,"href":"https:\/\/www.minesup.gov.cm\/index.php\/wp-json\/wp\/v2\/users\/2"}],"replies":[{"embeddable":true,"href":"https:\/\/www.minesup.gov.cm\/index.php\/wp-json\/wp\/v2\/comments?post=8058"}],"version-history":[{"count":1,"href":"https:\/\/www.minesup.gov.cm\/index.php\/wp-json\/wp\/v2\/pages\/8058\/revisions"}],"predecessor-version":[{"id":18893,"href":"https:\/\/www.minesup.gov.cm\/index.php\/wp-json\/wp\/v2\/pages\/8058\/revisions\/18893"}],"up":[{"embeddable":true,"href":"https:\/\/www.minesup.gov.cm\/index.php\/wp-json\/wp\/v2\/pages\/1745"}],"wp:attachment":[{"href":"https:\/\/www.minesup.gov.cm\/index.php\/wp-json\/wp\/v2\/media?parent=8058"}],"curies":[{"name":"wp","href":"https:\/\/api.w.org\/{rel}","templated":true}]}}