{"id":8062,"date":"2019-06-25T11:03:19","date_gmt":"2019-06-25T09:03:19","guid":{"rendered":"https:\/\/minesup.gov.cm\/?page_id=8062"},"modified":"2019-06-25T23:02:35","modified_gmt":"2019-06-25T21:02:35","slug":"institut-superieur-des-sciences-et-techniques-de-la-sante","status":"publish","type":"page","link":"https:\/\/www.minesup.gov.cm\/index.php\/region-du-nord\/institut-superieur-des-sciences-et-techniques-de-la-sante\/","title":{"rendered":"Institut Sup\u00e9rieur des Sciences et Techniques de la Sant\u00e9"},"content":{"rendered":"<p style=\"text-align: center;\"><strong>INFORMATIONS D\u2019IDENTIFICATION<\/strong><\/p>\n<p style=\"text-align: justify;\"><strong>Nom de l\u2019institution\u00a0<\/strong>: Institut Sup\u00e9rieur des Sciences et Techniques de la Sant\u00e9<br \/>\n<strong>Nom du promoteur<\/strong>\u00a0: DJIBRILLA KAOU Bakary<br \/>\n<strong>R\u00e9gion\u00a0<\/strong>: Nord<br \/>\n<strong>D\u00e9partement\u00a0<\/strong>:<br \/>\n<strong>Arrondissement\u00a0<\/strong>:<br \/>\n<strong>Site de localisation\u00a0<\/strong>:<br \/>\n<strong>Adresse postale<\/strong>\u00a0:<br \/>\n<strong>B.P<\/strong>.\u00a0:<br \/>\n<strong>T\u00e9l\u00e9phone\u00a0<\/strong>: +237 \u00a0699\u00a0947 246<br \/>\n<strong>Email<\/strong>\u00a0:<br \/>\n<strong>Site web<\/strong>\u00a0:<br \/>\n<strong>Adresse dans les r\u00e9seaux sociaux\u00a0<\/strong>:<\/p>\n<p style=\"text-align: center;\"><strong>INFORMATIONS SUR LE STATUT D\u2019ACCR\u00c9DITATION<\/strong><\/p>\n<p style=\"text-align: justify;\"><strong>Arr\u00eat\u00e9s portant cr\u00e9ation <\/strong>:<br \/>\n<strong>Autorisation d\u2019ouverture<\/strong>\u00a0:<\/p>\n<p style=\"text-align: center;\"><strong>FILI\u00c8RES, SP\u00c9CIALIT\u00c9S ET DIPL\u00d4MES AUTORIS\u00c9ES<\/strong><\/p>\n<p style=\"text-align: justify;\"><strong>Dipl\u00f4me BTS<\/strong><\/p>\n<p style=\"text-align: justify;\"><u>Fili\u00e8re 1<\/u>\u00a0: Commerce \u2013 vente <em><u>Sp\u00e9cialit\u00e9s\u00a0<\/u>: Commerce international\u00a0; Marketing \u2013commerce &#8211; vente<\/em><\/p>\n<p style=\"text-align: justify;\"><u>Fili\u00e8re 2<\/u>\u00a0: Gestion <em><u>Sp\u00e9cialit\u00e9s\u00a0:<\/u> Gestion des collectivit\u00e9s territoriales\u00a0; Assurances\u00a0; Gestion logistique et transport\u00a0; Gestion de la qualit\u00e9\u00a0; Management \u00e9v\u00e8nementiel\u00a0; Micro finance\u00a0; Gestion des ONG. Gestion des projets\u00a0; Gestion des syst\u00e8mes d\u2019information\u00a0; Assistant manager\u00a0; Ressources humaines\u00a0; Banque et finance\u00a0; Exploitation du Transport a\u00e9rien\u00a0; Management du sport\u00a0; Comptabilit\u00e9 et gestion des entreprises\u00a0; Statistiques.<\/em><\/p>\n<p style=\"text-align: justify;\"><u>Fili\u00e8re3<\/u>\u00a0: Information et communication <em><u>Sp\u00e9cialit\u00e9s<\/u>\u00a0: Communication des organisations\u00a0; Journalisme <\/em><\/p>\n<p style=\"text-align: justify;\"><u>Fili\u00e8re 4<\/u>\u00a0: Etudes m\u00e9dico-sanitaires <em><u>Sp\u00e9cialit\u00e9s\u00a0<\/u>: Sage-femme\u00a0; Sciences infirmi\u00e8res\u00a0; Kin\u00e9sith\u00e9rapie.<\/em><\/p>\n<p style=\"text-align: justify;\"><u>Fili\u00e8re 5<\/u>\u00a0: Sciences et techniques biom\u00e9dicales <em>Sp\u00e9cialit\u00e9s\u00a0: Techniques de laboratoires\u00a0et d\u2019analyses m\u00e9dicales\u00a0; Techniques pharmaceutiques.<\/em><\/p>\n<p style=\"text-align: justify;\"><strong>\u00a0<\/strong><strong>Dipl\u00f4me Licence Professionnelle<\/strong><\/p>\n<p style=\"text-align: justify;\">Fili\u00e8re 1\u00a0: Sciences biom\u00e9dicales et m\u00e9dico- sanitaire <em><u>Sp\u00e9cialit\u00e9s\u00a0<\/u>: Sciences biom\u00e9dicales\u00a0; Sciences infirmi\u00e8res\u00a0; Sage-femme<\/em><\/p>\n<p style=\"text-align: justify;\"><strong>Dipl\u00f4me Master Professionnel <\/strong><\/p>\n<p style=\"text-align: justify;\">Fili\u00e8re 1\u00a0: Sciences biom\u00e9dicales et m\u00e9dico-sanitaires <em><u>Sp\u00e9cialit\u00e9s<\/u>\u00a0: Sciences biom\u00e9dicales\u00a0; Sciences infirmi\u00e8res\u00a0; Sage-femme<\/em><\/p>\n","protected":false},"excerpt":{"rendered":"<p>&#46;&#46;&#46;<\/p>\n","protected":false},"author":2,"featured_media":0,"parent":1745,"menu_order":0,"comment_status":"closed","ping_status":"closed","template":"","meta":[],"_links":{"self":[{"href":"https:\/\/www.minesup.gov.cm\/index.php\/wp-json\/wp\/v2\/pages\/8062"}],"collection":[{"href":"https:\/\/www.minesup.gov.cm\/index.php\/wp-json\/wp\/v2\/pages"}],"about":[{"href":"https:\/\/www.minesup.gov.cm\/index.php\/wp-json\/wp\/v2\/types\/page"}],"author":[{"embeddable":true,"href":"https:\/\/www.minesup.gov.cm\/index.php\/wp-json\/wp\/v2\/users\/2"}],"replies":[{"embeddable":true,"href":"https:\/\/www.minesup.gov.cm\/index.php\/wp-json\/wp\/v2\/comments?post=8062"}],"version-history":[{"count":0,"href":"https:\/\/www.minesup.gov.cm\/index.php\/wp-json\/wp\/v2\/pages\/8062\/revisions"}],"up":[{"embeddable":true,"href":"https:\/\/www.minesup.gov.cm\/index.php\/wp-json\/wp\/v2\/pages\/1745"}],"wp:attachment":[{"href":"https:\/\/www.minesup.gov.cm\/index.php\/wp-json\/wp\/v2\/media?parent=8062"}],"curies":[{"name":"wp","href":"https:\/\/api.w.org\/{rel}","templated":true}]}}