{"id":8064,"date":"2019-06-25T11:06:41","date_gmt":"2019-06-25T09:06:41","guid":{"rendered":"https:\/\/minesup.gov.cm\/?page_id=8064"},"modified":"2019-06-25T18:39:27","modified_gmt":"2019-06-25T16:39:27","slug":"institut-superieur-des-sciences-de-technologies-de-management-et-developpement-durable","status":"publish","type":"page","link":"https:\/\/www.minesup.gov.cm\/index.php\/region-de-ladamaoua\/institut-superieur-des-sciences-de-technologies-de-management-et-developpement-durable\/","title":{"rendered":"Institut Sup\u00e9rieur des Sciences, de Technologies, de Management et D\u00e9veloppement Durable"},"content":{"rendered":"<p style=\"text-align: center;\"><strong>INFORMATIONS D\u2019IDENTIFICATION<\/strong><\/p>\n<p style=\"text-align: justify;\"><strong>Nom de l\u2019institution\u00a0<\/strong>: Institut Sup\u00e9rieur des Sciences\u00a0;de Technologies ,de Management et D\u00e9veloppement Durable<br \/>\n<strong>Nom du promoteur<\/strong>\u00a0: \u00a0SOKENG Selestin<br \/>\n<strong>R\u00e9gion\u00a0<\/strong>: Adamaoua<br \/>\n<strong>D\u00e9partement\u00a0<\/strong>:<br \/>\n<strong>Arrondissement\u00a0<\/strong>:<br \/>\n<strong>Site de localisation\u00a0<\/strong>:<br \/>\n<strong>Adresse postale<\/strong>\u00a0:Ngaound\u00e9r\u00e9<br \/>\n<strong>B.P<\/strong>.\u00a0:391<br \/>\n<strong>T\u00e9l\u00e9phone\u00a0<\/strong>: +237\u00a0674\u00a0959 223<br \/>\n<strong>Email<\/strong>\u00a0:<br \/>\n<strong>Site web<\/strong>\u00a0:<br \/>\n<strong>Adresse dans les r\u00e9seaux sociaux\u00a0<\/strong>:<\/p>\n<p style=\"text-align: center;\"><strong>INFORMATIONS SUR LE STATUT D\u2019ACCR\u00c9DITATION<\/strong><\/p>\n<p style=\"text-align: justify;\"><strong>Arr\u00eat\u00e9s portant cr\u00e9ation <\/strong>:<br \/>\n<strong>Autorisation d\u2019ouverture<\/strong>\u00a0:<\/p>\n<p style=\"text-align: center;\"><strong>FILI\u00c8RES, SP\u00c9CIALIT\u00c9S ET DIPL\u00d4MES AUTORIS\u00c9ES<\/strong><\/p>\n<p style=\"text-align: justify;\"><strong>Dipl\u00f4me Bts<\/strong><br \/>\nFili\u00e8re 1\u00a0: Gestion <em><u>Sp\u00e9cialit\u00e9s <\/u>(Assurance\u00a0; Banque et finance\u00a0; Gestion logistique et Transport ; Commerce international\u00a0; <\/em><br \/>\nFili\u00e8re 2\u00a0: G\u00e9nie civil <em><u>Sp\u00e9cialit\u00e9s<\/u>\u00a0: B\u00e2timent\u00a0; Travaux publics\u00a0; G\u00e9om\u00e8tre topographe<\/em><br \/>\nFili\u00e8re 3\u00a0: G\u00e9nie informatique <em><u>Sp\u00e9cialit\u00e9s\u00a0<\/u>: Informatique industrielle et automatisme\u00a0; Maintenance des syst\u00e8mes informatiques<\/em><br \/>\nFili\u00e8re 4\u00a0: Information-communication <em><u>Sp\u00e9cialit\u00e9<\/u>\u00a0: Communication des organisations <\/em><br \/>\nFili\u00e8re 5\u00a0: Agriculture et Elevage <em><u>Sp\u00e9cialit\u00e9s\u00a0:<\/u> Production animale\u00a0; Production v\u00e9g\u00e9tale\u00a0; Entreprenariat agropastoral\u00a0; Conseiller agropastoral<\/em><\/p>\n<p style=\"text-align: justify;\"><strong>Dipl\u00f4me Hnd<\/strong><\/p>\n<p>Fili\u00e8re 1\u00a0: Business and finances <em><u>Sp\u00e9cialit\u00e9s\u00a0:<\/u> Accountancy\u00a0; Insurance\u00a0; Marketing-trade-sale<\/em><br \/>\nFili\u00e8re 2\u00a0: Management <em><u>Sp\u00e9cialit\u00e9s<\/u>\u00a0: Human resource management\u00a0; Logistic and transport management <\/em><br \/>\nFili\u00e8re 3\u00a0: Computer Engineering <em><u>Sp\u00e9cialit\u00e9s\u00a0<\/u>: Computer engineering\u00a0; computer maintenance\u00a0;<\/em><\/p>\n","protected":false},"excerpt":{"rendered":"<p>&#46;&#46;&#46;<\/p>\n","protected":false},"author":2,"featured_media":0,"parent":1737,"menu_order":0,"comment_status":"closed","ping_status":"closed","template":"","meta":[],"_links":{"self":[{"href":"https:\/\/www.minesup.gov.cm\/index.php\/wp-json\/wp\/v2\/pages\/8064"}],"collection":[{"href":"https:\/\/www.minesup.gov.cm\/index.php\/wp-json\/wp\/v2\/pages"}],"about":[{"href":"https:\/\/www.minesup.gov.cm\/index.php\/wp-json\/wp\/v2\/types\/page"}],"author":[{"embeddable":true,"href":"https:\/\/www.minesup.gov.cm\/index.php\/wp-json\/wp\/v2\/users\/2"}],"replies":[{"embeddable":true,"href":"https:\/\/www.minesup.gov.cm\/index.php\/wp-json\/wp\/v2\/comments?post=8064"}],"version-history":[{"count":0,"href":"https:\/\/www.minesup.gov.cm\/index.php\/wp-json\/wp\/v2\/pages\/8064\/revisions"}],"up":[{"embeddable":true,"href":"https:\/\/www.minesup.gov.cm\/index.php\/wp-json\/wp\/v2\/pages\/1737"}],"wp:attachment":[{"href":"https:\/\/www.minesup.gov.cm\/index.php\/wp-json\/wp\/v2\/media?parent=8064"}],"curies":[{"name":"wp","href":"https:\/\/api.w.org\/{rel}","templated":true}]}}