{"id":8068,"date":"2019-06-25T11:15:46","date_gmt":"2019-06-25T09:15:46","guid":{"rendered":"https:\/\/minesup.gov.cm\/?page_id=8068"},"modified":"2019-06-25T18:29:46","modified_gmt":"2019-06-25T16:29:46","slug":"sanda-institut-superieur-de-management","status":"publish","type":"page","link":"https:\/\/www.minesup.gov.cm\/index.php\/region-de-ladamaoua\/sanda-institut-superieur-de-management\/","title":{"rendered":"SANDA Institut Sup\u00e9rieur de Management"},"content":{"rendered":"<p style=\"text-align: center;\"><strong>INFORMATIONS D\u2019IDENTIFICATION<\/strong><\/p>\n<p style=\"text-align: justify;\"><strong>Nom de l\u2019institution\u00a0<\/strong>: SANDA Institut Sup\u00e9rieur de Management<br \/>\n<strong>Nom du promoteur<\/strong>\u00a0: SANDA Oumarou<br \/>\n<strong>R\u00e9gion\u00a0<\/strong>: Adamaoua<br \/>\n<strong>D\u00e9partement\u00a0<\/strong>:<br \/>\n<strong>Arrondissement\u00a0<\/strong>:<br \/>\n<strong>Site de localisation\u00a0<\/strong>:<br \/>\n<strong>Adresse postale<\/strong>\u00a0:<br \/>\n<strong>B.P<\/strong>.\u00a0: 107<br \/>\n<strong>T\u00e9l\u00e9phone\u00a0<\/strong>: +237\u00a0677\u00a0708 012<br \/>\n<strong>Email<\/strong>\u00a0:<br \/>\n<strong>Site web<\/strong>\u00a0:<br \/>\n<strong>Adresse dans les r\u00e9seaux sociaux\u00a0<\/strong>:<\/p>\n<p style=\"text-align: center;\"><strong>INFORMATIONS SUR LE STATUT D\u2019ACCR\u00c9DITATION<\/strong><\/p>\n<p style=\"text-align: justify;\"><strong>Arr\u00eat\u00e9s portant cr\u00e9ation <\/strong>: n\u00b011\/0522\/MINESUP\/SG\/DDES du 05 Octobre 2011<br \/>\n<strong>Autorisation d\u2019ouverture<\/strong>\u00a0: n\u00b0 14\/0393\/MINESUP\/SG\/DDES du 04 Juillet<\/p>\n<p style=\"text-align: center;\"><strong>FILI\u00c8RES, SP\u00c9CIALIT\u00c9S ET DIPL\u00d4MES AUTORIS\u00c9ES<\/strong><\/p>\n<p style=\"text-align: justify;\"><strong>Dipl\u00f4me Bts<\/strong><\/p>\n<p style=\"text-align: justify;\">Fili\u00e8re 1\u00a0: Commerciale et de gestion <em>Sp\u00e9cialit\u00e9s (banques\u00a0; assurances\u00a0; action commerciale\u00a0; commerce internationale\u00a0; comptabilit\u00e9 et gestion des entreprises\u00a0; secr\u00e9tariat bureautique\u00a0; Informatique\u00a0; Gestion logistique et transport)<\/em><br \/>\nFili\u00e8re 2\u00a0: industrielle et technologique <em>Sp\u00e9cialit\u00e9s (maintenance des syst\u00e8mes informatique\u00a0\ud83d\ude09 <\/em><br \/>\nFili\u00e8re 3\u00a0: communication <em>Sp\u00e9cialit\u00e9s (information et communication option (communication d\u2019entreprise)<\/em><br \/>\nFili\u00e8re 4\u00a0: touristique et sociale (<em>h\u00f4tellerie et restauration)<\/em><\/p>\n<p style=\"text-align: justify;\"><strong>Dipl\u00f4me Dsep<\/strong><\/p>\n<p style=\"text-align: justify;\">Fili\u00e8re 1\u00a0: Marketing commerce vente<br \/>\nFili\u00e8re 2\u00a0: Finance et comptabilit\u00e9<br \/>\nFili\u00e8re 3\u00a0: Banque<br \/>\nFili\u00e8re 4\u00a0: informatique <em>Sp\u00e9cialit\u00e9s (genie informatique)<\/em><br \/>\nFili\u00e8re 4\u00a0: expertise comptable<br \/>\nFili\u00e8re 4\u00a0: g\u00e9nie \u00e9lectrique et t\u00e9l\u00e9communication<\/p>\n","protected":false},"excerpt":{"rendered":"<p>&#46;&#46;&#46;<\/p>\n","protected":false},"author":2,"featured_media":0,"parent":1737,"menu_order":0,"comment_status":"closed","ping_status":"closed","template":"","meta":[],"_links":{"self":[{"href":"https:\/\/www.minesup.gov.cm\/index.php\/wp-json\/wp\/v2\/pages\/8068"}],"collection":[{"href":"https:\/\/www.minesup.gov.cm\/index.php\/wp-json\/wp\/v2\/pages"}],"about":[{"href":"https:\/\/www.minesup.gov.cm\/index.php\/wp-json\/wp\/v2\/types\/page"}],"author":[{"embeddable":true,"href":"https:\/\/www.minesup.gov.cm\/index.php\/wp-json\/wp\/v2\/users\/2"}],"replies":[{"embeddable":true,"href":"https:\/\/www.minesup.gov.cm\/index.php\/wp-json\/wp\/v2\/comments?post=8068"}],"version-history":[{"count":0,"href":"https:\/\/www.minesup.gov.cm\/index.php\/wp-json\/wp\/v2\/pages\/8068\/revisions"}],"up":[{"embeddable":true,"href":"https:\/\/www.minesup.gov.cm\/index.php\/wp-json\/wp\/v2\/pages\/1737"}],"wp:attachment":[{"href":"https:\/\/www.minesup.gov.cm\/index.php\/wp-json\/wp\/v2\/media?parent=8068"}],"curies":[{"name":"wp","href":"https:\/\/api.w.org\/{rel}","templated":true}]}}