{"id":8070,"date":"2019-06-25T12:17:23","date_gmt":"2019-06-25T10:17:23","guid":{"rendered":"https:\/\/minesup.gov.cm\/?page_id=8070"},"modified":"2019-06-25T23:39:59","modified_gmt":"2019-06-25T21:39:59","slug":"access-higher-institute-of-professional-studies-access-hips","status":"publish","type":"page","link":"https:\/\/www.minesup.gov.cm\/index.php\/region-du-sud-ouest\/access-higher-institute-of-professional-studies-access-hips\/","title":{"rendered":"Access Higher Institute of Professional Studies (Access-HIPS)"},"content":{"rendered":"<p style=\"text-align: center;\"><strong>INFORMATIONS D\u2019IDENTIFICATION<\/strong><\/p>\n<p><strong>Nom de l\u2019institution\u00a0<\/strong>: Access Higher Institute of Professional Studies (Access-HIPS)<br \/>\n<strong>Nom du promoteur<\/strong>\u00a0: <em>LEKE Charles<\/em><br \/>\n<strong>R\u00e9gion\u00a0<\/strong>: Sud-Ouest<br \/>\n<strong>D\u00e9partement\u00a0<\/strong>: Fako<br \/>\n<strong>Arrondissement\u00a0<\/strong>: Buea<br \/>\n<strong>Site de localisation\u00a0<\/strong>: <strong>Buea <\/strong>(Molyko)<br \/>\n<strong>Adresse postale<\/strong>\u00a0: <strong>B.P<\/strong>.\u00a0519<br \/>\n<strong>T\u00e9l\u00e9phone\u00a0<\/strong>: +237 699 94 71\/ 693 679 44 10 72<br \/>\n<strong>Email<\/strong>\u00a0:<br \/>\n<strong>Site web<\/strong>\u00a0:<br \/>\n<strong>Adresse dans les r\u00e9seaux sociaux\u00a0<\/strong>:<\/p>\n<p style=\"text-align: center;\"><strong>INFORMATIONS SUR LE STATUT D\u2019ACCR\u00c9DITATION<\/strong><\/p>\n<p><strong>Arr\u00eat\u00e9s portant cr\u00e9ation <\/strong>: N\u00b015\/02237\/L\/ MINESUP\/SG\/DDES\/ESUP\/SSIPES\/OAGS du 16 mars 2015.<br \/>\n<strong>Autorisation d\u2019ouverture<\/strong>\u00a0: N\u00b015\/02237\/L\/ MINESUP\/SG\/DDES\/ESUP\/SSIPES\/OAGS du 16 mars 2015<\/p>\n<p style=\"text-align: center;\"><strong>FILI\u00c8RES, SP\u00c9CIALIT\u00c9S ET DIPL\u00d4MES AUTORIS\u00c9S<\/strong><\/p>\n<p><strong>Dipl\u00f4me HND<\/strong><br \/>\n<strong><u>Fili\u00e8re 1<\/u><\/strong><strong>\u00a0: Business, Finance and Management<\/strong><br \/>\n<strong><u>Sp\u00e9cialit\u00e9s<\/u><\/strong>\u00a0: Accountancy &#8211; Banking and Finance &#8211; Management &#8211; Marketing &#8211; Insurance &#8211; Secretarial Studies, Public Service and Administration (Options: Executive Secretarial Studies ; Bilingual Secretarial Studies).<br \/>\n<strong><u>Fili\u00e8re 2<\/u><\/strong><strong> : Engineering and Technology<\/strong><br \/>\n<strong><u>Sp\u00e9cialit\u00e9<\/u><\/strong> : Computer Engineering<br \/>\n<strong><u>Fili\u00e8re 3<\/u><\/strong><strong> : Home Economics, Tourism and Hospitality Management<\/strong><br \/>\n<strong><u>Sp\u00e9cialit\u00e9s<\/u><\/strong> : Transport and Logistic &#8211; Shipping Administration.<br \/>\n<strong><u>Fili\u00e8re 4<\/u><\/strong><strong> : Teaching,Education and Professional Development<\/strong><br \/>\n<strong><u>Sp\u00e9cialit\u00e9<\/u><\/strong> : Education<br \/>\n<strong>Dipl\u00f4me HPD<\/strong><br \/>\n<strong><u>Fili\u00e8re 1<\/u><\/strong><strong> : Management of Enterprise and Administration<\/strong><br \/>\n<strong><u>Sp\u00e9cialit\u00e9s<\/u><\/strong> : Human Resources Management &#8211; Small and Medium Size Enterprise.<br \/>\n<strong><u>Fili\u00e8re 2<\/u><\/strong><strong>\u00a0: Law<\/strong><br \/>\n<strong><u>Sp\u00e9cialit\u00e9s<\/u><\/strong>\u00a0: Judicial Careers &#8211; Law Affairs<\/p>\n","protected":false},"excerpt":{"rendered":"<p>&#46;&#46;&#46;<\/p>\n","protected":false},"author":2,"featured_media":0,"parent":1753,"menu_order":0,"comment_status":"closed","ping_status":"closed","template":"","meta":[],"_links":{"self":[{"href":"https:\/\/www.minesup.gov.cm\/index.php\/wp-json\/wp\/v2\/pages\/8070"}],"collection":[{"href":"https:\/\/www.minesup.gov.cm\/index.php\/wp-json\/wp\/v2\/pages"}],"about":[{"href":"https:\/\/www.minesup.gov.cm\/index.php\/wp-json\/wp\/v2\/types\/page"}],"author":[{"embeddable":true,"href":"https:\/\/www.minesup.gov.cm\/index.php\/wp-json\/wp\/v2\/users\/2"}],"replies":[{"embeddable":true,"href":"https:\/\/www.minesup.gov.cm\/index.php\/wp-json\/wp\/v2\/comments?post=8070"}],"version-history":[{"count":0,"href":"https:\/\/www.minesup.gov.cm\/index.php\/wp-json\/wp\/v2\/pages\/8070\/revisions"}],"up":[{"embeddable":true,"href":"https:\/\/www.minesup.gov.cm\/index.php\/wp-json\/wp\/v2\/pages\/1753"}],"wp:attachment":[{"href":"https:\/\/www.minesup.gov.cm\/index.php\/wp-json\/wp\/v2\/media?parent=8070"}],"curies":[{"name":"wp","href":"https:\/\/api.w.org\/{rel}","templated":true}]}}