{"id":8083,"date":"2019-06-25T12:26:54","date_gmt":"2019-06-25T10:26:54","guid":{"rendered":"https:\/\/minesup.gov.cm\/?page_id=8083"},"modified":"2019-06-25T12:26:54","modified_gmt":"2019-06-25T10:26:54","slug":"higher-institute-for-business-management-and-technology","status":"publish","type":"page","link":"https:\/\/www.minesup.gov.cm\/index.php\/region-du-sud-ouest\/higher-institute-for-business-management-and-technology\/","title":{"rendered":"Higher Institute for Business, Management and Technology"},"content":{"rendered":"<p><strong>INFORMATIONS D\u2019IDENTIFICATION<\/strong><\/p>\n<p><strong>Nom de l\u2019institution\u00a0<\/strong>: <strong>Higher Institute for Business, Management and Technology<\/strong><br \/>\n<strong>Nom du promoteur<\/strong>\u00a0: <em>CBMT Association <strong>repr\u00e9sent\u00e9 par\u00a0<\/strong>: <strong>FONKENG TINDONG Aloysius<\/strong><\/em><br \/>\n<strong>R\u00e9gion\u00a0<\/strong>: Sud-Ouest<br \/>\n<strong>D\u00e9partement\u00a0<\/strong>: Fako<br \/>\n<strong>Arrondissement\u00a0<\/strong>: Buea<br \/>\n<strong>Site de localisation\u00a0<\/strong>: <strong>Buea <\/strong>(Molyko)<br \/>\n<strong>Adresse postale<\/strong>\u00a0: <strong>B.P<\/strong>.\u00a0123<br \/>\n<strong>T\u00e9l\u00e9phone\u00a0<\/strong>: +237 696 35 95 16<br \/>\n<strong>Email<\/strong>\u00a0:<br \/>\n<strong>Site web<\/strong>\u00a0:<br \/>\n<strong>Adresse dans les r\u00e9seaux sociaux\u00a0<\/strong>:<\/p>\n<p><strong>INFORMATIONS SUR LE STATUT D\u2019ACCR\u00c9DITATION<\/strong><\/p>\n<p><strong>Arr\u00eat\u00e9s portant cr\u00e9ation <\/strong>: N\u00b011\/0041\/MINESUP\u00a0 du <strong>12 janvier 2012<\/strong><br \/>\n<strong>Autorisation d\u2019ouverture<\/strong>\u00a0: N\u00b012\/0395\/MINESUP du 17 ao\u00fbt 2012<\/p>\n<p><strong>FILI\u00c8RES, SP\u00c9CIALIT\u00c9S ET DIPL\u00d4MES AUTORIS\u00c9S<\/strong><\/p>\n<p><strong>Dipl\u00f4me HND<\/strong><\/p>\n<p><strong><u>Fili\u00e8re 1<\/u><\/strong><strong> : Business, Finance and Management<\/strong><\/p>\n<p><strong><u>Sp\u00e9cialit\u00e9s<\/u><\/strong> : Banking and Finance &#8211; Management &#8211; Marketing &#8211; Accountancy &#8211; Secretarial Studies, Public Service and Administration (<em><u>Options<\/u><\/em> : \u00a0Public Service and Administration; Executive Secretarial Studies) &#8211; Insurance.<\/p>\n<p><strong><u>Fili\u00e8re 2<\/u><\/strong><strong> : Engineering and Technology<\/strong><\/p>\n<p><strong><u>Sp\u00e9cialit\u00e9s<\/u><\/strong> : Computer Engineering (<em><u>Options<\/u><\/em> : Hardware Maintenance; Software Engineering and Computing) &#8211; Electrical and Electronics Engineering (<em><u>Option<\/u><\/em> : Information and Communication Technology; Telecommunication).<\/p>\n<p><strong>Dipl\u00f4me HPD<\/strong><\/p>\n<p><strong><u>Fili\u00e8re<\/u><\/strong><strong> : Gestion des Entreprises et des Administrations<\/strong><\/p>\n<p><strong><u>Sp\u00e9cialit\u00e9<\/u><\/strong> : Ressources Humaines.<\/p>\n<p><strong>Dipl\u00f4me <\/strong>Bachelor of Technology sous la tutelle acad\u00e9mique de l\u2019Universit\u00e9 de Bamenda<\/p>\n<p><strong><u>Fili\u00e8re 1<\/u><\/strong><strong>: Business, Finance and Management.<\/strong><\/p>\n<p><strong><u>Sp\u00e9cialt\u00e9s<\/u><\/strong>: Accountancy &#8211; Marketing &#8211; Management- Banking and Finance- Insurance &#8211; Secretarial Studies, Public Service Administration- Transport and Logistics Management &#8211; Human Resource Management.<\/p>\n<p><strong><u>Fili\u00e8re 2<\/u><\/strong><strong>: Engineering and Technology<\/strong><\/p>\n<p><strong><u>Sp\u00e9cialt\u00e9s<\/u><\/strong>: Computer Engineering &#8211; Electronics and Electrical Engineering<\/p>\n","protected":false},"excerpt":{"rendered":"<p>&#46;&#46;&#46;<\/p>\n","protected":false},"author":2,"featured_media":0,"parent":1753,"menu_order":0,"comment_status":"closed","ping_status":"closed","template":"","meta":[],"_links":{"self":[{"href":"https:\/\/www.minesup.gov.cm\/index.php\/wp-json\/wp\/v2\/pages\/8083"}],"collection":[{"href":"https:\/\/www.minesup.gov.cm\/index.php\/wp-json\/wp\/v2\/pages"}],"about":[{"href":"https:\/\/www.minesup.gov.cm\/index.php\/wp-json\/wp\/v2\/types\/page"}],"author":[{"embeddable":true,"href":"https:\/\/www.minesup.gov.cm\/index.php\/wp-json\/wp\/v2\/users\/2"}],"replies":[{"embeddable":true,"href":"https:\/\/www.minesup.gov.cm\/index.php\/wp-json\/wp\/v2\/comments?post=8083"}],"version-history":[{"count":0,"href":"https:\/\/www.minesup.gov.cm\/index.php\/wp-json\/wp\/v2\/pages\/8083\/revisions"}],"up":[{"embeddable":true,"href":"https:\/\/www.minesup.gov.cm\/index.php\/wp-json\/wp\/v2\/pages\/1753"}],"wp:attachment":[{"href":"https:\/\/www.minesup.gov.cm\/index.php\/wp-json\/wp\/v2\/media?parent=8083"}],"curies":[{"name":"wp","href":"https:\/\/api.w.org\/{rel}","templated":true}]}}