{"id":8085,"date":"2019-06-25T12:28:29","date_gmt":"2019-06-25T10:28:29","guid":{"rendered":"https:\/\/minesup.gov.cm\/?page_id=8085"},"modified":"2019-06-25T12:28:29","modified_gmt":"2019-06-25T10:28:29","slug":"higher-institute-of-applied-medical-sciences-buea","status":"publish","type":"page","link":"https:\/\/www.minesup.gov.cm\/index.php\/region-du-sud-ouest\/higher-institute-of-applied-medical-sciences-buea\/","title":{"rendered":"Higher Institute of Applied Medical Sciences  Buea"},"content":{"rendered":"<p><strong>INFORMATIONS D\u2019IDENTIFICATION<\/strong><\/p>\n<p><strong>Nom de l\u2019institution\u00a0<\/strong>: <strong>Higher Institute of Applied Medical Sciences\u00a0 Buea<\/strong><br \/>\n<strong>Nom du promoteur<\/strong>\u00a0: <strong><em>BOYO Micheal ACHIMBOM<\/em><\/strong><br \/>\n<strong>R\u00e9gion\u00a0<\/strong>: Sud-Ouest<br \/>\n<strong>D\u00e9partement\u00a0<\/strong>: Fako<br \/>\n<strong>Arrondissement\u00a0<\/strong>: Buea<br \/>\n<strong>Site de localisation\u00a0<\/strong>: <strong>Buea <\/strong>(Molyko)<br \/>\n<strong>Adresse postale<\/strong>\u00a0: <strong>B.P<\/strong>.\u00a0412<br \/>\n<strong>T\u00e9l\u00e9phone\u00a0<\/strong>: +237 33 32 26 54<br \/>\n<strong>Email<\/strong>\u00a0:<br \/>\n<strong>Site web<\/strong>\u00a0:<br \/>\n<strong>Adresse dans les r\u00e9seaux sociaux\u00a0<\/strong>:<\/p>\n<p><strong>INFORMATIONS SUR LE STATUT D\u2019ACCR\u00c9DITATION<\/strong><\/p>\n<p><strong>Arr\u00eat\u00e9s portant cr\u00e9ation <\/strong>: N\u00b008\/00097\/MINESUP <strong>du 05 mai 2008<\/strong><br \/>\n<strong>Autorisation d\u2019ouverture<\/strong>\u00a0: N\u00b008\/0112\/MINESUP du 05 mai 2008<\/p>\n<p><strong>FILI\u00c8RES, SP\u00c9CIALIT\u00c9S ET DIPL\u00d4MES AUTORIS\u00c9S<\/strong><\/p>\n<p><strong>Dipl\u00f4me HND<\/strong><\/p>\n<p><strong><u>Fili\u00e8re<\/u><\/strong><strong> : Medical and Biomedical Sciences<\/strong><\/p>\n<p><strong><u>Sp\u00e9cialit\u00e9s<\/u><\/strong><strong> :<\/strong> Nursing &#8211;\u00a0M\u00e9dical Laboratory Studies &#8211; Ultra Sonography<\/p>\n<p><strong>Dipl\u00f4me HPD<\/strong><\/p>\n<p><strong><u>Fili\u00e8re<\/u><\/strong><strong> : Professions M\u00e9dico-Sanitaires, et Pharmaceutiques<\/strong><\/p>\n<p><strong><u>Sp\u00e9cialit\u00e9s<\/u><\/strong> : Pharmacy Technology &#8211; Medical Studies (<em><u>Options<\/u><\/em> : Dental\u00a0; Ultra Sonography ; Radiology) &#8211; Kinesitherapy.<\/p>\n<p><strong>Dipl\u00f4me<\/strong> <strong>Bachelor de l\u2019Universit\u00e9 de Bu\u00e9a<\/strong><\/p>\n<p><strong><u>Fili\u00e8re<\/u><\/strong><strong> : Professions Medico-Sanitaire<\/strong><\/p>\n<p><strong><u>Sp\u00e9cialit\u00e9s<\/u><\/strong> : Nursing &#8211; Health Care &#8211; Pharmacy Technology &#8211; Ultra Sonography &#8211; Radiology &#8211; Dental Technician &#8211; Kinesitherapy.<\/p>\n<p>&nbsp;<\/p>\n<p>&nbsp;<\/p>\n<p>&nbsp;<\/p>\n<p>&nbsp;<\/p>\n","protected":false},"excerpt":{"rendered":"<p>&#46;&#46;&#46;<\/p>\n","protected":false},"author":2,"featured_media":0,"parent":1753,"menu_order":0,"comment_status":"closed","ping_status":"closed","template":"","meta":[],"_links":{"self":[{"href":"https:\/\/www.minesup.gov.cm\/index.php\/wp-json\/wp\/v2\/pages\/8085"}],"collection":[{"href":"https:\/\/www.minesup.gov.cm\/index.php\/wp-json\/wp\/v2\/pages"}],"about":[{"href":"https:\/\/www.minesup.gov.cm\/index.php\/wp-json\/wp\/v2\/types\/page"}],"author":[{"embeddable":true,"href":"https:\/\/www.minesup.gov.cm\/index.php\/wp-json\/wp\/v2\/users\/2"}],"replies":[{"embeddable":true,"href":"https:\/\/www.minesup.gov.cm\/index.php\/wp-json\/wp\/v2\/comments?post=8085"}],"version-history":[{"count":0,"href":"https:\/\/www.minesup.gov.cm\/index.php\/wp-json\/wp\/v2\/pages\/8085\/revisions"}],"up":[{"embeddable":true,"href":"https:\/\/www.minesup.gov.cm\/index.php\/wp-json\/wp\/v2\/pages\/1753"}],"wp:attachment":[{"href":"https:\/\/www.minesup.gov.cm\/index.php\/wp-json\/wp\/v2\/media?parent=8085"}],"curies":[{"name":"wp","href":"https:\/\/api.w.org\/{rel}","templated":true}]}}