{"id":8089,"date":"2019-06-25T12:33:17","date_gmt":"2019-06-25T10:33:17","guid":{"rendered":"https:\/\/minesup.gov.cm\/?page_id=8089"},"modified":"2019-06-25T12:33:17","modified_gmt":"2019-06-25T10:33:17","slug":"higher-institute-of-management-studies","status":"publish","type":"page","link":"https:\/\/www.minesup.gov.cm\/index.php\/region-du-sud-ouest\/higher-institute-of-management-studies\/","title":{"rendered":"Higher Institute of Management Studies"},"content":{"rendered":"<p><strong>INFORMATIONS D\u2019IDENTIFICATION<\/strong><\/p>\n<p><strong>Nom de l\u2019institution\u00a0<\/strong>: <strong>Higher Institute of Management Studies<\/strong><br \/>\n<strong>Nom du promoteur<\/strong>\u00a0: <strong><em>FOMBA Bernard BABILA<\/em><\/strong><br \/>\n<strong>R\u00e9gion\u00a0<\/strong>: Sud-Ouest<br \/>\n<strong>D\u00e9partement\u00a0<\/strong>: Fako<br \/>\n<strong>Arrondissement\u00a0<\/strong>: Buea<br \/>\n<strong>Site de localisation\u00a0<\/strong>: <strong>Buea <\/strong>(Molyko)<br \/>\n<strong>Adresse postale<\/strong>\u00a0: <strong>B.P<\/strong>.\u00a0430<br \/>\n<strong>T\u00e9l\u00e9phone\u00a0<\/strong>: +237 696 36 88 34<br \/>\n<strong>Email<\/strong>\u00a0:<br \/>\n<strong>Site web<\/strong>\u00a0:<br \/>\n<strong>Adresse dans les r\u00e9seaux sociaux\u00a0<\/strong>:<\/p>\n<p><strong>INFORMATIONS SUR LE STATUT D\u2019ACCR\u00c9DITATION<\/strong><\/p>\n<p><strong>Arr\u00eat\u00e9s portant cr\u00e9ation <\/strong>: N\u00b008\/0255\/MINESUP\u00a0 du <strong>03 octobre 2008<\/strong>.<br \/>\n<strong>Autorisation d\u2019ouverture<\/strong>\u00a0: N\u00b008\/0256\/MINESUP du 03 octobre 2008<\/p>\n<p><strong>FILI\u00c8RES, SP\u00c9CIALIT\u00c9S ET DIPL\u00d4MES AUTORIS\u00c9S<\/strong><\/p>\n<p><strong>Dipl\u00f4me HND<\/strong><\/p>\n<p><strong><u>Fili\u00e8re<\/u><\/strong><strong>\u00a0: Business and Finance Management<\/strong><\/p>\n<p><strong><u>Sp\u00e9cialit\u00e9s<\/u><\/strong> : Banking and Finance &#8211; Management &#8211; Marketing &#8211; Accountancy &#8211; Insurance<\/p>\n<p><strong>Dipl\u00f4me<\/strong> Licence Professionnelle sous la tutelle de l\u2019Universit\u00e9 de Bamenda<\/p>\n<p><strong><u>Fili\u00e8re<\/u><\/strong><strong>\u00a0: Business and Finance Management<\/strong><\/p>\n<p><strong><u>Sp\u00e9cialit\u00e9s<\/u><\/strong> : Banking and Finance &#8211; Management &#8211; Marketing &#8211; Accountancy &#8211; Insurance &#8211; Entrepreneurial Development.<\/p>\n<p>&nbsp;<\/p>\n<p>&nbsp;<\/p>\n","protected":false},"excerpt":{"rendered":"<p>&#46;&#46;&#46;<\/p>\n","protected":false},"author":2,"featured_media":0,"parent":1753,"menu_order":0,"comment_status":"closed","ping_status":"closed","template":"","meta":[],"_links":{"self":[{"href":"https:\/\/www.minesup.gov.cm\/index.php\/wp-json\/wp\/v2\/pages\/8089"}],"collection":[{"href":"https:\/\/www.minesup.gov.cm\/index.php\/wp-json\/wp\/v2\/pages"}],"about":[{"href":"https:\/\/www.minesup.gov.cm\/index.php\/wp-json\/wp\/v2\/types\/page"}],"author":[{"embeddable":true,"href":"https:\/\/www.minesup.gov.cm\/index.php\/wp-json\/wp\/v2\/users\/2"}],"replies":[{"embeddable":true,"href":"https:\/\/www.minesup.gov.cm\/index.php\/wp-json\/wp\/v2\/comments?post=8089"}],"version-history":[{"count":0,"href":"https:\/\/www.minesup.gov.cm\/index.php\/wp-json\/wp\/v2\/pages\/8089\/revisions"}],"up":[{"embeddable":true,"href":"https:\/\/www.minesup.gov.cm\/index.php\/wp-json\/wp\/v2\/pages\/1753"}],"wp:attachment":[{"href":"https:\/\/www.minesup.gov.cm\/index.php\/wp-json\/wp\/v2\/media?parent=8089"}],"curies":[{"name":"wp","href":"https:\/\/api.w.org\/{rel}","templated":true}]}}