{"id":8111,"date":"2019-06-25T12:52:52","date_gmt":"2019-06-25T10:52:52","guid":{"rendered":"https:\/\/minesup.gov.cm\/?page_id=8111"},"modified":"2019-06-25T12:52:52","modified_gmt":"2019-06-25T10:52:52","slug":"smu-higher-institute","status":"publish","type":"page","link":"https:\/\/www.minesup.gov.cm\/index.php\/region-du-sud-ouest\/smu-higher-institute\/","title":{"rendered":"SMU Higher Institute"},"content":{"rendered":"<p><strong>INFORMATIONS D\u2019IDENTIFICATION<\/strong><\/p>\n<p><strong>Nom de l\u2019institution\u00a0<\/strong>: <strong>SMU Higher Institute<\/strong><br \/>\n<strong>Nom du promoteur<\/strong>\u00a0: <strong><em>JANUARIUS JINGWA ASONGU<\/em><\/strong><br \/>\n<strong>R\u00e9gion\u00a0<\/strong>: Sud-Ouest<br \/>\n<strong>D\u00e9partement\u00a0<\/strong>: Fako<br \/>\n<strong>Arrondissement\u00a0<\/strong>: Buea<br \/>\n<strong>Site de localisation\u00a0<\/strong>:<br \/>\n<strong>Adresse postale<\/strong>\u00a0: <strong>B.P<\/strong>.\u00a0132<br \/>\n<strong>T\u00e9l\u00e9phone\u00a0<\/strong>: +237 677 64 86 87<br \/>\n<strong>Email<\/strong>\u00a0:<br \/>\n<strong>Site web<\/strong>\u00a0:<br \/>\n<strong>Adresse dans les r\u00e9seaux sociaux\u00a0<\/strong>:<\/p>\n<p><strong>INFORMATIONS SUR LE STATUT D\u2019ACCR\u00c9DITATION<\/strong><\/p>\n<p><strong>Arr\u00eat\u00e9s portant cr\u00e9ation <\/strong>: N\u00b014\/0028\/MINESUP\/SG\/DDES du 11 mars 2014<br \/>\n<strong>Autorisation d\u2019ouverture<\/strong>\u00a0: N\u00b014\/0398\/MINESUP\/SG\/DDES\/ du 04 juillet 2014<\/p>\n<p><strong>FILI\u00c8RES, SP\u00c9CIALIT\u00c9S ET DIPL\u00d4MES AUTORIS\u00c9S<\/strong><\/p>\n<p><strong>Dipl\u00f4me HND<\/strong><\/p>\n<p><strong><u>Fili\u00e8re 1<\/u><\/strong><strong>\u00a0: Business, Finance and Management<\/strong><\/p>\n<p><strong><u>Sp\u00e9cialit\u00e9s<\/u><\/strong><strong>\u00a0<\/strong>: Accountancy &#8211; Banking and Finance\u00a0&#8211; Insurance &#8211; Management\u00a0&#8211; Marketing.<\/p>\n<p><strong><u>Fili\u00e8re 2<\/u><\/strong><strong>\u00a0: Information Communication<\/strong><\/p>\n<p><strong><u>Sp\u00e9cialit\u00e9<\/u><\/strong><strong>\u00a0<\/strong>: Journalism (<em><u>Option<\/u><\/em>\u00a0: Print Journalism).<\/p>\n<p><strong>Dipl\u00f4me <\/strong>Bachelor and Master Degree\u2019s de Saint Monica University et Saint John of Cross University<\/p>\n<p><strong><u>Fili\u00e8re 1<\/u><\/strong><strong>\u00a0: Arts, Education and Humanities<\/strong><\/p>\n<p><strong><u>Sp\u00e9cialit\u00e9s<\/u><\/strong><strong>\u00a0<\/strong>: Communication &#8211; Education &#8211; Philosophy &#8211; Theology.<\/p>\n<p><strong><u>Fili\u00e8re 2<\/u><\/strong><strong>\u00a0: Business and Public Policy<\/strong><\/p>\n<p><strong><u>Sp\u00e9cialit\u00e9s<\/u><\/strong><strong>\u00a0<\/strong>:Public Administration &#8211; International Relations &#8211; Conflict Resolution and Peace Studies &#8211; Human Right Local Government Administration.<\/p>\n<p><strong><u>Fili\u00e8re 3<\/u><\/strong><strong>\u00a0: Business Administration<\/strong><\/p>\n<p><strong><u>Sp\u00e9cialit\u00e9s<\/u><\/strong><strong>\u00a0<\/strong>:Accounting &#8211; Banking and Finance &#8211; Management &#8211; Human Resource Management &#8211; Petroleum Management &#8211; Logistics and Supply Chain Management &#8211; Marketing &#8211; Ports and Maritime Management &#8211; Insurance and Risk Management.<\/p>\n<p><strong><u>Fili\u00e8re 4<\/u><\/strong><strong>\u00a0: Health and Human Services<\/strong><\/p>\n<p><strong><u>Sp\u00e9cialit\u00e9s<\/u><\/strong><strong>\u00a0<\/strong>: Nursing &#8211; Medical Science &#8211; Medical Laboratory Science &#8211; Public Health &#8211; Medical Microbiology and Parasitology &#8211; Clinical Psychology &#8211; Physician Assistant.<\/p>\n<p><strong><u>Fili\u00e8re 5<\/u><\/strong><strong>\u00a0: Science, Engineering and Technology<\/strong><\/p>\n<p><strong><u>Sp\u00e9cialit\u00e9<\/u><\/strong><strong>\u00a0<\/strong>: Agriculture.<\/p>\n<p>&nbsp;<\/p>\n","protected":false},"excerpt":{"rendered":"<p>&#46;&#46;&#46;<\/p>\n","protected":false},"author":2,"featured_media":0,"parent":1753,"menu_order":0,"comment_status":"closed","ping_status":"closed","template":"","meta":[],"_links":{"self":[{"href":"https:\/\/www.minesup.gov.cm\/index.php\/wp-json\/wp\/v2\/pages\/8111"}],"collection":[{"href":"https:\/\/www.minesup.gov.cm\/index.php\/wp-json\/wp\/v2\/pages"}],"about":[{"href":"https:\/\/www.minesup.gov.cm\/index.php\/wp-json\/wp\/v2\/types\/page"}],"author":[{"embeddable":true,"href":"https:\/\/www.minesup.gov.cm\/index.php\/wp-json\/wp\/v2\/users\/2"}],"replies":[{"embeddable":true,"href":"https:\/\/www.minesup.gov.cm\/index.php\/wp-json\/wp\/v2\/comments?post=8111"}],"version-history":[{"count":0,"href":"https:\/\/www.minesup.gov.cm\/index.php\/wp-json\/wp\/v2\/pages\/8111\/revisions"}],"up":[{"embeddable":true,"href":"https:\/\/www.minesup.gov.cm\/index.php\/wp-json\/wp\/v2\/pages\/1753"}],"wp:attachment":[{"href":"https:\/\/www.minesup.gov.cm\/index.php\/wp-json\/wp\/v2\/media?parent=8111"}],"curies":[{"name":"wp","href":"https:\/\/api.w.org\/{rel}","templated":true}]}}