{"id":8115,"date":"2019-06-25T12:56:12","date_gmt":"2019-06-25T10:56:12","guid":{"rendered":"https:\/\/minesup.gov.cm\/?page_id=8115"},"modified":"2019-06-25T12:56:12","modified_gmt":"2019-06-25T10:56:12","slug":"trustech-higher-institute-of-technology-and-professional-management","status":"publish","type":"page","link":"https:\/\/www.minesup.gov.cm\/index.php\/region-du-sud-ouest\/trustech-higher-institute-of-technology-and-professional-management\/","title":{"rendered":"TRUSTECH Higher Institute of Technology and Professional Management"},"content":{"rendered":"<p><strong>INFORMATIONS D\u2019IDENTIFICATION<\/strong><\/p>\n<p><strong>Nom de l\u2019institution\u00a0<\/strong>: <strong>TRUSTECH Higher Institute of Technology and Professional Management<\/strong><br \/>\n<strong>Nom du promoteur<\/strong>\u00a0: <strong><em>AKWICHEK Peter FORKIM<\/em><\/strong><br \/>\n<strong>R\u00e9gion\u00a0<\/strong>: Sud-Ouest<br \/>\n<strong>D\u00e9partement\u00a0<\/strong>: Fako<br \/>\n<strong>Arrondissement\u00a0<\/strong>: Buea<br \/>\n<strong>Site de localisation\u00a0<\/strong>: <strong>Buea <\/strong>(Molyko)<br \/>\n<strong>Adresse postale<\/strong>\u00a0: <strong>B.P<\/strong>.<br \/>\n<strong>T\u00e9l\u00e9phone\u00a0<\/strong>: +237<br \/>\n<strong>Email<\/strong>\u00a0:<br \/>\n<strong>Site web<\/strong>\u00a0:<br \/>\n<strong>Adresse dans les r\u00e9seaux sociaux\u00a0<\/strong>:<\/p>\n<p><strong>INFORMATIONS SUR LE STATUT D\u2019ACCR\u00c9DITATION<\/strong><\/p>\n<p><strong>Arr\u00eat\u00e9s portant cr\u00e9ation <\/strong>:<br \/>\n<strong>Autorisation d\u2019ouverture<\/strong>\u00a0:<\/p>\n<p><strong>FILI\u00c8RES, SP\u00c9CIALIT\u00c9S ET DIPL\u00d4MES AUTORIS\u00c9S<\/strong><\/p>\n<p><strong>Dipl\u00f4me <\/strong><\/p>\n<p><strong><u>Fili\u00e8re\u00a01<\/u><\/strong><strong> : Business, Finance and Management<\/strong><\/p>\n<p><strong><u>Sp\u00e9cialit\u00e9s<\/u><\/strong> : Accountancy &#8211; Management &#8211; Marketing &#8211; Banking and Finance &#8211; Insurance &#8211; Public\u00a0 Service and Administration &#8211; Secretarial Studies and Business and Information and Technology.<\/p>\n<p><strong><u>Fili\u00e8re\u00a02<\/u><\/strong> :<strong> Engineering and Technology<\/strong><\/p>\n<p><strong><u>Sp\u00e9cialit\u00e9s<\/u><\/strong> : Computer Maintenance &#8211; Computer Engineering<\/p>\n<p><strong>Dipl\u00f4me HPD<\/strong><\/p>\n<p><strong><u>Fili\u00e8re 1<\/u><\/strong> <strong>: Small and Medium size Enterprise<\/strong><\/p>\n<p><strong><u>Sp\u00e9cialit\u00e9<\/u><\/strong> : Human resources Management<\/p>\n<p><strong><u>Fili\u00e8re 2<\/u><\/strong> <strong>: Informatique<\/strong><\/p>\n<p><strong><u>Sp\u00e9cialit\u00e9<\/u><\/strong> : Information Technology (<em><u>Option<\/u><\/em>\u00a0: G\u00e9nie Informatique)<\/p>\n<p>&nbsp;<\/p>\n<p>&nbsp;<\/p>\n","protected":false},"excerpt":{"rendered":"<p>&#46;&#46;&#46;<\/p>\n","protected":false},"author":2,"featured_media":0,"parent":1753,"menu_order":0,"comment_status":"closed","ping_status":"closed","template":"","meta":[],"_links":{"self":[{"href":"https:\/\/www.minesup.gov.cm\/index.php\/wp-json\/wp\/v2\/pages\/8115"}],"collection":[{"href":"https:\/\/www.minesup.gov.cm\/index.php\/wp-json\/wp\/v2\/pages"}],"about":[{"href":"https:\/\/www.minesup.gov.cm\/index.php\/wp-json\/wp\/v2\/types\/page"}],"author":[{"embeddable":true,"href":"https:\/\/www.minesup.gov.cm\/index.php\/wp-json\/wp\/v2\/users\/2"}],"replies":[{"embeddable":true,"href":"https:\/\/www.minesup.gov.cm\/index.php\/wp-json\/wp\/v2\/comments?post=8115"}],"version-history":[{"count":0,"href":"https:\/\/www.minesup.gov.cm\/index.php\/wp-json\/wp\/v2\/pages\/8115\/revisions"}],"up":[{"embeddable":true,"href":"https:\/\/www.minesup.gov.cm\/index.php\/wp-json\/wp\/v2\/pages\/1753"}],"wp:attachment":[{"href":"https:\/\/www.minesup.gov.cm\/index.php\/wp-json\/wp\/v2\/media?parent=8115"}],"curies":[{"name":"wp","href":"https:\/\/api.w.org\/{rel}","templated":true}]}}