{"id":8123,"date":"2019-06-25T13:02:43","date_gmt":"2019-06-25T11:02:43","guid":{"rendered":"https:\/\/minesup.gov.cm\/?page_id=8123"},"modified":"2019-06-25T13:02:43","modified_gmt":"2019-06-25T11:02:43","slug":"ejed-higher-institute-of-management-and-biomedical-sciences-ehimbs","status":"publish","type":"page","link":"https:\/\/www.minesup.gov.cm\/index.php\/region-du-sud-ouest\/ejed-higher-institute-of-management-and-biomedical-sciences-ehimbs\/","title":{"rendered":"Ejed Higher Institute of Management and Biomedical Sciences (EHIMBS)"},"content":{"rendered":"<p><strong>INFORMATIONS D\u2019IDENTIFICATION<\/strong><\/p>\n<p><strong>Nom de l\u2019institution\u00a0<\/strong>: <strong>Ejed Higher Institute of Management and Biomedical Sciences (EHIMBS)<\/strong><br \/>\n<strong>Nom du promoteur<\/strong>\u00a0: <strong><em>Dr. NZUME Gilbert NKWELLE<\/em><\/strong><br \/>\n<strong>R\u00e9gion\u00a0<\/strong>: Sud-Ouest<br \/>\n<strong>D\u00e9partement\u00a0<\/strong>: Meme<br \/>\n<strong>Arrondissement\u00a0<\/strong>: Kumba<br \/>\n<strong>Site de localisation\u00a0<\/strong>: Kumba<br \/>\n<strong>Adresse postale<\/strong>\u00a0: <strong>B.P<\/strong>.\u00a0343<\/p>\n<p><strong>T\u00e9l\u00e9phone\u00a0<\/strong>: +237 677\u00a0753 570<br \/>\n<strong>Email<\/strong>\u00a0:<br \/>\n<strong>Site web<\/strong>\u00a0:<br \/>\n<strong>Adresse dans les r\u00e9seaux sociaux\u00a0<\/strong>:<\/p>\n<p><strong>INFORMATIONS SUR LE STATUT D\u2019ACCR\u00c9DITATION<\/strong><\/p>\n<p><strong>Arr\u00eat\u00e9s portant cr\u00e9ation <\/strong>: N\u00b016-06583\/N\/MINESUP\/SG\/DDES\/ESUP\/SDA\/NJN\/ebm du 28 juin 2016<\/p>\n<p><strong>Autorisation d\u2019ouverture<\/strong>\u00a0: N\u00b016-06583\/N\/MINESUP\/SG\/DDES\/ESUP\/SDA\/NJN\/ebm du 28 juin 2016<\/p>\n<p>&nbsp;<\/p>\n<p><strong>FILI\u00c8RES, SP\u00c9CIALIT\u00c9S ET DIPL\u00d4MES AUTORIS\u00c9ES<\/strong><\/p>\n<p><strong>Dipl\u00f4me\u00a0: HND<\/strong><\/p>\n<p><strong><u>Fili\u00e8re 1<\/u><\/strong><strong> : Biomedical Science<\/strong><\/p>\n<p><strong><u>Sp\u00e9cialit\u00e9s<\/u><\/strong> : Nursing &#8211; Medical Laboratory Studies &#8211; Midwifery &#8211; Nutrition and Health Care Management.<\/p>\n<p><strong><u>Fili\u00e8re\u00a02<\/u><\/strong><strong>: Medico-sanitary Science<\/strong><\/p>\n<p><strong><u>Sp\u00e9cialit\u00e9s<\/u><\/strong> : Physiotherapy &#8211; Medical Imaging.<\/p>\n<p><strong><u>Fili\u00e8re 3<\/u><\/strong><strong> : Business, Finance and Management<\/strong><\/p>\n<p><strong><u>Sp\u00e9cialit\u00e9s<\/u><\/strong> : Accountancy &#8211; Banking and Finance &#8211; Marketing &#8211; Management.<\/p>\n<p><strong><u>Fili\u00e8re\u00a04 <\/u><\/strong><strong>: Education and Professional Development<\/strong><\/p>\n<p><strong><u>Sp\u00e9cialit\u00e9<\/u><\/strong> : Teaching Education and Didactics.<\/p>\n<p><strong><u>Fili\u00e8re 5<\/u><\/strong><strong> : Communication<\/strong><\/p>\n<p><strong><u>Sp\u00e9cialit\u00e9<\/u><\/strong> : Journalism and Media (Option: Journalism).<\/p>\n<p>&nbsp;<\/p>\n<p>&nbsp;<\/p>\n<p>&nbsp;<\/p>\n","protected":false},"excerpt":{"rendered":"<p>&#46;&#46;&#46;<\/p>\n","protected":false},"author":2,"featured_media":0,"parent":1753,"menu_order":0,"comment_status":"closed","ping_status":"closed","template":"","meta":[],"_links":{"self":[{"href":"https:\/\/www.minesup.gov.cm\/index.php\/wp-json\/wp\/v2\/pages\/8123"}],"collection":[{"href":"https:\/\/www.minesup.gov.cm\/index.php\/wp-json\/wp\/v2\/pages"}],"about":[{"href":"https:\/\/www.minesup.gov.cm\/index.php\/wp-json\/wp\/v2\/types\/page"}],"author":[{"embeddable":true,"href":"https:\/\/www.minesup.gov.cm\/index.php\/wp-json\/wp\/v2\/users\/2"}],"replies":[{"embeddable":true,"href":"https:\/\/www.minesup.gov.cm\/index.php\/wp-json\/wp\/v2\/comments?post=8123"}],"version-history":[{"count":0,"href":"https:\/\/www.minesup.gov.cm\/index.php\/wp-json\/wp\/v2\/pages\/8123\/revisions"}],"up":[{"embeddable":true,"href":"https:\/\/www.minesup.gov.cm\/index.php\/wp-json\/wp\/v2\/pages\/1753"}],"wp:attachment":[{"href":"https:\/\/www.minesup.gov.cm\/index.php\/wp-json\/wp\/v2\/media?parent=8123"}],"curies":[{"name":"wp","href":"https:\/\/api.w.org\/{rel}","templated":true}]}}