{"id":8127,"date":"2019-06-25T13:06:16","date_gmt":"2019-06-25T11:06:16","guid":{"rendered":"https:\/\/minesup.gov.cm\/?page_id=8127"},"modified":"2019-06-25T13:06:16","modified_gmt":"2019-06-25T11:06:16","slug":"gulf-field-higher-institute-of-petroleum-mining-business-and-management-sciences-gfhip","status":"publish","type":"page","link":"https:\/\/www.minesup.gov.cm\/index.php\/region-du-sud-ouest\/gulf-field-higher-institute-of-petroleum-mining-business-and-management-sciences-gfhip\/","title":{"rendered":"Gulf-Field Higher Institute of Petroleum, Mining, Business and Management Sciences (GFHIP)"},"content":{"rendered":"<p><strong>INFORMATIONS D\u2019IDENTIFICATION<\/strong><\/p>\n<p><strong>Nom de l\u2019institution\u00a0<\/strong>: <strong>Gulf-Field Higher Institute of Petroleum, Mining, Business and Management Sciences (GFHIP)<\/strong><br \/>\n<strong>Nom du promoteur<\/strong>\u00a0: <strong><em>KUMASE Simon POWOH<\/em><\/strong><br \/>\n<strong>R\u00e9gion\u00a0<\/strong>: Sud-Ouest<br \/>\n<strong>D\u00e9partement\u00a0<\/strong>: Fako<br \/>\n<strong>Arrondissement\u00a0<\/strong>: Limbe<br \/>\n<strong>Site de localisation\u00a0<\/strong>: Limbe<br \/>\n<strong>Adresse postale<\/strong>\u00a0: <strong>B.P<\/strong>.\u00a08060<br \/>\n<strong>T\u00e9l\u00e9phone\u00a0<\/strong>: +237 676\u00a0815 424<br \/>\n<strong>Email<\/strong>\u00a0:<br \/>\n<strong>Site web<\/strong>\u00a0:<br \/>\n<strong>Adresse dans les r\u00e9seaux sociaux\u00a0<\/strong>:<\/p>\n<p><strong>INFORMATIONS SUR LE STATUT D\u2019ACCR\u00c9DITATION<\/strong><\/p>\n<p><strong>Arr\u00eat\u00e9s portant cr\u00e9ation <\/strong>: N\u00b017-08249\/L\/MINESUP\/SG\/DDES\/ESUP\/SDA\/OAGS du 09 ao\u00fbt 2017<br \/>\n<strong>Autorisation d\u2019ouverture<\/strong>\u00a0: N\u00b017-08249\/L\/MINESUP\/SG\/DDES\/ESUP\/SDA\/OAGS du 09 ao\u00fbt 2017<\/p>\n<p><strong>FILI\u00c8RES, SP\u00c9CIALIT\u00c9S ET DIPL\u00d4MES AUTORIS\u00c9ES<\/strong><\/p>\n<p><strong>Dipl\u00f4me HND<\/strong><\/p>\n<p><strong><u>Fili\u00e8re<\/u><\/strong><strong>\u00a0: Business, Finance and Management<\/strong><\/p>\n<p><strong><u>Sp\u00e9cialit\u00e9s<\/u><\/strong>\u00a0: Banking and Finance &#8211; Marketing &#8211; Management &#8211; Insurance &#8211; Accountancy &#8211; Secretarial Studies, Public Service and Administration &#8211; Business and Information Technology &#8211; Transport and Logistic.<\/p>\n<p>&nbsp;<\/p>\n<p>&nbsp;<\/p>\n<p>&nbsp;<\/p>\n","protected":false},"excerpt":{"rendered":"<p>&#46;&#46;&#46;<\/p>\n","protected":false},"author":2,"featured_media":0,"parent":1753,"menu_order":0,"comment_status":"closed","ping_status":"closed","template":"","meta":[],"_links":{"self":[{"href":"https:\/\/www.minesup.gov.cm\/index.php\/wp-json\/wp\/v2\/pages\/8127"}],"collection":[{"href":"https:\/\/www.minesup.gov.cm\/index.php\/wp-json\/wp\/v2\/pages"}],"about":[{"href":"https:\/\/www.minesup.gov.cm\/index.php\/wp-json\/wp\/v2\/types\/page"}],"author":[{"embeddable":true,"href":"https:\/\/www.minesup.gov.cm\/index.php\/wp-json\/wp\/v2\/users\/2"}],"replies":[{"embeddable":true,"href":"https:\/\/www.minesup.gov.cm\/index.php\/wp-json\/wp\/v2\/comments?post=8127"}],"version-history":[{"count":0,"href":"https:\/\/www.minesup.gov.cm\/index.php\/wp-json\/wp\/v2\/pages\/8127\/revisions"}],"up":[{"embeddable":true,"href":"https:\/\/www.minesup.gov.cm\/index.php\/wp-json\/wp\/v2\/pages\/1753"}],"wp:attachment":[{"href":"https:\/\/www.minesup.gov.cm\/index.php\/wp-json\/wp\/v2\/media?parent=8127"}],"curies":[{"name":"wp","href":"https:\/\/api.w.org\/{rel}","templated":true}]}}