{"id":8135,"date":"2019-06-25T13:14:24","date_gmt":"2019-06-25T11:14:24","guid":{"rendered":"https:\/\/minesup.gov.cm\/?page_id=8135"},"modified":"2024-05-22T14:35:26","modified_gmt":"2024-05-22T13:35:26","slug":"rapha-higher-institute-of-health-and-biomedical-sciences-kumba-raphihk","status":"publish","type":"page","link":"https:\/\/www.minesup.gov.cm\/index.php\/region-du-sud-ouest\/rapha-higher-institute-of-health-and-biomedical-sciences-kumba-raphihk\/","title":{"rendered":"Rapha Higher Institute of Health and Biomedical Sciences Kumba (RAPHIHK)"},"content":{"rendered":"<p style=\"text-align: center;\"><strong>INFORMATIONS D\u2019IDENTIFICATION<\/strong><\/p>\n<p><strong>Nom de l\u2019institution\u00a0<\/strong>: <strong>Rapha Higher Institute of Health and Biomedical Sciences Kumba (RAPHIHK)<\/strong><br \/>\n<strong>Nom du promoteur<\/strong>\u00a0: <em>Rev<strong>. NJAYO David NJEMO<\/strong><\/em><br \/>\n<strong>R\u00e9gion\u00a0<\/strong>: Sud-Ouest<br \/>\n<strong>D\u00e9partement\u00a0<\/strong>: Meme<br \/>\n<strong>Arrondissement\u00a0<\/strong>: Kumba<br \/>\n<strong>Site de localisation\u00a0<\/strong>: <strong>Kumba <\/strong>(Mukube Street)<br \/>\n<strong>Adresse postale<\/strong> : 75<br \/>\n<strong>T\u00e9l\u00e9phone\u00a0<\/strong>: +237 677\u00a0217192\/ 699\u00a0980904<br \/>\n<strong>Email<\/strong>\u00a0:<br \/>\n<strong>Site web<\/strong>\u00a0:<br \/>\n<strong>Adresse dans les r\u00e9seaux sociaux\u00a0<\/strong>:<\/p>\n<p style=\"text-align: center;\"><strong>INFORMATIONS SUR LE STATUT D\u2019ACCR\u00c9DITATION<\/strong><\/p>\n<p><strong>Arr\u00eat\u00e9s portant cr\u00e9ation <\/strong>: N\u00b013\/0404\/MINESUP\/SG\/DDES du 10 septembre 2013<br \/>\n<strong>Autorisation d\u2019ouverture<\/strong>\u00a0:<\/p>\n<p style=\"text-align: center;\"><strong>FILI\u00c8RES, SP\u00c9CIALIT\u00c9S ET DIPL\u00d4MES AUTORIS\u00c9ES<\/strong><\/p>\n<p><strong>Diploma: HND\/Associate<\/strong><br \/>\n<strong><u>Fili\u00e8re 1<\/u><\/strong>\u00a0: <strong>Biom\u00e9dical Studies<\/strong><br \/>\n<strong><u>Sp\u00e9cialit\u00e9s<\/u><\/strong>\u00a0: Medical Laboratory Science &#8211; Nursing.<br \/>\n<strong><u>Fili\u00e8re 2<\/u><\/strong>\u00a0: <strong>Business Finance and Management<\/strong><\/p>\n","protected":false},"excerpt":{"rendered":"<p>&#46;&#46;&#46;<\/p>\n","protected":false},"author":2,"featured_media":0,"parent":1753,"menu_order":0,"comment_status":"closed","ping_status":"closed","template":"","meta":[],"_links":{"self":[{"href":"https:\/\/www.minesup.gov.cm\/index.php\/wp-json\/wp\/v2\/pages\/8135"}],"collection":[{"href":"https:\/\/www.minesup.gov.cm\/index.php\/wp-json\/wp\/v2\/pages"}],"about":[{"href":"https:\/\/www.minesup.gov.cm\/index.php\/wp-json\/wp\/v2\/types\/page"}],"author":[{"embeddable":true,"href":"https:\/\/www.minesup.gov.cm\/index.php\/wp-json\/wp\/v2\/users\/2"}],"replies":[{"embeddable":true,"href":"https:\/\/www.minesup.gov.cm\/index.php\/wp-json\/wp\/v2\/comments?post=8135"}],"version-history":[{"count":2,"href":"https:\/\/www.minesup.gov.cm\/index.php\/wp-json\/wp\/v2\/pages\/8135\/revisions"}],"predecessor-version":[{"id":18604,"href":"https:\/\/www.minesup.gov.cm\/index.php\/wp-json\/wp\/v2\/pages\/8135\/revisions\/18604"}],"up":[{"embeddable":true,"href":"https:\/\/www.minesup.gov.cm\/index.php\/wp-json\/wp\/v2\/pages\/1753"}],"wp:attachment":[{"href":"https:\/\/www.minesup.gov.cm\/index.php\/wp-json\/wp\/v2\/media?parent=8135"}],"curies":[{"name":"wp","href":"https:\/\/api.w.org\/{rel}","templated":true}]}}