{"id":8137,"date":"2019-06-25T13:17:02","date_gmt":"2019-06-25T11:17:02","guid":{"rendered":"https:\/\/minesup.gov.cm\/?page_id=8137"},"modified":"2019-06-25T13:17:02","modified_gmt":"2019-06-25T11:17:02","slug":"swisslink-higher-institute-of-business-and-technology-shibat","status":"publish","type":"page","link":"https:\/\/www.minesup.gov.cm\/index.php\/region-du-sud-ouest\/swisslink-higher-institute-of-business-and-technology-shibat\/","title":{"rendered":"Swisslink Higher Institute of Business and Technology (SHIBAT)"},"content":{"rendered":"<p><strong>INFORMATIONS D\u2019IDENTIFICATION<\/strong><\/p>\n<p><strong>Nom de l\u2019institution\u00a0<\/strong>: <strong>Swisslink Higher Institute of Business and Technology (SHIBAT)<\/strong><br \/>\n<strong>Nom du promoteur<\/strong>\u00a0: <strong><em>Carlson EYONGABI NGWA<\/em><\/strong><br \/>\n<strong>R\u00e9gion\u00a0<\/strong>: Sud-Ouest<br \/>\n<strong>D\u00e9partement\u00a0<\/strong>: Meme<br \/>\n<strong>Arrondissement\u00a0<\/strong>: Kumba<br \/>\n<strong>Site de localisation\u00a0<\/strong>: Kumba<br \/>\n<strong>Adresse postale<\/strong>\u00a0: <strong>B.P<\/strong>.\u00a0682<br \/>\n<strong>T\u00e9l\u00e9phone\u00a0<\/strong>: +237 677\u00a0625 658<br \/>\n<strong>Email<\/strong>\u00a0:<br \/>\n<strong>Site web<\/strong>\u00a0:<br \/>\n<strong>Adresse dans les r\u00e9seaux sociaux\u00a0<\/strong>:<\/p>\n<p><strong>INFORMATIONS SUR LE STATUT D\u2019ACCR\u00c9DITATION<\/strong><\/p>\n<p><strong>Arr\u00eat\u00e9s portant cr\u00e9ation <\/strong>: N\u00b017-05325\/L\/MINESUP\/SG\/DDES\/ESUP\/SDA\/AOSB du 23 mai 2017<br \/>\n<strong>Autorisation d\u2019ouverture<\/strong>\u00a0: N\u00b017-05325\/L\/MINESUP\/SG\/DDES\/ESUP\/SDA\/AOSB du 23 mai 2017<\/p>\n<p><strong>FILI\u00c8RES, SP\u00c9CIALIT\u00c9S ET DIPL\u00d4MES AUTORIS\u00c9ES<\/strong><\/p>\n<p><strong>Dipl\u00f4me HND<\/strong><\/p>\n<p><strong><u>Fili\u00e8re 1<\/u><\/strong><strong>: Business, Finance and Management<\/strong><\/p>\n<p><strong><u>Sp\u00e9cialit\u00e9s<\/u><\/strong> :Accountancy- Marketing-Management -Banking and Finance &#8211; Insurance -Secretarial Studies, Public Services and Administration (<em><u>Options<\/u><\/em>: Executive Secretarial Studies; Bilingual Secretarial Studies; Public Services and Administration)-Transport and Logistics Management.<\/p>\n<p><strong><u>Fili\u00e8re 2<\/u><\/strong><strong>: Engineering and Technology\u00a0\u00a0\u00a0\u00a0 <\/strong><\/p>\n<p><strong><u>Sp\u00e9cialit\u00e9s<\/u><\/strong>: Electrical and Electronics Engineering (<em><u>Options<\/u><\/em>: Electrical Power System;Information and Communication Technology (ICT); Telecommunication) -Computer Engineering (<u>Options<\/u>: Hardware Maintenance ; Software Engineering and Computing).<\/p>\n<p><strong><u>Fili\u00e8re 2<\/u><\/strong><strong>: Education and Professional Development<\/strong><\/p>\n<p><u>Sp\u00e9cialit\u00e9s<\/u>: Education (<em><u>Option<\/u><\/em>: Didactics, Educational Planning and Curriculum Development)- Vocational Guidance and Student Counseling.<\/p>\n<p>&nbsp;<\/p>\n<p>&nbsp;<\/p>\n","protected":false},"excerpt":{"rendered":"<p>&#46;&#46;&#46;<\/p>\n","protected":false},"author":2,"featured_media":0,"parent":1753,"menu_order":0,"comment_status":"closed","ping_status":"closed","template":"","meta":[],"_links":{"self":[{"href":"https:\/\/www.minesup.gov.cm\/index.php\/wp-json\/wp\/v2\/pages\/8137"}],"collection":[{"href":"https:\/\/www.minesup.gov.cm\/index.php\/wp-json\/wp\/v2\/pages"}],"about":[{"href":"https:\/\/www.minesup.gov.cm\/index.php\/wp-json\/wp\/v2\/types\/page"}],"author":[{"embeddable":true,"href":"https:\/\/www.minesup.gov.cm\/index.php\/wp-json\/wp\/v2\/users\/2"}],"replies":[{"embeddable":true,"href":"https:\/\/www.minesup.gov.cm\/index.php\/wp-json\/wp\/v2\/comments?post=8137"}],"version-history":[{"count":0,"href":"https:\/\/www.minesup.gov.cm\/index.php\/wp-json\/wp\/v2\/pages\/8137\/revisions"}],"up":[{"embeddable":true,"href":"https:\/\/www.minesup.gov.cm\/index.php\/wp-json\/wp\/v2\/pages\/1753"}],"wp:attachment":[{"href":"https:\/\/www.minesup.gov.cm\/index.php\/wp-json\/wp\/v2\/media?parent=8137"}],"curies":[{"name":"wp","href":"https:\/\/api.w.org\/{rel}","templated":true}]}}