{"id":8139,"date":"2019-06-25T13:20:32","date_gmt":"2019-06-25T11:20:32","guid":{"rendered":"https:\/\/minesup.gov.cm\/?page_id=8139"},"modified":"2019-06-25T13:20:32","modified_gmt":"2019-06-25T11:20:32","slug":"higher-institute-of-technology-2","status":"publish","type":"page","link":"https:\/\/www.minesup.gov.cm\/index.php\/region-du-sud-ouest\/higher-institute-of-technology-2\/","title":{"rendered":"Higher Institute of Technology"},"content":{"rendered":"<p><strong>INFORMATIONS D\u2019IDENTIFICATION<\/strong><\/p>\n<p><strong>Nom de l\u2019institution\u00a0<\/strong>: <strong>Higher Institute of Technology<\/strong><br \/>\n<strong>Nom du promoteur\u00a0:<\/strong>\u00a0<strong><em>Arrey Paul ABUNAW<\/em><\/strong><br \/>\n<strong>R\u00e9gion\u00a0<\/strong>: Sud-Ouest<br \/>\n<strong>D\u00e9partement\u00a0<\/strong>: Fako<br \/>\n<strong>Arrondissement\u00a0<\/strong>: Buea<br \/>\n<strong>Site de localisation\u00a0<\/strong>: <strong>Buea <\/strong>(Great Soppo)<br \/>\n<strong>Adresse postale<\/strong>\u00a0: <strong>B.P<\/strong>.\u00a063<br \/>\n<strong>T\u00e9l\u00e9phone\u00a0<\/strong>: +237 677 73 39 87<br \/>\n<strong>Email<\/strong>\u00a0:<br \/>\n<strong>Site web<\/strong>\u00a0:<br \/>\n<strong>Adresse dans les r\u00e9seaux sociaux\u00a0<\/strong>:<\/p>\n<p><strong>INFORMATIONS SUR LE STATUT D\u2019ACCR\u00c9DITATION<\/strong><\/p>\n<p><strong>Arr\u00eat\u00e9s portant cr\u00e9ation <\/strong>: N\u00b008\/00098\/MINESUP du <strong>05 mai 2008<\/strong><br \/>\n<strong>Autorisation d\u2019ouverture<\/strong>\u00a0: N\u00b008\/0108\/MINESUP du 05 mai 2008<\/p>\n<p><strong>FILI\u00c8RES, SP\u00c9CIALIT\u00c9S ET DIPL\u00d4MES AUTORIS\u00c9S<\/strong><\/p>\n<p><strong>Dipl\u00f4me HND<\/strong><\/p>\n<p><strong><u>Fili\u00e8re\u00a01<\/u><\/strong><strong> : Business, Finance and Management<\/strong><\/p>\n<p><strong><u>Sp\u00e9cialit\u00e9s<\/u><\/strong> : Banking and Finance &#8211; Management &#8211; Marketing &#8211; Accountancy &#8211; Secretarial Studies, Public Service and Administration (<em><u>Options<\/u><\/em> : \u00a0Public Service and Administration, Executive Secretarial Studies) <strong>&#8211; <\/strong>Insurance -Business and Information Technology.<\/p>\n<p><strong><u>Fili\u00e8re\u00a02<\/u><\/strong> :<strong> Engineering and Technology<\/strong><\/p>\n<p><strong><u>Sp\u00e9cialit\u00e9s<\/u><\/strong> : Mechanical Engineering (<em><u>Option<\/u><\/em> : Mechanical Fabrication) &#8211; Computer Engineering (<em><u>Options<\/u><\/em> : Hardware Maintenance; Software Engineering and Computing) &#8211; Electrical and Electronics Engineering (<em><u>Options<\/u><\/em> : Information and Communication Technology; Electrical Power System; Telecommunication Audio Visual and Graphics Communication) &#8211; Civil and Structural Engineering (<em><u>Option<\/u><\/em> : Engineering Design; Architectural Engineering; Civil Engineering and Construction Management).<\/p>\n<p><strong><u>Fili\u00e8re 3<\/u><\/strong><strong> : \u00c9ducation and Professional Development<\/strong><\/p>\n<p><strong><u>Sp\u00e9cialit\u00e9s<\/u><\/strong> : Education (<em><u>Options<\/u><\/em> : Didactics and Continuing Education) &#8211; Counseling.<\/p>\n<p><strong>Dipl\u00f4me DSEP<\/strong><\/p>\n<p><strong><u>Fili\u00e8re\u00a01<\/u><\/strong><strong> : Informatique<\/strong><\/p>\n<p><strong><u>Sp\u00e9cialit\u00e9s<\/u><\/strong> : Maintenance Informatique &#8211; G\u00e9nie Informatique<\/p>\n<p><strong><u>Fili\u00e8re\u00a02<\/u><\/strong><strong> : G\u00e9nie Electrique et T\u00e9l\u00e9communication<\/strong><\/p>\n<p><strong><u>Sp\u00e9cialit\u00e9s<\/u><\/strong> : Electrique et Electronique (<em><u>Options<\/u><\/em>\u00a0: Electronique\u00a0; Electrotechnique) &#8211; T\u00e9l\u00e9communications et R\u00e9seaux.<\/p>\n<p>&nbsp;<\/p>\n<p>&nbsp;<\/p>\n","protected":false},"excerpt":{"rendered":"<p>&#46;&#46;&#46;<\/p>\n","protected":false},"author":2,"featured_media":0,"parent":1753,"menu_order":0,"comment_status":"closed","ping_status":"closed","template":"","meta":[],"_links":{"self":[{"href":"https:\/\/www.minesup.gov.cm\/index.php\/wp-json\/wp\/v2\/pages\/8139"}],"collection":[{"href":"https:\/\/www.minesup.gov.cm\/index.php\/wp-json\/wp\/v2\/pages"}],"about":[{"href":"https:\/\/www.minesup.gov.cm\/index.php\/wp-json\/wp\/v2\/types\/page"}],"author":[{"embeddable":true,"href":"https:\/\/www.minesup.gov.cm\/index.php\/wp-json\/wp\/v2\/users\/2"}],"replies":[{"embeddable":true,"href":"https:\/\/www.minesup.gov.cm\/index.php\/wp-json\/wp\/v2\/comments?post=8139"}],"version-history":[{"count":0,"href":"https:\/\/www.minesup.gov.cm\/index.php\/wp-json\/wp\/v2\/pages\/8139\/revisions"}],"up":[{"embeddable":true,"href":"https:\/\/www.minesup.gov.cm\/index.php\/wp-json\/wp\/v2\/pages\/1753"}],"wp:attachment":[{"href":"https:\/\/www.minesup.gov.cm\/index.php\/wp-json\/wp\/v2\/media?parent=8139"}],"curies":[{"name":"wp","href":"https:\/\/api.w.org\/{rel}","templated":true}]}}