{"id":8141,"date":"2019-06-25T13:30:25","date_gmt":"2019-06-25T11:30:25","guid":{"rendered":"https:\/\/minesup.gov.cm\/?page_id=8141"},"modified":"2019-06-25T23:10:48","modified_gmt":"2019-06-25T21:10:48","slug":"walya-sup-2","status":"publish","type":"page","link":"https:\/\/www.minesup.gov.cm\/index.php\/region-du-nord\/walya-sup-2\/","title":{"rendered":"WALYA SUP"},"content":{"rendered":"<p style=\"text-align: center;\"><strong>\u00a0<\/strong><strong>INFORMATIONS D\u2019IDENTIFICATION<\/strong><\/p>\n<p><strong>Nom de l\u2019institution\u00a0<\/strong>: WALYA SUP<br \/>\n<strong>Nom du promoteur<\/strong>\u00a0:<br \/>\n<strong>R\u00e9gion\u00a0<\/strong>: Nord<br \/>\n<strong>D\u00e9partement\u00a0<\/strong>:<br \/>\n<strong>Arrondissement\u00a0<\/strong>:<br \/>\n<strong>Site de localisation\u00a0<\/strong>: guere<br \/>\n<strong>Adresse postale<\/strong>\u00a0:<br \/>\n<strong>B.P<\/strong>.\u00a0:<br \/>\n<strong>T\u00e9l\u00e9phone\u00a0<\/strong>: +237<br \/>\n<strong>Email<\/strong>\u00a0:<br \/>\n<strong>Site web<\/strong>\u00a0:<br \/>\n<strong>Adresse dans les r\u00e9seaux sociaux\u00a0<\/strong>:<\/p>\n<p style=\"text-align: center;\"><strong>INFORMATIONS SUR LE STATUT D\u2019ACCR\u00c9DITATION<\/strong><\/p>\n<p><strong>Arr\u00eat\u00e9s portant cr\u00e9ation <\/strong>:<br \/>\n<strong>Autorisation d\u2019ouverture<\/strong>\u00a0:<\/p>\n<p style=\"text-align: center;\"><strong>FILI\u00c8RES, SP\u00c9CIALIT\u00c9S ET DIPL\u00d4MES AUTORIS\u00c9S<\/strong><\/p>\n<p><strong>Dipl\u00f4me BTS<\/strong><\/p>\n<p>Fili\u00e8re 1\u00a0: Commerciale et de gestion Sp\u00e9cialit\u00e9s (Action commerciale\u00a0; Comptabilit\u00e9 et gestion d\u2019entreprise\u00a0; Informatique de gestion\u00a0; Secr\u00e9tariat et bureautique)<\/p>\n","protected":false},"excerpt":{"rendered":"<p>&#46;&#46;&#46;<\/p>\n","protected":false},"author":2,"featured_media":0,"parent":1745,"menu_order":0,"comment_status":"closed","ping_status":"closed","template":"","meta":[],"_links":{"self":[{"href":"https:\/\/www.minesup.gov.cm\/index.php\/wp-json\/wp\/v2\/pages\/8141"}],"collection":[{"href":"https:\/\/www.minesup.gov.cm\/index.php\/wp-json\/wp\/v2\/pages"}],"about":[{"href":"https:\/\/www.minesup.gov.cm\/index.php\/wp-json\/wp\/v2\/types\/page"}],"author":[{"embeddable":true,"href":"https:\/\/www.minesup.gov.cm\/index.php\/wp-json\/wp\/v2\/users\/2"}],"replies":[{"embeddable":true,"href":"https:\/\/www.minesup.gov.cm\/index.php\/wp-json\/wp\/v2\/comments?post=8141"}],"version-history":[{"count":0,"href":"https:\/\/www.minesup.gov.cm\/index.php\/wp-json\/wp\/v2\/pages\/8141\/revisions"}],"up":[{"embeddable":true,"href":"https:\/\/www.minesup.gov.cm\/index.php\/wp-json\/wp\/v2\/pages\/1745"}],"wp:attachment":[{"href":"https:\/\/www.minesup.gov.cm\/index.php\/wp-json\/wp\/v2\/media?parent=8141"}],"curies":[{"name":"wp","href":"https:\/\/api.w.org\/{rel}","templated":true}]}}